{"id":7945,"date":"2025-07-09T07:52:45","date_gmt":"2025-07-09T06:52:45","guid":{"rendered":"https:\/\/espacetechnologie.ma\/product\/sh-chargeur-de-voiture-3-en-1-double-usb-avec-interface-type\/"},"modified":"2025-08-03T07:07:08","modified_gmt":"2025-08-03T06:07:08","slug":"sh-chargeur-de-voiture-3-en-1-double-usb-avec-interface-type","status":"publish","type":"product","link":"https:\/\/espacetechnologie.ma\/ar\/product\/sh-chargeur-de-voiture-3-en-1-double-usb-avec-interface-type\/","title":{"rendered":"SH chargeur de voiture 3 en 1 double USB, avec Interface Type"},"content":{"rendered":"<p>Marteau de s\u00e9curit\u00e9: marteau de s\u00e9curit\u00e9 int\u00e9gr\u00e9 pour des besoins inattendus<br \/>\nCharge rapide: Qualcomm 3.0 vitesse de Charge rapide comme chargeur d&rsquo;origine<br \/>\nSortie USB-C: prise en charge des appareils de USB-C de charge comme les t\u00e9l\u00e9phones de Type C<br \/>\nCompatible universel: appliquez la tension 12V-32V Compatible \u00e0 la plupart des v\u00e9hicules et des dispositifs<br \/>\nchargement USB: 2USB + 1Type-C permet de charger 3 appareils en m\u00eame temps<\/p>","protected":false},"excerpt":{"rendered":"<p>Marteau de s\u00e9curit\u00e9: marteau de s\u00e9curit\u00e9 int\u00e9gr\u00e9 pour des besoins inattendus Charge rapide: Qualcomm 3.0 vitesse de Charge rapide comme chargeur d&rsquo;origine Sortie USB-C: prise en charge des appareils de USB-C de charge comme les t\u00e9l\u00e9phones de Type C Compatible universel: appliquez la tension 12V-32V Compatible \u00e0 la plupart des v\u00e9hicules et des dispositifs chargement [&hellip;]<\/p>\n","protected":false},"featured_media":7944,"comment_status":"open","ping_status":"closed","template":"","meta":{"event_title":"","event_details":"","event_timezone":"","event_gmap":"","event_image":"","event_image_url":"","event_calendar_link":"","event_location":"","event_datetime_with_summary":"","event_datetime":"","event_date_type":"","event_rulesummary":"","event_ticket_rsvp":"","_gspb_post_css":""},"product_brand":[],"product_cat":[114,85,84,113],"product_tag":[],"class_list":{"0":"post-7945","1":"product","2":"type-product","3":"status-publish","4":"has-post-thumbnail","6":"product_cat-accessoires-voiture","7":"product_cat-chargeurs-telephone","8":"product_cat-smartphone","9":"product_cat-voiture-moto","11":"first","12":"instock","13":"sale","14":"shipping-taxable","15":"purchasable","16":"product-type-simple"},"jetpack_sharing_enabled":true,"_links":{"self":[{"href":"https:\/\/espacetechnologie.ma\/ar\/wp-json\/wp\/v2\/product\/7945","targetHints":{"allow":["GET"]}}],"collection":[{"href":"https:\/\/espacetechnologie.ma\/ar\/wp-json\/wp\/v2\/product"}],"about":[{"href":"https:\/\/espacetechnologie.ma\/ar\/wp-json\/wp\/v2\/types\/product"}],"replies":[{"embeddable":true,"href":"https:\/\/espacetechnologie.ma\/ar\/wp-json\/wp\/v2\/comments?post=7945"}],"wp:featuredmedia":[{"embeddable":true,"href":"https:\/\/espacetechnologie.ma\/ar\/wp-json\/wp\/v2\/media\/7944"}],"wp:attachment":[{"href":"https:\/\/espacetechnologie.ma\/ar\/wp-json\/wp\/v2\/media?parent=7945"}],"wp:term":[{"taxonomy":"product_brand","embeddable":true,"href":"https:\/\/espacetechnologie.ma\/ar\/wp-json\/wp\/v2\/product_brand?post=7945"},{"taxonomy":"product_cat","embeddable":true,"href":"https:\/\/espacetechnologie.ma\/ar\/wp-json\/wp\/v2\/product_cat?post=7945"},{"taxonomy":"product_tag","embeddable":true,"href":"https:\/\/espacetechnologie.ma\/ar\/wp-json\/wp\/v2\/product_tag?post=7945"}],"curies":[{"name":"wp","href":"https:\/\/api.w.org\/{rel}","templated":true}]}}