{"id":7930,"date":"2025-07-09T07:52:41","date_gmt":"2025-07-09T06:52:41","guid":{"rendered":"https:\/\/espacetechnologie.ma\/product\/puluz-%d8%ae%d9%84%d9%81%d9%8a%d8%a9-%d8%b4%d8%a7%d8%b4%d8%a9-%d8%ae%d8%b6%d8%b1%d8%a7%d8%a1-%d9%85%d8%b9-%d8%af%d8%b9%d9%85-%d8%a7%d9%84%d8%a7%d8%b3%d8%aa%d9%88%d8%af%d9%8a%d9%88-%d9%88%d8%a7%d9%84\/"},"modified":"2025-08-02T13:27:05","modified_gmt":"2025-08-02T12:27:05","slug":"puluz-%d8%ae%d9%84%d9%81%d9%8a%d8%a9-%d8%b4%d8%a7%d8%b4%d8%a9-%d8%ae%d8%b6%d8%b1%d8%a7%d8%a1-%d9%85%d8%b9-%d8%af%d8%b9%d9%85-%d8%a7%d9%84%d8%a7%d8%b3%d8%aa%d9%88%d8%af%d9%8a%d9%88-%d9%88%d8%a7%d9%84","status":"publish","type":"product","link":"https:\/\/espacetechnologie.ma\/ar\/product\/puluz-%d8%ae%d9%84%d9%81%d9%8a%d8%a9-%d8%b4%d8%a7%d8%b4%d8%a9-%d8%ae%d8%b6%d8%b1%d8%a7%d8%a1-%d9%85%d8%b9-%d8%af%d8%b9%d9%85-%d8%a7%d9%84%d8%a7%d8%b3%d8%aa%d9%88%d8%af%d9%8a%d9%88-%d9%88%d8%a7%d9%84\/","title":{"rendered":"Puluz \u062e\u0644\u0641\u064a\u0629 \u0634\u0627\u0634\u0629 \u062e\u0636\u0631\u0627\u0621 \u0645\u0639 \u062f\u0639\u0645 \u0627\u0644\u0627\u0633\u062a\u0648\u062f\u064a\u0648 \u0648\u0627\u0644\u062a\u0635\u0648\u064a\u0631 \u0648\u0627\u0644\u0641\u064a\u062f\u064a\u0648 \u0627\u0644\u0645\u0628\u0627\u0634\u0631"},"content":{"rendered":"<p>Caract\u00e9ristiques des fonds en Nylon et Lycra de 2x2m<br \/>\n1. tube en alliage d&rsquo;aluminium l\u00e9ger et concis, facile \u00e0 utiliser et \u00e0 transporter, r\u00e9fl\u00e9chissant le concept de design moderne.<br \/>\n2. Avec la structure d&rsquo;\u00e9pissure, le tissu de fond peut \u00eatre compl\u00e8tement \u00e9largi apr\u00e8s l&rsquo;\u00e9pissure, et l&rsquo;op\u00e9ration est l\u00e9g\u00e8re et pratique, vous permettant de garder facilement l&rsquo;\u00e9cran de fond dans n&rsquo;importe quelle position.<br \/>\n3. Le tissu vert de fond adopte un motif unique, qui change la r\u00e9flexion directe du rideau traditionnel, et utilise le principe de la r\u00e9flexion diffuse, ce qui est propice au tapis de post-production.<br \/>\n4. Utilisez diff\u00e9rentes zones non fixes, en particulier les salles d&rsquo;exposition mobiles, le bail, les affaires et d&rsquo;autres fins.<br \/>\n5. Utilis\u00e9 dans les studios photo, les studios, la prise de vue vid\u00e9o, la prise de vue publicitaire, la diffusion mobile en direct et l&rsquo;arri\u00e8re-plan des lieux de prise de vue.<br \/>\n6. Mat\u00e9riau: tube en alliage d&rsquo;aluminium: tubes d&rsquo;\u00e9pissure \u00e0 4&#215;5 sections, 2 x tubes de support au sol; Toile de fond: Nylon Lycra.<br \/>\n7. Liste de paquet<br \/>\n1. 2&#215;2 arri\u00e8re-plans en Nylon Lycra vert x 1<br \/>\n2. Tubes de Support au sol x 2<br \/>\n3. Tubes d&rsquo;\u00e9pissure \u00e0 5 sections x 4<\/p>","protected":false},"excerpt":{"rendered":"<p>1. 2&#215;2 arri\u00e8re-plans en Nylon Lycra vert x 1<br \/>\n2. Tubes de Support au sol x 2<br \/>\n3. Tubes d&rsquo;\u00e9pissure \u00e0 5 sections x 4<br \/>\n4. Utilisez diff\u00e9rentes zones non fixes, en particulier les salles d&rsquo;exposition mobiles, le bail, les affaires et d&rsquo;autres fins.<\/p>","protected":false},"featured_media":7929,"comment_status":"open","ping_status":"closed","template":"","meta":{"event_title":"","event_details":"","event_timezone":"","event_gmap":"","event_image":"","event_image_url":"","event_calendar_link":"","event_location":"","event_datetime_with_summary":"","event_datetime":"","event_date_type":"","event_rulesummary":"","event_ticket_rsvp":"","_gspb_post_css":""},"product_brand":[],"product_cat":[119,116],"product_tag":[],"class_list":{"0":"post-7930","1":"product","2":"type-product","3":"status-publish","4":"has-post-thumbnail","6":"product_cat-accessoires-studio","7":"product_cat-studio","9":"first","10":"instock","11":"sale","12":"shipping-taxable","13":"purchasable","14":"product-type-simple"},"jetpack_sharing_enabled":true,"_links":{"self":[{"href":"https:\/\/espacetechnologie.ma\/ar\/wp-json\/wp\/v2\/product\/7930","targetHints":{"allow":["GET"]}}],"collection":[{"href":"https:\/\/espacetechnologie.ma\/ar\/wp-json\/wp\/v2\/product"}],"about":[{"href":"https:\/\/espacetechnologie.ma\/ar\/wp-json\/wp\/v2\/types\/product"}],"replies":[{"embeddable":true,"href":"https:\/\/espacetechnologie.ma\/ar\/wp-json\/wp\/v2\/comments?post=7930"}],"wp:featuredmedia":[{"embeddable":true,"href":"https:\/\/espacetechnologie.ma\/ar\/wp-json\/wp\/v2\/media\/7929"}],"wp:attachment":[{"href":"https:\/\/espacetechnologie.ma\/ar\/wp-json\/wp\/v2\/media?parent=7930"}],"wp:term":[{"taxonomy":"product_brand","embeddable":true,"href":"https:\/\/espacetechnologie.ma\/ar\/wp-json\/wp\/v2\/product_brand?post=7930"},{"taxonomy":"product_cat","embeddable":true,"href":"https:\/\/espacetechnologie.ma\/ar\/wp-json\/wp\/v2\/product_cat?post=7930"},{"taxonomy":"product_tag","embeddable":true,"href":"https:\/\/espacetechnologie.ma\/ar\/wp-json\/wp\/v2\/product_tag?post=7930"}],"curies":[{"name":"wp","href":"https:\/\/api.w.org\/{rel}","templated":true}]}}