{"id":7923,"date":"2025-07-09T07:52:40","date_gmt":"2025-07-09T06:52:40","guid":{"rendered":"https:\/\/espacetechnologie.ma\/product\/%d9%81%d9%84%d8%aa%d8%b1-%d8%a8%d9%88%d8%a8\/"},"modified":"2025-08-03T07:40:22","modified_gmt":"2025-08-03T06:40:22","slug":"%d9%81%d9%84%d8%aa%d8%b1-%d8%a8%d9%88%d8%a8","status":"publish","type":"product","link":"https:\/\/espacetechnologie.ma\/ar\/product\/%d9%81%d9%84%d8%aa%d8%b1-%d8%a8%d9%88%d8%a8\/","title":{"rendered":"\u0641\u0644\u062a\u0631 \u0628\u0648\u0628"},"content":{"rendered":"<p>\u0636\u0631\u0648\u0631\u064a \u0644\u0644\u062a\u0633\u062c\u064a\u0644 \u0623\u0648 \u0627\u0644\u062a\u062d\u062f\u062b \u0623\u0648 \u0627\u0644\u063a\u0646\u0627\u0621. \u0633\u064a\u0633\u0627\u0639\u062f \u0630\u0644\u0643 \u0639\u0644\u0649 \u0636\u0645\u0627\u0646 \u0623\u0646 \u0645\u0633\u0627\u0631\u0627\u062a\u0643 \u0645\u0633\u0645\u0648\u0639\u0629 \u0648\u0633\u0647\u0644\u0629 \u0627\u0644\u0641\u0647\u0645. \u0648\u0623\u064a\u0636\u064b\u0627 \u060c \u0633\u064a\u0636\u0645\u0646 \u0631\u0633\u0627\u0644\u062a\u0643 \u0628\u0635\u0648\u062a \u0639\u0627\u0644 \u0648\u0648\u0627\u0636\u062d \u060c \u0648\u064a\u0632\u064a\u0644 \u0627\u0644\u0623\u0635\u0648\u0627\u062a \u0627\u0644\u0631\u0647\u064a\u0628\u0629 \u0648\u0627\u0644\u0645\u0647\u0645\u0634\u0629 \u0627\u0644\u062a\u064a \u062a\u0623\u062a\u064a.<br \/>\n\u0637\u0628\u0642\u0629 \u0645\u0632\u062f\u0648\u062c\u0629 \u0648\u0639\u0645\u0644\u064a\u0629 \u0648\u0633\u0647\u0644\u0629 \u0627\u0644\u0627\u0633\u062a\u062e\u062f\u0627\u0645. \u064a\u062d\u0645\u064a \u0627\u0644\u0645\u064a\u0643\u0631\u0648\u0641\u0648\u0646 \u0627\u0644\u062e\u0627\u0635 \u0628\u0643 \u0645\u0646 \u0627\u0644\u0628\u0635\u0642 \u0627\u0644\u0645\u0641\u0631\u0637 \u0627\u0644\u0646\u0627\u062c\u0645 \u0639\u0646 \u0641\u0627\u0626\u0636 \u0627\u0644\u0641\u0646\u0627\u0646\u064a\u0646.<br \/>\nSupport flexible 360 \u00b0, pratique pour l&rsquo;utilisation.<br \/>\nTaille: 650 * 150 * 15mm<br \/>\nSupport pivotant pour une installation facile.<br \/>\nLa pince r\u00e9glable se fixe de mani\u00e8re s\u00e9curis\u00e9e sur n&rsquo;importe quel support de micro.<br \/>\nCol de l&rsquo;oie pour un positionnement pr\u00e9cis.<br \/>\nIl peut \u00e9galement prot\u00e9ger le microphone de l&rsquo;accumulation de salive.<br \/>\nSupport flexible 360 \u00b0, pratique pour l&rsquo;utilisation.<br \/>\nTaille: 650 * 150 * 15mm<br \/>\nSupport pivotant pour une installation facile.<\/p>","protected":false},"excerpt":{"rendered":"<p>\u0636\u0631\u0648\u0631\u064a \u0644\u0644\u062a\u0633\u062c\u064a\u0644 \u0623\u0648 \u0627\u0644\u062a\u062d\u062f\u062b \u0623\u0648 \u0627\u0644\u063a\u0646\u0627\u0621. \u0633\u064a\u0633\u0627\u0639\u062f \u0630\u0644\u0643 \u0639\u0644\u0649 \u0636\u0645\u0627\u0646 \u0623\u0646 \u0645\u0633\u0627\u0631\u0627\u062a\u0643 \u0645\u0633\u0645\u0648\u0639\u0629 \u0648\u0633\u0647\u0644\u0629 \u0627\u0644\u0641\u0647\u0645. \u0648\u0623\u064a\u0636\u064b\u0627 \u060c \u0633\u064a\u0636\u0645\u0646 \u0631\u0633\u0627\u0644\u062a\u0643 \u0628\u0635\u0648\u062a \u0639\u0627\u0644 \u0648\u0648\u0627\u0636\u062d \u060c \u0648\u064a\u0632\u064a\u0644 \u0627\u0644\u0623\u0635\u0648\u0627\u062a \u0627\u0644\u0631\u0647\u064a\u0628\u0629 \u0648\u0627\u0644\u0645\u0647\u0645\u0634\u0629 \u0627\u0644\u062a\u064a \u062a\u0623\u062a\u064a. \u0637\u0628\u0642\u0629 \u0645\u0632\u062f\u0648\u062c\u0629 \u0648\u0639\u0645\u0644\u064a\u0629 \u0648\u0633\u0647\u0644\u0629 \u0627\u0644\u0627\u0633\u062a\u062e\u062f\u0627\u0645. \u064a\u062d\u0645\u064a \u0627\u0644\u0645\u064a\u0643\u0631\u0648\u0641\u0648\u0646 \u0627\u0644\u062e\u0627\u0635 \u0628\u0643 \u0645\u0646 \u0627\u0644\u0628\u0635\u0642 \u0627\u0644\u0645\u0641\u0631\u0637 \u0627\u0644\u0646\u0627\u062c\u0645 \u0639\u0646 \u0641\u0627\u0626\u0636 \u0627\u0644\u0641\u0646\u0627\u0646\u064a\u0646. Support flexible 360 \u00b0, pratique pour l&rsquo;utilisation. Taille: 650 * [&hellip;]<\/p>\n","protected":false},"featured_media":7922,"comment_status":"open","ping_status":"closed","template":"","meta":{"event_title":"","event_details":"","event_timezone":"","event_gmap":"","event_image":"","event_image_url":"","event_calendar_link":"","event_location":"","event_datetime_with_summary":"","event_datetime":"","event_date_type":"","event_rulesummary":"","event_ticket_rsvp":"","_gspb_post_css":""},"product_brand":[],"product_cat":[107,111],"product_tag":[],"class_list":{"0":"post-7923","1":"product","2":"type-product","3":"status-publish","4":"has-post-thumbnail","6":"product_cat-audio","7":"product_cat-microphones","9":"first","10":"instock","11":"sale","12":"shipping-taxable","13":"purchasable","14":"product-type-simple"},"jetpack_sharing_enabled":true,"_links":{"self":[{"href":"https:\/\/espacetechnologie.ma\/ar\/wp-json\/wp\/v2\/product\/7923","targetHints":{"allow":["GET"]}}],"collection":[{"href":"https:\/\/espacetechnologie.ma\/ar\/wp-json\/wp\/v2\/product"}],"about":[{"href":"https:\/\/espacetechnologie.ma\/ar\/wp-json\/wp\/v2\/types\/product"}],"replies":[{"embeddable":true,"href":"https:\/\/espacetechnologie.ma\/ar\/wp-json\/wp\/v2\/comments?post=7923"}],"wp:featuredmedia":[{"embeddable":true,"href":"https:\/\/espacetechnologie.ma\/ar\/wp-json\/wp\/v2\/media\/7922"}],"wp:attachment":[{"href":"https:\/\/espacetechnologie.ma\/ar\/wp-json\/wp\/v2\/media?parent=7923"}],"wp:term":[{"taxonomy":"product_brand","embeddable":true,"href":"https:\/\/espacetechnologie.ma\/ar\/wp-json\/wp\/v2\/product_brand?post=7923"},{"taxonomy":"product_cat","embeddable":true,"href":"https:\/\/espacetechnologie.ma\/ar\/wp-json\/wp\/v2\/product_cat?post=7923"},{"taxonomy":"product_tag","embeddable":true,"href":"https:\/\/espacetechnologie.ma\/ar\/wp-json\/wp\/v2\/product_tag?post=7923"}],"curies":[{"name":"wp","href":"https:\/\/api.w.org\/{rel}","templated":true}]}}