{"id":7917,"date":"2025-07-09T07:52:38","date_gmt":"2025-07-09T06:52:38","guid":{"rendered":"https:\/\/espacetechnologie.ma\/product\/lumiere-de-nuit-declairage-led-dimpression-3d-lampe-de-lune-chaude-et-froide-dimmable-blanc\/"},"modified":"2025-08-02T15:59:20","modified_gmt":"2025-08-02T14:59:20","slug":"lumiere-de-nuit-declairage-led-dimpression-3d-lampe-de-lune-chaude-et-froide-dimmable-blanc","status":"publish","type":"product","link":"https:\/\/espacetechnologie.ma\/ar\/product\/lumiere-de-nuit-declairage-led-dimpression-3d-lampe-de-lune-chaude-et-froide-dimmable-blanc\/","title":{"rendered":"Lumi\u00e8re de nuit d&rsquo;\u00e9clairage LED d&rsquo;impression 3D lampe de lune chaude et froide Dimmable blanc"},"content":{"rendered":"<p>Lumi\u00e8re de nuit d&rsquo;\u00e9clairage LED impression 3D lampe de lune chaude et froide luminosit\u00e9 blanche de contr\u00f4le tactile de Dimmable<br \/>\nCaract\u00e9ristiques:<br \/>\n100% marque<br \/>\nnouveau et de haute qualit\u00e9.<br \/>\nTaille 15cm<br \/>\nMat\u00e9riel: ABS<br \/>\nInstructions: Appuyez sur l&rsquo;interrupteur de commande dans un d\u00e9lai de 1 seconde pour changer de couleur de lumi\u00e8re et sur plus d&rsquo;une seconde pour r\u00e9gler la luminosit\u00e9 de la lumi\u00e8re.<br \/>\nLa batterie au lithium rechargeable int\u00e9gr\u00e9e, avec effet de lumi\u00e8re bicolore \u00e0 LED, vous surprendra de devoir braver une vraie lune.<br \/>\nExcellentes performances &#8211; \u00c9mettez un \u00e9clairage confortable de 2700K Warm White et de 4000K Neutral White, appuyez bri\u00e8vement pour allumer \/ \u00e9teindre la lumi\u00e8re de la lune et appuyez longuement pour vous aider \u00e0 r\u00e9gler la luminosit\u00e9.<br \/>\nNotre lumi\u00e8re de lune imprim\u00e9e en 3D vous offre un angle de faisceau impressionnant de 360 \u200b\u200bdegr\u00e9s.<br \/>\nLa brillante conception de la lumi\u00e8re de la lune en 3D vous apporte myst\u00e8re et romantisme, adapt\u00e9e \u00e0 de nombreuses occasions.<br \/>\nDes d\u00e9corations cr\u00e9atives id\u00e9ales pour la cour, la table, les all\u00e9es, les f\u00eates, les caf\u00e9s et peuvent cr\u00e9er une atmosph\u00e8re merveilleuse qui d\u00e9passe vos attentes.<br \/>\nC&rsquo;est un bon cadeau pour votre amoureux, votre famille, vos amis et vos coll\u00e8gues<br \/>\nVous rendre charmeur et \u00e9l\u00e9gant<br \/>\nLe forfait comprend:<br \/>\n1pc \u00e9clairage nuit lumi\u00e8re LED 3d impression lampe de lune blanc chaud et froid dimmable<br \/>\nC\u00e2ble USB 1pc<br \/>\n1pc manuel<\/p>","protected":false},"excerpt":{"rendered":"<p>100% neuf de haute qualit\u00e9 et pr\u00e9cis<br \/>\nCe produit est facile \u00e0 transporter<br \/>\nFacile \u00e0 utiliser<br \/>\nCe produit est fait de mat\u00e9riaux de haute qualit\u00e9 et est sans danger<br \/>\nLe produit est tr\u00e8s pr\u00e9cis<\/p>","protected":false},"featured_media":7916,"comment_status":"open","ping_status":"closed","template":"","meta":{"event_title":"","event_details":"","event_timezone":"","event_gmap":"","event_image":"","event_image_url":"","event_calendar_link":"","event_location":"","event_datetime_with_summary":"","event_datetime":"","event_date_type":"","event_rulesummary":"","event_ticket_rsvp":"","_gspb_post_css":""},"product_brand":[],"product_cat":[82,130],"product_tag":[],"class_list":{"0":"post-7917","1":"product","2":"type-product","3":"status-publish","4":"has-post-thumbnail","6":"product_cat-gadgets","7":"product_cat-maison","9":"first","10":"instock","11":"sale","12":"shipping-taxable","13":"purchasable","14":"product-type-simple"},"jetpack_sharing_enabled":true,"_links":{"self":[{"href":"https:\/\/espacetechnologie.ma\/ar\/wp-json\/wp\/v2\/product\/7917","targetHints":{"allow":["GET"]}}],"collection":[{"href":"https:\/\/espacetechnologie.ma\/ar\/wp-json\/wp\/v2\/product"}],"about":[{"href":"https:\/\/espacetechnologie.ma\/ar\/wp-json\/wp\/v2\/types\/product"}],"replies":[{"embeddable":true,"href":"https:\/\/espacetechnologie.ma\/ar\/wp-json\/wp\/v2\/comments?post=7917"}],"wp:featuredmedia":[{"embeddable":true,"href":"https:\/\/espacetechnologie.ma\/ar\/wp-json\/wp\/v2\/media\/7916"}],"wp:attachment":[{"href":"https:\/\/espacetechnologie.ma\/ar\/wp-json\/wp\/v2\/media?parent=7917"}],"wp:term":[{"taxonomy":"product_brand","embeddable":true,"href":"https:\/\/espacetechnologie.ma\/ar\/wp-json\/wp\/v2\/product_brand?post=7917"},{"taxonomy":"product_cat","embeddable":true,"href":"https:\/\/espacetechnologie.ma\/ar\/wp-json\/wp\/v2\/product_cat?post=7917"},{"taxonomy":"product_tag","embeddable":true,"href":"https:\/\/espacetechnologie.ma\/ar\/wp-json\/wp\/v2\/product_tag?post=7917"}],"curies":[{"name":"wp","href":"https:\/\/api.w.org\/{rel}","templated":true}]}}