{"id":7878,"date":"2025-07-09T07:52:29","date_gmt":"2025-07-09T06:52:29","guid":{"rendered":"https:\/\/espacetechnologie.ma\/product\/support-pour-microphone-anti-choc\/"},"modified":"2025-08-02T16:04:49","modified_gmt":"2025-08-02T15:04:49","slug":"support-pour-microphone-anti-choc","status":"publish","type":"product","link":"https:\/\/espacetechnologie.ma\/ar\/product\/support-pour-microphone-anti-choc\/","title":{"rendered":"support pour microphone anti-choc"},"content":{"rendered":"<p>Couleur: Noir<br \/>\nMati\u00e8re: Plastique et m\u00e9tal<br \/>\nDiam\u00e8tre: 50mm; le support anti-choc convient uniquement au diam\u00e8tre miniphone allant de 48mm-54mm<\/p>","protected":false},"excerpt":{"rendered":"<p>Couleur: Noir Mati\u00e8re: Plastique et m\u00e9tal Diam\u00e8tre: 50mm; le support anti-choc convient uniquement au diam\u00e8tre miniphone allant de 48mm-54mm<\/p>","protected":false},"featured_media":7877,"comment_status":"open","ping_status":"closed","template":"","meta":{"event_title":"","event_details":"","event_timezone":"","event_gmap":"","event_image":"","event_image_url":"","event_calendar_link":"","event_location":"","event_datetime_with_summary":"","event_datetime":"","event_date_type":"","event_rulesummary":"","event_ticket_rsvp":"","_gspb_post_css":""},"product_brand":[],"product_cat":[107,82,111],"product_tag":[],"class_list":{"0":"post-7878","1":"product","2":"type-product","3":"status-publish","4":"has-post-thumbnail","6":"product_cat-audio","7":"product_cat-gadgets","8":"product_cat-microphones","10":"first","11":"instock","12":"sale","13":"shipping-taxable","14":"purchasable","15":"product-type-simple"},"jetpack_sharing_enabled":true,"_links":{"self":[{"href":"https:\/\/espacetechnologie.ma\/ar\/wp-json\/wp\/v2\/product\/7878","targetHints":{"allow":["GET"]}}],"collection":[{"href":"https:\/\/espacetechnologie.ma\/ar\/wp-json\/wp\/v2\/product"}],"about":[{"href":"https:\/\/espacetechnologie.ma\/ar\/wp-json\/wp\/v2\/types\/product"}],"replies":[{"embeddable":true,"href":"https:\/\/espacetechnologie.ma\/ar\/wp-json\/wp\/v2\/comments?post=7878"}],"wp:featuredmedia":[{"embeddable":true,"href":"https:\/\/espacetechnologie.ma\/ar\/wp-json\/wp\/v2\/media\/7877"}],"wp:attachment":[{"href":"https:\/\/espacetechnologie.ma\/ar\/wp-json\/wp\/v2\/media?parent=7878"}],"wp:term":[{"taxonomy":"product_brand","embeddable":true,"href":"https:\/\/espacetechnologie.ma\/ar\/wp-json\/wp\/v2\/product_brand?post=7878"},{"taxonomy":"product_cat","embeddable":true,"href":"https:\/\/espacetechnologie.ma\/ar\/wp-json\/wp\/v2\/product_cat?post=7878"},{"taxonomy":"product_tag","embeddable":true,"href":"https:\/\/espacetechnologie.ma\/ar\/wp-json\/wp\/v2\/product_tag?post=7878"}],"curies":[{"name":"wp","href":"https:\/\/api.w.org\/{rel}","templated":true}]}}