{"id":7863,"date":"2025-07-09T07:52:26","date_gmt":"2025-07-09T06:52:26","guid":{"rendered":"https:\/\/espacetechnologie.ma\/product\/sourie-gamer\/"},"modified":"2025-08-03T06:45:27","modified_gmt":"2025-08-03T05:45:27","slug":"sourie-gamer","status":"publish","type":"product","link":"https:\/\/espacetechnologie.ma\/ar\/product\/sourie-gamer\/","title":{"rendered":"Sourie Gamer"},"content":{"rendered":"<p>Souris de souris de c\u00e2ble de jeu filaire m\u00e9canique optique professionnelle \u00e9mettrice de lumi\u00e8re color\u00e9e 5500 DPI<br \/>\nDescription:<br \/>\nCe La souris ergonomique con\u00e7ue convient au sentiment de main de la plupart des gens et R\u00e9duit votre fatigue lorsque vous jouez \u00e0 des jeux. Avec moteur optique haut de gamme, Positionnement pr\u00e9cis, cette souris vous fait grandement profiter des jeux.<br \/>\nCaract\u00e9ristiques:<br \/>\n1. Conception ergonomique, toucher confortable, r\u00e9duire la fatigue; connectivit\u00e9 intelligente, plug and play.<br \/>\n2. Moteur optique haut de gamme, positionnement pr\u00e9cis; 5 DPI r\u00e9glables pour le choix, un contr\u00f4le plus libre.<br \/>\n3. 7 boutons, y compris la molette de d\u00e9filement, bouton gauche, bouton droit, avance, Retrait, commutateur DPI, touche fire, pour des op\u00e9rations plus pratiques.<br \/>\n4. Longue dur\u00e9e de vie de l&rsquo;interrupteur jusqu&rsquo;\u00e0 10 millions; Total 7 couleurs vives montrant \u00e0 tour de r\u00f4le, vous donnant un effet visuel color\u00e9.<br \/>\n5. Convient aux joueurs haut de gamme, joueurs professionnels de jeu.<br \/>\nSp\u00e9cifications:<br \/>\nCouleur: Noir<br \/>\nMat\u00e9riel: ABS<br \/>\nSyst\u00e8me de suivi: Optique<br \/>\nTension nominale\/courant \u00e9lectrique: cc 5 V\/100mA<br \/>\nConnexion: Filaire<br \/>\nLongueur du c\u00e2ble: env. 145 cm<br \/>\nPort: USB 2.0<br \/>\nDPI: 1200\/1600\/2400\/3200\/5500 DPI<br \/>\nDur\u00e9e de vie du commutateur: 10 millions de cycle<br \/>\nBoutons: gauche, droite, molette de d\u00e9filement, DPI, touche de feu, avance, retrait<br \/>\nEffet de la lumi\u00e8re: color\u00e9<br \/>\nSyst\u00e8me de Support: pour Windows 7\/8\/2000\/pour XP\/pour Vista pour OS ou dernier<br \/>\nTaille de l&rsquo;article: 12.8&#215;8.5&#215;3.8 cm\/5.04&#215;3.35&#215;1.50 pouces (L x L x H)<br \/>\nPoids du paquet: 130g<br \/>\nListe de paquet:<br \/>\n1 x souris de jeu filaire optique<\/p>","protected":false},"excerpt":{"rendered":"<p>1. couleur: noir<br \/>\n2. mat\u00e9riel: ABS<br \/>\n3. syst\u00e8me de suivi: optique<br \/>\n4. tension \/ courant \u00e9valu\u00e9:\u00a0\u00a05V \/ 100mA<br \/>\n5. connexion: filaire<br \/>\n6. longueur du c\u00e2ble: environ 140 cm<br \/>\n7.Port: USB 2.0<br \/>\n8.DPI: 1200\/1600\/2400 \/ 3200 dpi<br \/>\n9. dur\u00e9e de vie de l&rsquo;interrupteur<\/p>","protected":false},"featured_media":7862,"comment_status":"open","ping_status":"closed","template":"","meta":{"event_title":"","event_details":"","event_timezone":"","event_gmap":"","event_image":"","event_image_url":"","event_calendar_link":"","event_location":"","event_datetime_with_summary":"","event_datetime":"","event_date_type":"","event_rulesummary":"","event_ticket_rsvp":"","_gspb_post_css":""},"product_brand":[],"product_cat":[100,129,96],"product_tag":[],"class_list":{"0":"post-7863","1":"product","2":"type-product","3":"status-publish","4":"has-post-thumbnail","6":"product_cat-claviers-et-souris","7":"product_cat-gaming","8":"product_cat-pc","10":"first","11":"instock","12":"sale","13":"shipping-taxable","14":"purchasable","15":"product-type-simple"},"jetpack_sharing_enabled":true,"_links":{"self":[{"href":"https:\/\/espacetechnologie.ma\/ar\/wp-json\/wp\/v2\/product\/7863","targetHints":{"allow":["GET"]}}],"collection":[{"href":"https:\/\/espacetechnologie.ma\/ar\/wp-json\/wp\/v2\/product"}],"about":[{"href":"https:\/\/espacetechnologie.ma\/ar\/wp-json\/wp\/v2\/types\/product"}],"replies":[{"embeddable":true,"href":"https:\/\/espacetechnologie.ma\/ar\/wp-json\/wp\/v2\/comments?post=7863"}],"wp:featuredmedia":[{"embeddable":true,"href":"https:\/\/espacetechnologie.ma\/ar\/wp-json\/wp\/v2\/media\/7862"}],"wp:attachment":[{"href":"https:\/\/espacetechnologie.ma\/ar\/wp-json\/wp\/v2\/media?parent=7863"}],"wp:term":[{"taxonomy":"product_brand","embeddable":true,"href":"https:\/\/espacetechnologie.ma\/ar\/wp-json\/wp\/v2\/product_brand?post=7863"},{"taxonomy":"product_cat","embeddable":true,"href":"https:\/\/espacetechnologie.ma\/ar\/wp-json\/wp\/v2\/product_cat?post=7863"},{"taxonomy":"product_tag","embeddable":true,"href":"https:\/\/espacetechnologie.ma\/ar\/wp-json\/wp\/v2\/product_tag?post=7863"}],"curies":[{"name":"wp","href":"https:\/\/api.w.org\/{rel}","templated":true}]}}