{"id":7856,"date":"2025-07-09T07:52:25","date_gmt":"2025-07-09T06:52:25","guid":{"rendered":"https:\/\/espacetechnologie.ma\/product\/controleur-de-remplacement-de-telecommande-pour-samsung-lcd-led-smart-tv\/"},"modified":"2025-08-03T07:40:33","modified_gmt":"2025-08-03T06:40:33","slug":"controleur-de-remplacement-de-telecommande-pour-samsung-lcd-led-smart-tv","status":"publish","type":"product","link":"https:\/\/espacetechnologie.ma\/ar\/product\/controleur-de-remplacement-de-telecommande-pour-samsung-lcd-led-smart-tv\/","title":{"rendered":"Contr\u00f4leur de remplacement de t\u00e9l\u00e9commande pour Samsung LCD &#8211; LED Smart TV"},"content":{"rendered":"<p>Faible consommation d&rsquo;\u00e9nergie, \u00e9conome en \u00e9nergie et respectueux de l&rsquo;environnement<br \/>\nAucune programmation ou configuration requise<br \/>\nCon\u00e7u avec des touches d\u00e9licates, qui seront confortables et faciles \u00e0 utiliser<br \/>\nAvec une taille petite et compacte, l\u00e9g\u00e8re et facile \u00e0 saisir<br \/>\nDistance de transmission plus longue, performances stables<br \/>\nCeci est la t\u00e9l\u00e9commande de remplacement d\u00e9di\u00e9e<br \/>\nIl couvre toutes les fonctions de la t\u00e9l\u00e9commande<\/p>","protected":false},"excerpt":{"rendered":"<p>Faible consommation d&rsquo;\u00e9nergie, \u00e9conome en \u00e9nergie et respectueux de l&rsquo;environnement Aucune programmation ou configuration requise Con\u00e7u avec des touches d\u00e9licates, qui seront confortables et faciles \u00e0 utiliser Avec une taille petite et compacte, l\u00e9g\u00e8re et facile \u00e0 saisir Distance de transmission plus longue, performances stables Ceci est la t\u00e9l\u00e9commande de remplacement d\u00e9di\u00e9e Il couvre toutes [&hellip;]<\/p>\n","protected":false},"featured_media":7855,"comment_status":"open","ping_status":"closed","template":"","meta":{"event_title":"","event_details":"","event_timezone":"","event_gmap":"","event_image":"","event_image_url":"","event_calendar_link":"","event_location":"","event_datetime_with_summary":"","event_datetime":"","event_date_type":"","event_rulesummary":"","event_ticket_rsvp":"","_gspb_post_css":""},"product_brand":[],"product_cat":[125,123],"product_tag":[],"class_list":{"0":"post-7856","1":"product","2":"type-product","3":"status-publish","4":"has-post-thumbnail","6":"product_cat-autres-accessoires-tv","7":"product_cat-tv","9":"first","10":"instock","11":"sale","12":"shipping-taxable","13":"purchasable","14":"product-type-simple"},"jetpack_sharing_enabled":true,"_links":{"self":[{"href":"https:\/\/espacetechnologie.ma\/ar\/wp-json\/wp\/v2\/product\/7856","targetHints":{"allow":["GET"]}}],"collection":[{"href":"https:\/\/espacetechnologie.ma\/ar\/wp-json\/wp\/v2\/product"}],"about":[{"href":"https:\/\/espacetechnologie.ma\/ar\/wp-json\/wp\/v2\/types\/product"}],"replies":[{"embeddable":true,"href":"https:\/\/espacetechnologie.ma\/ar\/wp-json\/wp\/v2\/comments?post=7856"}],"wp:featuredmedia":[{"embeddable":true,"href":"https:\/\/espacetechnologie.ma\/ar\/wp-json\/wp\/v2\/media\/7855"}],"wp:attachment":[{"href":"https:\/\/espacetechnologie.ma\/ar\/wp-json\/wp\/v2\/media?parent=7856"}],"wp:term":[{"taxonomy":"product_brand","embeddable":true,"href":"https:\/\/espacetechnologie.ma\/ar\/wp-json\/wp\/v2\/product_brand?post=7856"},{"taxonomy":"product_cat","embeddable":true,"href":"https:\/\/espacetechnologie.ma\/ar\/wp-json\/wp\/v2\/product_cat?post=7856"},{"taxonomy":"product_tag","embeddable":true,"href":"https:\/\/espacetechnologie.ma\/ar\/wp-json\/wp\/v2\/product_tag?post=7856"}],"curies":[{"name":"wp","href":"https:\/\/api.w.org\/{rel}","templated":true}]}}