{"id":7845,"date":"2025-07-09T07:52:23","date_gmt":"2025-07-09T06:52:23","guid":{"rendered":"https:\/\/espacetechnologie.ma\/product\/sunshine-%d8%b4%d8%a7%d8%ad%d9%86-%d8%b0%d9%83%d9%8a-usb-%d8%b0%d9%88-8-%d9%85%d9%86%d8%a7%d9%81%d8%b0-%d9%85%d8%b9-%d8%b4%d8%ad%d9%86-%d9%84%d8%a7%d8%b3%d9%84%d9%83%d9%8a-%d9%88%d8%b4%d8%a7%d8%b4\/"},"modified":"2025-08-02T13:24:52","modified_gmt":"2025-08-02T12:24:52","slug":"sunshine-%d8%b4%d8%a7%d8%ad%d9%86-%d8%b0%d9%83%d9%8a-usb-%d8%b0%d9%88-8-%d9%85%d9%86%d8%a7%d9%81%d8%b0-%d9%85%d8%b9-%d8%b4%d8%ad%d9%86-%d9%84%d8%a7%d8%b3%d9%84%d9%83%d9%8a-%d9%88%d8%b4%d8%a7%d8%b4","status":"publish","type":"product","link":"https:\/\/espacetechnologie.ma\/ar\/product\/sunshine-%d8%b4%d8%a7%d8%ad%d9%86-%d8%b0%d9%83%d9%8a-usb-%d8%b0%d9%88-8-%d9%85%d9%86%d8%a7%d9%81%d8%b0-%d9%85%d8%b9-%d8%b4%d8%ad%d9%86-%d9%84%d8%a7%d8%b3%d9%84%d9%83%d9%8a-%d9%88%d8%b4%d8%a7%d8%b4\/","title":{"rendered":"Sunshine \u0634\u0627\u062d\u0646 \u0630\u0643\u064a USB \u0630\u0648 8 \u0645\u0646\u0627\u0641\u0630 \u0645\u0639 \u0634\u062d\u0646 \u0644\u0627\u0633\u0644\u0643\u064a \u0648\u0634\u0627\u0634\u0629 LED"},"content":{"rendered":"<p>Compatible avec tous les smartphones comme pour iphone Samsung Xiaomi Huawei LG ZTE Lenovo HTC S,ony Google et tablette PC Cam\u00e9ra MP3 MP4 Player PSP avec port USB, et port de type c pour Macbook.<br \/>\nChargez jusqu&rsquo;\u00e0 9 appareils en m\u00eame temps.<br \/>\nfil de 1.5M<br \/>\nLivr\u00e9 avec un \u00e9cran d&rsquo;affichage LED pour afficher clairement l&rsquo;\u00e9tat de charge, livr\u00e9 avec un \u00e9cran LED intelligent pour v\u00e9rifier l&rsquo;\u00e9tat<br \/>\nconception compacte, petite taille et poids l\u00e9ger<br \/>\nCorrespondance automatique du courant, plus de protection<br \/>\nCouleur: Blanc<br \/>\nMat\u00e9riel: ABS + PC<br \/>\nCourant de sortie total: 5V-8A<br \/>\nLe courant de sortie reconna\u00eet automatiquement: 0.5A-2.4A<br \/>\nQC3.0 Sortie: 5V-3A 9V-2A 12V-1.5A<br \/>\nSortie sans fil: 10W<br \/>\nPuissance de sortie: 40W(Max)<br \/>\nTaille de la douille: 220x67x30mm (L x 1 x H).<br \/>\nPrise standard: prise prise EU<\/p>","protected":false},"excerpt":{"rendered":"<p>Description de l&rsquo;article<br \/>\nSp\u00e9cification<br \/>\nCouleur: Blanc<br \/>\nMat\u00e9riel: ABS + PC<br \/>\nCourant de sortie total: 5V-8A<br \/>\nLe courant de sortie reconna\u00eet automatiquement: 0.5A-2.4A<br \/>\nQC3.0 Sortie: 5V-3A 9V-2A 12V-1.5A<br \/>\nSortie sans fil: 10W<br \/>\nPuissance de sortie: 40W(Max)<br \/>\nTaille de la douille: 220x67x30mm (L x 1 x H).<br \/>\nPrise standard: prise UK, prise US, prise EU (en option)<br \/>\nCaract\u00e9ristiques<br \/>\n1. Id\u00e9al pour la maison, le bureau, les voyages et d&rsquo;autres utilisations int\u00e9rieures<br \/>\n2.7 ports USB avec diff\u00e9rentes capacit\u00e9s de sortie, 1 charge rapide USB QC3.0 avec une fonction de charge sans fil<\/p>","protected":false},"featured_media":7844,"comment_status":"open","ping_status":"closed","template":"","meta":{"event_title":"","event_details":"","event_timezone":"","event_gmap":"","event_image":"","event_image_url":"","event_calendar_link":"","event_location":"","event_datetime_with_summary":"","event_datetime":"","event_date_type":"","event_rulesummary":"","event_ticket_rsvp":"","_gspb_post_css":""},"product_brand":[],"product_cat":[89,88,84],"product_tag":[],"class_list":{"0":"post-7845","1":"product","2":"type-product","3":"status-publish","4":"has-post-thumbnail","6":"product_cat-hubs-et-otg","7":"product_cat-powerbank","8":"product_cat-smartphone","10":"first","11":"instock","12":"sale","13":"shipping-taxable","14":"purchasable","15":"product-type-simple"},"jetpack_sharing_enabled":true,"_links":{"self":[{"href":"https:\/\/espacetechnologie.ma\/ar\/wp-json\/wp\/v2\/product\/7845","targetHints":{"allow":["GET"]}}],"collection":[{"href":"https:\/\/espacetechnologie.ma\/ar\/wp-json\/wp\/v2\/product"}],"about":[{"href":"https:\/\/espacetechnologie.ma\/ar\/wp-json\/wp\/v2\/types\/product"}],"replies":[{"embeddable":true,"href":"https:\/\/espacetechnologie.ma\/ar\/wp-json\/wp\/v2\/comments?post=7845"}],"wp:featuredmedia":[{"embeddable":true,"href":"https:\/\/espacetechnologie.ma\/ar\/wp-json\/wp\/v2\/media\/7844"}],"wp:attachment":[{"href":"https:\/\/espacetechnologie.ma\/ar\/wp-json\/wp\/v2\/media?parent=7845"}],"wp:term":[{"taxonomy":"product_brand","embeddable":true,"href":"https:\/\/espacetechnologie.ma\/ar\/wp-json\/wp\/v2\/product_brand?post=7845"},{"taxonomy":"product_cat","embeddable":true,"href":"https:\/\/espacetechnologie.ma\/ar\/wp-json\/wp\/v2\/product_cat?post=7845"},{"taxonomy":"product_tag","embeddable":true,"href":"https:\/\/espacetechnologie.ma\/ar\/wp-json\/wp\/v2\/product_tag?post=7845"}],"curies":[{"name":"wp","href":"https:\/\/api.w.org\/{rel}","templated":true}]}}