{"id":7841,"date":"2025-07-09T07:52:22","date_gmt":"2025-07-09T06:52:22","guid":{"rendered":"https:\/\/espacetechnologie.ma\/product\/etui-etanche-pour-gopro-12-11-10-9-2\/"},"modified":"2025-08-02T12:53:06","modified_gmt":"2025-08-02T11:53:06","slug":"etui-etanche-pour-gopro-12-11-10-9-2","status":"publish","type":"product","link":"https:\/\/espacetechnologie.ma\/ar\/product\/etui-etanche-pour-gopro-12-11-10-9-2\/","title":{"rendered":"\u00c9tui \u00e9tanche pour GoPro 12, 11, 10, 9,"},"content":{"rendered":"<p>Description de l&rsquo;article<br \/>\nCaract\u00e9ristiques:<br \/>\n* Mat\u00e9riau en caoutchouc de silicone de qualit\u00e9 sup\u00e9rieure: fabriqu\u00e9 en caoutchouc de silicone de haute qualit\u00e9, cet \u00e9tui est \u00e0 la fois durable et souple. Il pi\u00e8ge efficacement la chaleur, prolongeant la dur\u00e9e de vie de la batterie de la cam\u00e9ra dans des conditions froides. Le mat\u00e9riau en silicone emp\u00eache \u00e9galement la cam\u00e9ra de glisser.<br \/>\n* Ouvertures pr\u00e9cises des trous: le bo\u00eetier est con\u00e7u avec des ouvertures pr\u00e9cises pour un acc\u00e8s facile au microphone, au haut-parleur et au support de base de la cam\u00e9ra. Cela garantit le meilleur fonctionnement et la meilleure exp\u00e9rience pour l&rsquo;utilisateur.<br \/>\n* L\u00e9ger et pratique: le mat\u00e9riau en silicone souple utilis\u00e9 dans ce bo\u00eetier est l\u00e9ger mais solide. Il est facile \u00e0 transporter avec le cordon inclus, offrant un toucher confortable et un acc\u00e8s pratique \u00e0 l&rsquo;appareil photo.<br \/>\n* Excellente protection: cet \u00e9tui prot\u00e8ge efficacement votre appareil photo Hero 10 Hero 9 de la poussi\u00e8re, des rayures, des collisions et des cailloux volants, le gardant en s\u00e9curit\u00e9 et en bon \u00e9tat.<br \/>\nManchon en silicone * 1<\/p>","protected":false},"excerpt":{"rendered":"<p>Nom de la pi\u00e8ce: \u00c9tui en silicone souple<br \/>\nMat\u00e9riau: Caoutchouc de silicone premium<br \/>\nTaille: 8*6*4<br \/>\nCouleur:Bleu<\/p>","protected":false},"featured_media":7840,"comment_status":"open","ping_status":"closed","template":"","meta":{"event_title":"","event_details":"","event_timezone":"","event_gmap":"","event_image":"","event_image_url":"","event_calendar_link":"","event_location":"","event_datetime_with_summary":"","event_datetime":"","event_date_type":"","event_rulesummary":"","event_ticket_rsvp":"","_gspb_post_css":""},"product_brand":[],"product_cat":[82],"product_tag":[],"class_list":{"0":"post-7841","1":"product","2":"type-product","3":"status-publish","4":"has-post-thumbnail","6":"product_cat-gadgets","8":"first","9":"instock","10":"sale","11":"shipping-taxable","12":"purchasable","13":"product-type-simple"},"jetpack_sharing_enabled":true,"_links":{"self":[{"href":"https:\/\/espacetechnologie.ma\/ar\/wp-json\/wp\/v2\/product\/7841","targetHints":{"allow":["GET"]}}],"collection":[{"href":"https:\/\/espacetechnologie.ma\/ar\/wp-json\/wp\/v2\/product"}],"about":[{"href":"https:\/\/espacetechnologie.ma\/ar\/wp-json\/wp\/v2\/types\/product"}],"replies":[{"embeddable":true,"href":"https:\/\/espacetechnologie.ma\/ar\/wp-json\/wp\/v2\/comments?post=7841"}],"wp:featuredmedia":[{"embeddable":true,"href":"https:\/\/espacetechnologie.ma\/ar\/wp-json\/wp\/v2\/media\/7840"}],"wp:attachment":[{"href":"https:\/\/espacetechnologie.ma\/ar\/wp-json\/wp\/v2\/media?parent=7841"}],"wp:term":[{"taxonomy":"product_brand","embeddable":true,"href":"https:\/\/espacetechnologie.ma\/ar\/wp-json\/wp\/v2\/product_brand?post=7841"},{"taxonomy":"product_cat","embeddable":true,"href":"https:\/\/espacetechnologie.ma\/ar\/wp-json\/wp\/v2\/product_cat?post=7841"},{"taxonomy":"product_tag","embeddable":true,"href":"https:\/\/espacetechnologie.ma\/ar\/wp-json\/wp\/v2\/product_tag?post=7841"}],"curies":[{"name":"wp","href":"https:\/\/api.w.org\/{rel}","templated":true}]}}