{"id":7837,"date":"2025-07-09T07:52:22","date_gmt":"2025-07-09T06:52:22","guid":{"rendered":"https:\/\/espacetechnologie.ma\/product\/chargeur-magnetique-usb-pour-amazfit-2\/"},"modified":"2025-08-02T15:13:07","modified_gmt":"2025-08-02T14:13:07","slug":"chargeur-magnetique-usb-pour-amazfit-2","status":"publish","type":"product","link":"https:\/\/espacetechnologie.ma\/ar\/product\/chargeur-magnetique-usb-pour-amazfit-2\/","title":{"rendered":"Chargeur magn\u00e9tique USB pour Amazfit 2"},"content":{"rendered":"<p>Conception monobloc,<br \/>\nSonde m\u00e9tallique mince int\u00e9gr\u00e9e pour de bonnes performances.<br \/>\nLe silicone inf\u00e9rieur est antid\u00e9rapant, emp\u00eachant de glisser lors de la charge.<br \/>\nLa base est connect\u00e9e \u00e0 la ligne et est facile \u00e0 utiliser.<br \/>\nMod\u00e8les applicables: pour la montre intelligente Huami Amazfit Stratos 2 \/ 2S<\/p>","protected":false},"excerpt":{"rendered":"<p>Conception monobloc, Sonde m\u00e9tallique mince int\u00e9gr\u00e9e pour de bonnes performances. Le silicone inf\u00e9rieur est antid\u00e9rapant, emp\u00eachant de glisser lors de la charge. La base est connect\u00e9e \u00e0 la ligne et est facile \u00e0 utiliser. Mod\u00e8les applicables: pour la montre intelligente Huami Amazfit Stratos 2 \/ 2S<\/p>","protected":false},"featured_media":7836,"comment_status":"open","ping_status":"closed","template":"","meta":{"event_title":"","event_details":"","event_timezone":"","event_gmap":"","event_image":"","event_image_url":"","event_calendar_link":"","event_location":"","event_datetime_with_summary":"","event_datetime":"","event_date_type":"","event_rulesummary":"","event_ticket_rsvp":"","_gspb_post_css":""},"product_brand":[],"product_cat":[94,91],"product_tag":[],"class_list":{"0":"post-7837","1":"product","2":"type-product","3":"status-publish","4":"has-post-thumbnail","6":"product_cat-chargeurs-smartwatch","7":"product_cat-smartwatch","9":"first","10":"instock","11":"sale","12":"shipping-taxable","13":"purchasable","14":"product-type-simple"},"jetpack_sharing_enabled":true,"_links":{"self":[{"href":"https:\/\/espacetechnologie.ma\/ar\/wp-json\/wp\/v2\/product\/7837","targetHints":{"allow":["GET"]}}],"collection":[{"href":"https:\/\/espacetechnologie.ma\/ar\/wp-json\/wp\/v2\/product"}],"about":[{"href":"https:\/\/espacetechnologie.ma\/ar\/wp-json\/wp\/v2\/types\/product"}],"replies":[{"embeddable":true,"href":"https:\/\/espacetechnologie.ma\/ar\/wp-json\/wp\/v2\/comments?post=7837"}],"wp:featuredmedia":[{"embeddable":true,"href":"https:\/\/espacetechnologie.ma\/ar\/wp-json\/wp\/v2\/media\/7836"}],"wp:attachment":[{"href":"https:\/\/espacetechnologie.ma\/ar\/wp-json\/wp\/v2\/media?parent=7837"}],"wp:term":[{"taxonomy":"product_brand","embeddable":true,"href":"https:\/\/espacetechnologie.ma\/ar\/wp-json\/wp\/v2\/product_brand?post=7837"},{"taxonomy":"product_cat","embeddable":true,"href":"https:\/\/espacetechnologie.ma\/ar\/wp-json\/wp\/v2\/product_cat?post=7837"},{"taxonomy":"product_tag","embeddable":true,"href":"https:\/\/espacetechnologie.ma\/ar\/wp-json\/wp\/v2\/product_tag?post=7837"}],"curies":[{"name":"wp","href":"https:\/\/api.w.org\/{rel}","templated":true}]}}