{"id":7831,"date":"2025-07-09T07:52:20","date_gmt":"2025-07-09T06:52:20","guid":{"rendered":"https:\/\/espacetechnologie.ma\/product\/sac-de-voyage-antivol-multifonction-portefeuille\/"},"modified":"2025-08-02T12:53:05","modified_gmt":"2025-08-02T11:53:05","slug":"sac-de-voyage-antivol-multifonction-portefeuille","status":"publish","type":"product","link":"https:\/\/espacetechnologie.ma\/ar\/product\/sac-de-voyage-antivol-multifonction-portefeuille\/","title":{"rendered":"sac de voyage antivol multifonction+ Portefeuille"},"content":{"rendered":"<p>Styles: Sac de taille \u00e0 corps crois\u00e9<br \/>\nMat\u00e9riau: Polyester + Nylon<br \/>\nCouleur: Noir, marron, gris<br \/>\nTaille: 32 x 16 x 6cm<br \/>\nPopulation applicable: Hommes \\\/Femmes<\/p>","protected":false},"excerpt":{"rendered":"<p>Styles: Sac de taille \u00e0 corps crois\u00e9 Mat\u00e9riau: Polyester + Nylon Couleur: Noir, marron, gris Taille: 32 x 16 x 6cm Population applicable: Hommes \\\/Femmes<\/p>","protected":false},"featured_media":7830,"comment_status":"open","ping_status":"closed","template":"","meta":{"event_title":"","event_details":"","event_timezone":"","event_gmap":"","event_image":"","event_image_url":"","event_calendar_link":"","event_location":"","event_datetime_with_summary":"","event_datetime":"","event_date_type":"","event_rulesummary":"","event_ticket_rsvp":"","_gspb_post_css":""},"product_brand":[],"product_cat":[82],"product_tag":[],"class_list":{"0":"post-7831","1":"product","2":"type-product","3":"status-publish","4":"has-post-thumbnail","6":"product_cat-gadgets","8":"first","9":"instock","10":"sale","11":"shipping-taxable","12":"purchasable","13":"product-type-simple"},"jetpack_sharing_enabled":true,"_links":{"self":[{"href":"https:\/\/espacetechnologie.ma\/ar\/wp-json\/wp\/v2\/product\/7831","targetHints":{"allow":["GET"]}}],"collection":[{"href":"https:\/\/espacetechnologie.ma\/ar\/wp-json\/wp\/v2\/product"}],"about":[{"href":"https:\/\/espacetechnologie.ma\/ar\/wp-json\/wp\/v2\/types\/product"}],"replies":[{"embeddable":true,"href":"https:\/\/espacetechnologie.ma\/ar\/wp-json\/wp\/v2\/comments?post=7831"}],"wp:featuredmedia":[{"embeddable":true,"href":"https:\/\/espacetechnologie.ma\/ar\/wp-json\/wp\/v2\/media\/7830"}],"wp:attachment":[{"href":"https:\/\/espacetechnologie.ma\/ar\/wp-json\/wp\/v2\/media?parent=7831"}],"wp:term":[{"taxonomy":"product_brand","embeddable":true,"href":"https:\/\/espacetechnologie.ma\/ar\/wp-json\/wp\/v2\/product_brand?post=7831"},{"taxonomy":"product_cat","embeddable":true,"href":"https:\/\/espacetechnologie.ma\/ar\/wp-json\/wp\/v2\/product_cat?post=7831"},{"taxonomy":"product_tag","embeddable":true,"href":"https:\/\/espacetechnologie.ma\/ar\/wp-json\/wp\/v2\/product_tag?post=7831"}],"curies":[{"name":"wp","href":"https:\/\/api.w.org\/{rel}","templated":true}]}}