{"id":7808,"date":"2025-07-09T07:52:16","date_gmt":"2025-07-09T06:52:16","guid":{"rendered":"https:\/\/espacetechnologie.ma\/product\/2-pneus-solides-pour-xaiomi-trottinette-electrique-m365-pro-pro2-1s-essential-1s-wispeed-t850-t855-pro-8-5-pouce\/"},"modified":"2025-08-02T15:13:30","modified_gmt":"2025-08-02T14:13:30","slug":"2-pneus-solides-pour-xaiomi-trottinette-electrique-m365-pro-pro2-1s-essential-1s-wispeed-t850-t855-pro-8-5-pouce","status":"publish","type":"product","link":"https:\/\/espacetechnologie.ma\/ar\/product\/2-pneus-solides-pour-xaiomi-trottinette-electrique-m365-pro-pro2-1s-essential-1s-wispeed-t850-t855-pro-8-5-pouce\/","title":{"rendered":"2 pneus solides pour XAIOMI trottinette \u00e9lectrique M365\/Pro\/Pro2\/1S\/Essential\/1S, Wispeed T850, T855\/pro 8.5 pouce"},"content":{"rendered":"<p>Caract\u00e9ristiques principales:<br \/>\n\u2022 Mat\u00e9riau en caoutchouc, r\u00e9sistant \u00e0 l&rsquo;abrasion et antid\u00e9rapant, de haute qualit\u00e9 et durable<br \/>\n\u2022 Pneu arri\u00e8re solide pour scooter \u00e9lectrique Xiaomi M365<br \/>\n\u2022 Le motif antid\u00e9rapant permet de l&rsquo;utiliser par temps de neige et de pluie, en toute s\u00e9curit\u00e9 pour jouer au scooter<br \/>\n\u2022 Facile \u00e0 utiliser et \u00e0 remplacer, ajust\u00e9 de mani\u00e8re flexible et fix\u00e9 fermement<br \/>\n\u2022 Taille du pneu: 21x21x5cm<\/p>\n<p>Remarque: le pneu creux solide est une installation plus difficile que le pneu de gonflage. Il faut des outils et 2 personnes pour l&rsquo;installer. Veuillez vous r\u00e9f\u00e9rer \u00e0 la vid\u00e9o.<br \/>\nNouveau pneu solide creux Non pneumatique, version am\u00e9lior\u00e9e plus souple<\/p>","protected":false},"excerpt":{"rendered":"<p>Taille de roue\u00a0: 8,5 pouces x 2<br \/>\nPas de pression requise\u00a0pour les pneus pleins<br \/>\nPneu increvable Xiaomi<br \/>\nCouleur :\u00a0noire<br \/>\nPi\u00e8ce d\u00e9tach\u00e9e\u00a0: Pneu<\/p>","protected":false},"featured_media":7807,"comment_status":"open","ping_status":"closed","template":"","meta":{"event_title":"","event_details":"","event_timezone":"","event_gmap":"","event_image":"","event_image_url":"","event_calendar_link":"","event_location":"","event_datetime_with_summary":"","event_datetime":"","event_date_type":"","event_rulesummary":"","event_ticket_rsvp":"","_gspb_post_css":""},"product_brand":[],"product_cat":[122,120],"product_tag":[],"class_list":{"0":"post-7808","1":"product","2":"type-product","3":"status-publish","4":"has-post-thumbnail","6":"product_cat-accessoires-trottinette","7":"product_cat-trottinette","9":"first","10":"instock","11":"sale","12":"shipping-taxable","13":"purchasable","14":"product-type-simple"},"jetpack_sharing_enabled":true,"_links":{"self":[{"href":"https:\/\/espacetechnologie.ma\/ar\/wp-json\/wp\/v2\/product\/7808","targetHints":{"allow":["GET"]}}],"collection":[{"href":"https:\/\/espacetechnologie.ma\/ar\/wp-json\/wp\/v2\/product"}],"about":[{"href":"https:\/\/espacetechnologie.ma\/ar\/wp-json\/wp\/v2\/types\/product"}],"replies":[{"embeddable":true,"href":"https:\/\/espacetechnologie.ma\/ar\/wp-json\/wp\/v2\/comments?post=7808"}],"wp:featuredmedia":[{"embeddable":true,"href":"https:\/\/espacetechnologie.ma\/ar\/wp-json\/wp\/v2\/media\/7807"}],"wp:attachment":[{"href":"https:\/\/espacetechnologie.ma\/ar\/wp-json\/wp\/v2\/media?parent=7808"}],"wp:term":[{"taxonomy":"product_brand","embeddable":true,"href":"https:\/\/espacetechnologie.ma\/ar\/wp-json\/wp\/v2\/product_brand?post=7808"},{"taxonomy":"product_cat","embeddable":true,"href":"https:\/\/espacetechnologie.ma\/ar\/wp-json\/wp\/v2\/product_cat?post=7808"},{"taxonomy":"product_tag","embeddable":true,"href":"https:\/\/espacetechnologie.ma\/ar\/wp-json\/wp\/v2\/product_tag?post=7808"}],"curies":[{"name":"wp","href":"https:\/\/api.w.org\/{rel}","templated":true}]}}