{"id":7795,"date":"2025-07-09T07:52:13","date_gmt":"2025-07-09T06:52:13","guid":{"rendered":"https:\/\/espacetechnologie.ma\/product\/%d8%ad%d8%a7%d9%85%d9%84-%d8%a7%d9%84%d9%87%d9%88%d8%a7%d8%aa%d9%81-%d8%b9%d9%84%d9%89-%d8%a7%d9%84%d8%b9%d9%86%d9%82\/"},"modified":"2025-08-03T07:07:31","modified_gmt":"2025-08-03T06:07:31","slug":"%d8%ad%d8%a7%d9%85%d9%84-%d8%a7%d9%84%d9%87%d9%88%d8%a7%d8%aa%d9%81-%d8%b9%d9%84%d9%89-%d8%a7%d9%84%d8%b9%d9%86%d9%82","status":"publish","type":"product","link":"https:\/\/espacetechnologie.ma\/ar\/product\/%d8%ad%d8%a7%d9%85%d9%84-%d8%a7%d9%84%d9%87%d9%88%d8%a7%d8%aa%d9%81-%d8%b9%d9%84%d9%89-%d8%a7%d9%84%d8%b9%d9%86%d9%82\/","title":{"rendered":"\u062d\u0627\u0645\u0644 \u0627\u0644\u0647\u0648\u0627\u062a\u0641 \u0639\u0644\u0649 \u0627\u0644\u0639\u0646\u0642"},"content":{"rendered":"<p>1. Cet accessoire permet de filmer ou de photographier avec votre smartphone lorsque les mains sont occup\u00e9es.<br \/>\n3. Il est facile \u00e0 utiliser et peut r\u00e9aliser le r\u00e9glage de 180 degr\u00e9s, \u00e0 n&rsquo;importe quel angle que vous aimez.<br \/>\n4. Le support de t\u00e9l\u00e9phone aide \u00e0 enregistrer la sc\u00e8ne du point de vue, ce qui est un gadget utile si vous voulez faire un film amusant.<br \/>\n5. Il pourrait \u00eatre utilis\u00e9 dans de nombreuses situations, enregistrer la vue en faisant du v\u00e9lo, diffusion en direct lorsque vous cuisinez.<br \/>\n6. Vous pouvez facilement enregistrer tous les moments de la vie.<br \/>\n7. Compatible avec la plupart des smartphones et des cam\u00e9ras d&rsquo;action.<br \/>\n8. La taille du clip est de 2.3<br \/>\nType d&rsquo;article: support de cou portable<br \/>\nTaille du Clip: 2.3<br \/>\nMat\u00e9riau: Plastique<br \/>\nCouleur: Noir<br \/>\n1x support de t\u00e9l\u00e9phone mains libres portable \u00e0 accrocher au support de cou<br \/>\nType d&rsquo;article: support de cou portable<br \/>\nTaille du Clip: 2.3<br \/>\nMat\u00e9riau: Plastique<br \/>\nCouleur: Noir<br \/>\n1x support de t\u00e9l\u00e9phone mains libres portable \u00e0 accrocher au support de cou<\/p>","protected":false},"excerpt":{"rendered":"<p>1. Cet accessoire permet de filmer ou de photographier avec votre smartphone lorsque les mains sont occup\u00e9es.<br \/>\n3. Il est facile \u00e0 utiliser et peut r\u00e9aliser le r\u00e9glage de 180 degr\u00e9s, \u00e0 n&rsquo;importe quel angle que vous aimez.<br \/>\n4. Le support de t\u00e9l\u00e9phone aide \u00e0 enregistrer la sc\u00e8ne du point de vue, ce qui est un gadget utile si vous voulez faire un film amusant.<br \/>\n5. Il pourrait \u00eatre utilis\u00e9 dans de nombreuses situations, enregistrer la vue en faisant du v\u00e9lo, diffusion en direct lorsque vous cuisinez.<br \/>\n6. Vous pouvez facilement enregistrer tous les moments de la vie.<br \/>\n7. Compatible avec la plupart des smartphones et des cam\u00e9ras d&rsquo;action.<br \/>\n8. La taille du clip est de 2.3<br \/>\nSp\u00e9cification:<br \/>\nType d&rsquo;article: support de cou portable<br \/>\nTaille du Clip: 2.3<br \/>\nMat\u00e9riau: Plastique<br \/>\nCouleur: Noir<br \/>\n1x support de t\u00e9l\u00e9phone mains libres portable \u00e0 accrocher au support de cou<br \/>\nType d&rsquo;article: support de cou portable<br \/>\nTaille du Clip: 2.3<br \/>\nMat\u00e9riau: Plastique<br \/>\nCouleur: Noir<br \/>\n1x support de t\u00e9l\u00e9phone mains libres portable \u00e0 accrocher au support de cou<\/p>","protected":false},"featured_media":7794,"comment_status":"open","ping_status":"closed","template":"","meta":{"event_title":"","event_details":"","event_timezone":"","event_gmap":"","event_image":"","event_image_url":"","event_calendar_link":"","event_location":"","event_datetime_with_summary":"","event_datetime":"","event_date_type":"","event_rulesummary":"","event_ticket_rsvp":"","_gspb_post_css":""},"product_brand":[],"product_cat":[90,82,84],"product_tag":[],"class_list":{"0":"post-7795","1":"product","2":"type-product","3":"status-publish","4":"has-post-thumbnail","6":"product_cat-autres-accessoires-smartphone","7":"product_cat-gadgets","8":"product_cat-smartphone","10":"first","11":"instock","12":"sale","13":"shipping-taxable","14":"purchasable","15":"product-type-simple"},"jetpack_sharing_enabled":true,"_links":{"self":[{"href":"https:\/\/espacetechnologie.ma\/ar\/wp-json\/wp\/v2\/product\/7795","targetHints":{"allow":["GET"]}}],"collection":[{"href":"https:\/\/espacetechnologie.ma\/ar\/wp-json\/wp\/v2\/product"}],"about":[{"href":"https:\/\/espacetechnologie.ma\/ar\/wp-json\/wp\/v2\/types\/product"}],"replies":[{"embeddable":true,"href":"https:\/\/espacetechnologie.ma\/ar\/wp-json\/wp\/v2\/comments?post=7795"}],"wp:featuredmedia":[{"embeddable":true,"href":"https:\/\/espacetechnologie.ma\/ar\/wp-json\/wp\/v2\/media\/7794"}],"wp:attachment":[{"href":"https:\/\/espacetechnologie.ma\/ar\/wp-json\/wp\/v2\/media?parent=7795"}],"wp:term":[{"taxonomy":"product_brand","embeddable":true,"href":"https:\/\/espacetechnologie.ma\/ar\/wp-json\/wp\/v2\/product_brand?post=7795"},{"taxonomy":"product_cat","embeddable":true,"href":"https:\/\/espacetechnologie.ma\/ar\/wp-json\/wp\/v2\/product_cat?post=7795"},{"taxonomy":"product_tag","embeddable":true,"href":"https:\/\/espacetechnologie.ma\/ar\/wp-json\/wp\/v2\/product_tag?post=7795"}],"curies":[{"name":"wp","href":"https:\/\/api.w.org\/{rel}","templated":true}]}}