{"id":7786,"date":"2025-07-09T07:52:10","date_gmt":"2025-07-09T06:52:10","guid":{"rendered":"https:\/\/espacetechnologie.ma\/product\/vehicule-magnetique-tableau-de-bord-support-stand-pour-telephone-portable-hud-universel-de-voiture-support-de-telephone-cradle-360-degres-de-rotation-bright\/"},"modified":"2025-08-03T06:45:57","modified_gmt":"2025-08-03T05:45:57","slug":"vehicule-magnetique-tableau-de-bord-support-stand-pour-telephone-portable-hud-universel-de-voiture-support-de-telephone-cradle-360-degres-de-rotation-bright","status":"publish","type":"product","link":"https:\/\/espacetechnologie.ma\/ar\/product\/vehicule-magnetique-tableau-de-bord-support-stand-pour-telephone-portable-hud-universel-de-voiture-support-de-telephone-cradle-360-degres-de-rotation-bright\/","title":{"rendered":"V\u00e9hicule Magn\u00e9tique Tableau de Bord Support Stand Pour T\u00e9l\u00e9phone portable HUD Universel De Voiture Support de T\u00e9l\u00e9phone Cradle 360 Degr\u00e9s de Rotation BRIGHT"},"content":{"rendered":"<p>Material:ABS Plastic<br \/>\nColor Name:Black<\/p>","protected":false},"excerpt":{"rendered":"<p>Material:ABS Plastic Color Name:Black<\/p>","protected":false},"featured_media":7785,"comment_status":"open","ping_status":"closed","template":"","meta":{"event_title":"","event_details":"","event_timezone":"","event_gmap":"","event_image":"","event_image_url":"","event_calendar_link":"","event_location":"","event_datetime_with_summary":"","event_datetime":"","event_date_type":"","event_rulesummary":"","event_ticket_rsvp":"","_gspb_post_css":""},"product_brand":[],"product_cat":[114,90,82,84,113],"product_tag":[],"class_list":{"0":"post-7786","1":"product","2":"type-product","3":"status-publish","4":"has-post-thumbnail","6":"product_cat-accessoires-voiture","7":"product_cat-autres-accessoires-smartphone","8":"product_cat-gadgets","9":"product_cat-smartphone","10":"product_cat-voiture-moto","12":"first","13":"instock","14":"sale","15":"shipping-taxable","16":"purchasable","17":"product-type-simple"},"jetpack_sharing_enabled":true,"_links":{"self":[{"href":"https:\/\/espacetechnologie.ma\/ar\/wp-json\/wp\/v2\/product\/7786","targetHints":{"allow":["GET"]}}],"collection":[{"href":"https:\/\/espacetechnologie.ma\/ar\/wp-json\/wp\/v2\/product"}],"about":[{"href":"https:\/\/espacetechnologie.ma\/ar\/wp-json\/wp\/v2\/types\/product"}],"replies":[{"embeddable":true,"href":"https:\/\/espacetechnologie.ma\/ar\/wp-json\/wp\/v2\/comments?post=7786"}],"wp:featuredmedia":[{"embeddable":true,"href":"https:\/\/espacetechnologie.ma\/ar\/wp-json\/wp\/v2\/media\/7785"}],"wp:attachment":[{"href":"https:\/\/espacetechnologie.ma\/ar\/wp-json\/wp\/v2\/media?parent=7786"}],"wp:term":[{"taxonomy":"product_brand","embeddable":true,"href":"https:\/\/espacetechnologie.ma\/ar\/wp-json\/wp\/v2\/product_brand?post=7786"},{"taxonomy":"product_cat","embeddable":true,"href":"https:\/\/espacetechnologie.ma\/ar\/wp-json\/wp\/v2\/product_cat?post=7786"},{"taxonomy":"product_tag","embeddable":true,"href":"https:\/\/espacetechnologie.ma\/ar\/wp-json\/wp\/v2\/product_tag?post=7786"}],"curies":[{"name":"wp","href":"https:\/\/api.w.org\/{rel}","templated":true}]}}