{"id":7781,"date":"2025-07-09T07:52:10","date_gmt":"2025-07-09T06:52:10","guid":{"rendered":"https:\/\/espacetechnologie.ma\/product\/telecommande-2-4grf-clavier-sans-fil\/"},"modified":"2025-08-02T14:57:23","modified_gmt":"2025-08-02T13:57:23","slug":"telecommande-2-4grf-clavier-sans-fil","status":"publish","type":"product","link":"https:\/\/espacetechnologie.ma\/ar\/product\/telecommande-2-4grf-clavier-sans-fil\/","title":{"rendered":"t\u00e9l\u00e9commande 2.4GRF clavier sans fil"},"content":{"rendered":"<p>Applicable:\u00a0Divertissement \u00e0 domicile, \u00e9ducation multim\u00e9dia, formation, r\u00e9unions, pr\u00e9sentations etOrdinateur t\u00e9l\u00e9command\u00e9 contr\u00f4l\u00e9 par ordinateur; TV de voiture, HTPC, TV grand \u00e9cran, TV intelligente, lecteur de disque dur, r\u00e9seauLecteur X-BOX<br \/>\nSyst\u00e8me de soutien:\u00a0P\u00e9riph\u00e9rique h\u00f4te USB compatible HID-windows XP, Vista, 7\/8\/10, Linux, android OS(Avec l&rsquo;interface standard d&rsquo;usb), Mac OS<br \/>\nTaille:\u00a0143*89.5*18.5mm<br \/>\nMode de Transmission:\u00a0GFSK 2.4 GHz sans fil, jusqu&rsquo;\u00e0 10 m\u00e8tres<br \/>\nPuissance De Transmission:\u00a0Moins de + 4bd<br \/>\nPort de connexion:\u00a0Avec USB2.0 ou au-dessus<\/p>","protected":false},"excerpt":{"rendered":"<p>r\u00e9tro-\u00e9clair\u00e9 2.4 GHz Mini clavier sans fil Portable avec pav\u00e9 tactile t\u00e9l\u00e9commande pour PC Portable Smart TV<br \/>\nOrdinateur t\u00e9l\u00e9command\u00e9 contr\u00f4l\u00e9 par ordinateur; TV de voiture, HTPC, TV grand \u00e9cran, TV intelligente, lecteur de disque dur, r\u00e9seau<br \/>\nLecteur X-BOX<br \/>\n(Avec l&rsquo;interface standard d&rsquo;usb), Mac OS<\/p>","protected":false},"featured_media":7780,"comment_status":"open","ping_status":"closed","template":"","meta":{"event_title":"","event_details":"","event_timezone":"","event_gmap":"","event_image":"","event_image_url":"","event_calendar_link":"","event_location":"","event_datetime_with_summary":"","event_datetime":"","event_date_type":"","event_rulesummary":"","event_ticket_rsvp":"","_gspb_post_css":""},"product_brand":[],"product_cat":[125,123],"product_tag":[],"class_list":{"0":"post-7781","1":"product","2":"type-product","3":"status-publish","4":"has-post-thumbnail","6":"product_cat-autres-accessoires-tv","7":"product_cat-tv","9":"first","10":"instock","11":"sale","12":"shipping-taxable","13":"purchasable","14":"product-type-simple"},"jetpack_sharing_enabled":true,"_links":{"self":[{"href":"https:\/\/espacetechnologie.ma\/ar\/wp-json\/wp\/v2\/product\/7781","targetHints":{"allow":["GET"]}}],"collection":[{"href":"https:\/\/espacetechnologie.ma\/ar\/wp-json\/wp\/v2\/product"}],"about":[{"href":"https:\/\/espacetechnologie.ma\/ar\/wp-json\/wp\/v2\/types\/product"}],"replies":[{"embeddable":true,"href":"https:\/\/espacetechnologie.ma\/ar\/wp-json\/wp\/v2\/comments?post=7781"}],"wp:featuredmedia":[{"embeddable":true,"href":"https:\/\/espacetechnologie.ma\/ar\/wp-json\/wp\/v2\/media\/7780"}],"wp:attachment":[{"href":"https:\/\/espacetechnologie.ma\/ar\/wp-json\/wp\/v2\/media?parent=7781"}],"wp:term":[{"taxonomy":"product_brand","embeddable":true,"href":"https:\/\/espacetechnologie.ma\/ar\/wp-json\/wp\/v2\/product_brand?post=7781"},{"taxonomy":"product_cat","embeddable":true,"href":"https:\/\/espacetechnologie.ma\/ar\/wp-json\/wp\/v2\/product_cat?post=7781"},{"taxonomy":"product_tag","embeddable":true,"href":"https:\/\/espacetechnologie.ma\/ar\/wp-json\/wp\/v2\/product_tag?post=7781"}],"curies":[{"name":"wp","href":"https:\/\/api.w.org\/{rel}","templated":true}]}}