{"id":7763,"date":"2025-07-09T07:52:06","date_gmt":"2025-07-09T06:52:06","guid":{"rendered":"https:\/\/espacetechnologie.ma\/product\/repartiteur-usb-4-ports-usb-3-0-repartiteur-4-ports-avec-interrupteur-pour-pc\/"},"modified":"2025-08-03T06:55:13","modified_gmt":"2025-08-03T05:55:13","slug":"repartiteur-usb-4-ports-usb-3-0-repartiteur-4-ports-avec-interrupteur-pour-pc","status":"publish","type":"product","link":"https:\/\/espacetechnologie.ma\/ar\/product\/repartiteur-usb-4-ports-usb-3-0-repartiteur-4-ports-avec-interrupteur-pour-pc\/","title":{"rendered":"R\u00e9partiteur USB 4 Ports USB 3.0 r\u00e9partiteur 4 Ports avec interrupteur pour PC"},"content":{"rendered":"<p>Caract\u00e9ristiques:<br \/>\nQuatre ports USB 3.0 offrent un transfert \u00e0 grande vitesse, jusqu&rsquo;\u00e0 5Gbps.<br \/>\nPrise en charge plug and play.<br \/>\nConception \u00e0 moiti\u00e9 transparente et avec indicateurs LED bleu sont con\u00e7us pour la puissance.<br \/>\nLes commutateurs marche\/arr\u00eat activent ou d\u00e9sactivent les ports individuels.<br \/>\nConception de petite taille et portable, adapt\u00e9e aux voyages et r\u00e9pondant \u00e0 vos besoins de connectivit\u00e9.<br \/>\nLargement compatible pour u-disk\/souris et clavier\/cam\u00e9ra\/ventilateur USB\/t\u00e9l\u00e9phone portable\/disque dur Mobile\/imprimante\/Scanner et autres p\u00e9riph\u00e9riques USB.<\/p>\n<p>Sp\u00e9cification:<br \/>\nType: HUB d&rsquo;usb de 4 ports<br \/>\nPorts USB: 4<br \/>\nTaux de transfert de Date: jusqu&rsquo;\u00e0 5Gbps<br \/>\nCouleur: Noir<br \/>\nCompatible: WindowsXP\/Vista\/7\/MAC OS 9.1 ou sup\u00e9rieur<br \/>\nTaille de l&rsquo;article: 10.4*2.6*2cm \/ 4.09*1.02 * 0.8in<br \/>\nPoids de l&rsquo;article: 46.2g \/ 1.6oz<br \/>\nTaille de l&#8217;emballage: 20.8*10*2cm \/ 8.2*3.9 * 0.8in<br \/>\nPoids du paquet: 96g \/ 3.4oz<\/p>\n<p>Liste de colisage:<br \/>\n1 * HUB USB<br \/>\n1 * c\u00e2ble<\/p>","protected":false},"excerpt":{"rendered":"<p>Type: HUB d&rsquo;usb de 4 ports<br \/>\nPorts USB: 4<br \/>\nTaux de transfert de Date: jusqu&rsquo;\u00e0 5Gbps<br \/>\nCouleur: Noir<br \/>\nCompatible: WindowsXP\/Vista\/7\/MAC OS 9.1 ou sup\u00e9rieur<br \/>\nTaille de l&rsquo;article: 10.4*2.6*2cm \/ 4.09*1.02 * 0.8in<br \/>\nPoids de l&rsquo;article: 46.2g \/ 1.6oz<br \/>\nTaille de l&#8217;emballage: 20.8*10*2cm \/ 8.2*3.9 * 0.8in<br \/>\nPoids du paquet: 96g \/ 3.4oz<\/p>","protected":false},"featured_media":7762,"comment_status":"open","ping_status":"closed","template":"","meta":{"event_title":"","event_details":"","event_timezone":"","event_gmap":"","event_image":"","event_image_url":"","event_calendar_link":"","event_location":"","event_datetime_with_summary":"","event_datetime":"","event_date_type":"","event_rulesummary":"","event_ticket_rsvp":"","_gspb_post_css":""},"product_brand":[],"product_cat":[101,96],"product_tag":[],"class_list":{"0":"post-7763","1":"product","2":"type-product","3":"status-publish","4":"has-post-thumbnail","6":"product_cat-hubs-pc","7":"product_cat-pc","9":"first","10":"instock","11":"sale","12":"shipping-taxable","13":"purchasable","14":"product-type-simple"},"jetpack_sharing_enabled":true,"_links":{"self":[{"href":"https:\/\/espacetechnologie.ma\/ar\/wp-json\/wp\/v2\/product\/7763","targetHints":{"allow":["GET"]}}],"collection":[{"href":"https:\/\/espacetechnologie.ma\/ar\/wp-json\/wp\/v2\/product"}],"about":[{"href":"https:\/\/espacetechnologie.ma\/ar\/wp-json\/wp\/v2\/types\/product"}],"replies":[{"embeddable":true,"href":"https:\/\/espacetechnologie.ma\/ar\/wp-json\/wp\/v2\/comments?post=7763"}],"wp:featuredmedia":[{"embeddable":true,"href":"https:\/\/espacetechnologie.ma\/ar\/wp-json\/wp\/v2\/media\/7762"}],"wp:attachment":[{"href":"https:\/\/espacetechnologie.ma\/ar\/wp-json\/wp\/v2\/media?parent=7763"}],"wp:term":[{"taxonomy":"product_brand","embeddable":true,"href":"https:\/\/espacetechnologie.ma\/ar\/wp-json\/wp\/v2\/product_brand?post=7763"},{"taxonomy":"product_cat","embeddable":true,"href":"https:\/\/espacetechnologie.ma\/ar\/wp-json\/wp\/v2\/product_cat?post=7763"},{"taxonomy":"product_tag","embeddable":true,"href":"https:\/\/espacetechnologie.ma\/ar\/wp-json\/wp\/v2\/product_tag?post=7763"}],"curies":[{"name":"wp","href":"https:\/\/api.w.org\/{rel}","templated":true}]}}