{"id":7732,"date":"2025-07-09T07:52:00","date_gmt":"2025-07-09T06:52:00","guid":{"rendered":"https:\/\/espacetechnologie.ma\/product\/pile-multifunction-avec-eclairage-de-2km-2\/"},"modified":"2025-08-02T12:52:59","modified_gmt":"2025-08-02T11:52:59","slug":"pile-multifunction-avec-eclairage-de-2km-2","status":"publish","type":"product","link":"https:\/\/espacetechnologie.ma\/ar\/product\/pile-multifunction-avec-eclairage-de-2km-2\/","title":{"rendered":"Pile Multifunction avec \u00e9clairage de 2km"},"content":{"rendered":"<p>Batterie au lithium rechargeable<br \/>\nHaute luminosit\u00e9Chargement de t\u00e9l\u00e9phone USB<br \/>\nPlus de 2km<\/p>","protected":false},"excerpt":{"rendered":"<p>Batterie au lithium rechargeable Haute luminosit\u00e9Chargement de t\u00e9l\u00e9phone USB Plus de 2km<\/p>","protected":false},"featured_media":7731,"comment_status":"open","ping_status":"closed","template":"","meta":{"event_title":"","event_details":"","event_timezone":"","event_gmap":"","event_image":"","event_image_url":"","event_calendar_link":"","event_location":"","event_datetime_with_summary":"","event_datetime":"","event_date_type":"","event_rulesummary":"","event_ticket_rsvp":"","_gspb_post_css":""},"product_brand":[],"product_cat":[82],"product_tag":[],"class_list":{"0":"post-7732","1":"product","2":"type-product","3":"status-publish","4":"has-post-thumbnail","6":"product_cat-gadgets","8":"first","9":"instock","10":"sale","11":"shipping-taxable","12":"purchasable","13":"product-type-simple"},"jetpack_sharing_enabled":true,"_links":{"self":[{"href":"https:\/\/espacetechnologie.ma\/ar\/wp-json\/wp\/v2\/product\/7732","targetHints":{"allow":["GET"]}}],"collection":[{"href":"https:\/\/espacetechnologie.ma\/ar\/wp-json\/wp\/v2\/product"}],"about":[{"href":"https:\/\/espacetechnologie.ma\/ar\/wp-json\/wp\/v2\/types\/product"}],"replies":[{"embeddable":true,"href":"https:\/\/espacetechnologie.ma\/ar\/wp-json\/wp\/v2\/comments?post=7732"}],"wp:featuredmedia":[{"embeddable":true,"href":"https:\/\/espacetechnologie.ma\/ar\/wp-json\/wp\/v2\/media\/7731"}],"wp:attachment":[{"href":"https:\/\/espacetechnologie.ma\/ar\/wp-json\/wp\/v2\/media?parent=7732"}],"wp:term":[{"taxonomy":"product_brand","embeddable":true,"href":"https:\/\/espacetechnologie.ma\/ar\/wp-json\/wp\/v2\/product_brand?post=7732"},{"taxonomy":"product_cat","embeddable":true,"href":"https:\/\/espacetechnologie.ma\/ar\/wp-json\/wp\/v2\/product_cat?post=7732"},{"taxonomy":"product_tag","embeddable":true,"href":"https:\/\/espacetechnologie.ma\/ar\/wp-json\/wp\/v2\/product_tag?post=7732"}],"curies":[{"name":"wp","href":"https:\/\/api.w.org\/{rel}","templated":true}]}}