{"id":7651,"date":"2025-07-09T07:51:42","date_gmt":"2025-07-09T06:51:42","guid":{"rendered":"https:\/\/espacetechnologie.ma\/product\/support-de-retroviseur-de-voiture-et-bouton-tournant-aide-voitures\/"},"modified":"2025-08-03T06:55:28","modified_gmt":"2025-08-03T05:55:28","slug":"support-de-retroviseur-de-voiture-et-bouton-tournant-aide-voitures","status":"publish","type":"product","link":"https:\/\/espacetechnologie.ma\/ar\/product\/support-de-retroviseur-de-voiture-et-bouton-tournant-aide-voitures\/","title":{"rendered":"Support de r\u00e9troviseur de voiture Et bouton tournant aide voitures"},"content":{"rendered":"<p>Support de t\u00e9l\u00e9phone :<br \/>\n1. Fabriqu\u00e9 en mat\u00e9riau ABS, \u00e9cologique et durable.<br \/>\n2. Facile \u00e0 utiliser, peut \u00eatre utilis\u00e9 d&rsquo;une seule main.<br \/>\n3. La structure de la boucle est adopt\u00e9e, ce qui est pratique pour un d\u00e9montage et une installation rapides.<br \/>\n4. Le bras de serrage \u00e0 ressort est souple et ne blesse pas le t\u00e9l\u00e9phone.<br \/>\nbouton poign\u00e9e :<br \/>\n\u2022 Conception en forme de colonne du volant.\u2022 Pour s&rsquo;assurer que le volant lui convient.\u2022 Surface interne en gel de silice avec une forte glutinosit\u00e9\u2022 Silice et booster avec un processus sp\u00e9cial d&rsquo;adh\u00e9rence, ce qui fait que la silice ne tombera pas.\u2022 Facile \u00e0 installer: juste encastr\u00e9 dans l&rsquo;acier de direction. Pas besoin d&rsquo;autres vis \u00e0 fixer.\u2022 Couleur Simple.<\/p>","protected":false},"excerpt":{"rendered":"<p>Liste des paquets:<br \/>\n1 * Booster Ball<\/p>","protected":false},"featured_media":7650,"comment_status":"open","ping_status":"closed","template":"","meta":{"event_title":"","event_details":"","event_timezone":"","event_gmap":"","event_image":"","event_image_url":"","event_calendar_link":"","event_location":"","event_datetime_with_summary":"","event_datetime":"","event_date_type":"","event_rulesummary":"","event_ticket_rsvp":"","_gspb_post_css":""},"product_brand":[],"product_cat":[114,113],"product_tag":[],"class_list":{"0":"post-7651","1":"product","2":"type-product","3":"status-publish","4":"has-post-thumbnail","6":"product_cat-accessoires-voiture","7":"product_cat-voiture-moto","9":"first","10":"instock","11":"sale","12":"shipping-taxable","13":"purchasable","14":"product-type-simple"},"jetpack_sharing_enabled":true,"_links":{"self":[{"href":"https:\/\/espacetechnologie.ma\/ar\/wp-json\/wp\/v2\/product\/7651","targetHints":{"allow":["GET"]}}],"collection":[{"href":"https:\/\/espacetechnologie.ma\/ar\/wp-json\/wp\/v2\/product"}],"about":[{"href":"https:\/\/espacetechnologie.ma\/ar\/wp-json\/wp\/v2\/types\/product"}],"replies":[{"embeddable":true,"href":"https:\/\/espacetechnologie.ma\/ar\/wp-json\/wp\/v2\/comments?post=7651"}],"wp:featuredmedia":[{"embeddable":true,"href":"https:\/\/espacetechnologie.ma\/ar\/wp-json\/wp\/v2\/media\/7650"}],"wp:attachment":[{"href":"https:\/\/espacetechnologie.ma\/ar\/wp-json\/wp\/v2\/media?parent=7651"}],"wp:term":[{"taxonomy":"product_brand","embeddable":true,"href":"https:\/\/espacetechnologie.ma\/ar\/wp-json\/wp\/v2\/product_brand?post=7651"},{"taxonomy":"product_cat","embeddable":true,"href":"https:\/\/espacetechnologie.ma\/ar\/wp-json\/wp\/v2\/product_cat?post=7651"},{"taxonomy":"product_tag","embeddable":true,"href":"https:\/\/espacetechnologie.ma\/ar\/wp-json\/wp\/v2\/product_tag?post=7651"}],"curies":[{"name":"wp","href":"https:\/\/api.w.org\/{rel}","templated":true}]}}