{"id":7637,"date":"2025-07-09T07:51:38","date_gmt":"2025-07-09T06:51:38","guid":{"rendered":"https:\/\/espacetechnologie.ma\/product\/lampe-de-poche-led-cob-super-lumineuse-de-camping-en-plein-air\/"},"modified":"2025-08-02T12:52:58","modified_gmt":"2025-08-02T11:52:58","slug":"lampe-de-poche-led-cob-super-lumineuse-de-camping-en-plein-air","status":"publish","type":"product","link":"https:\/\/espacetechnologie.ma\/ar\/product\/lampe-de-poche-led-cob-super-lumineuse-de-camping-en-plein-air\/","title":{"rendered":"lampe de poche LED COB super lumineuse de camping en plein air"},"content":{"rendered":"<p>\u00c9quip\u00e9 de perles de lampe XHP50<br \/>\nConvient pour la chasse, l&rsquo;exploration et d&rsquo;autres activit\u00e9s d&rsquo;aventure en plein air.<br \/>\nCe produit a une fonction de rappel de puissance, vous pouvez conna\u00eetre l&rsquo;\u00e9tat de puissance de la lampe de poche \u00e0 tout moment et n&rsquo;importe o\u00f9<br \/>\nImperm\u00e9able selon IPX-4, il peut \u00eatre utilis\u00e9 par temps de pluie, mais il ne peut pas \u00eatre plac\u00e9 dans l&rsquo;eau<br \/>\nAffichage de la capacit\u00e9 de la batterie, USB de type C d&rsquo;ordinateur, USB de voiture, prise de charge USB, lampe de poche rechargeable.<br \/>\nQuatre modes d&rsquo;\u00e9clairage, les phares super lumineux \u00e9quip\u00e9s de projecteurs peuvent r\u00e9pondre \u00e0 la plupart des besoins d&rsquo;\u00e9clairage.<br \/>\nMat\u00e9riau: ABS<br \/>\nLampe perle: XH-P50<br \/>\nQue ce soit pour se concentrer: Oui<br \/>\nLumens: 750LM<br \/>\nBatterie: int\u00e9gr\u00e9 18650 (1200mah)<br \/>\nM\u00e9thode de charge: type-c charge<br \/>\nPosition de vitesse: lumi\u00e8re forte-lumi\u00e8re moyenne-lumi\u00e8re stroboscopique-lumi\u00e8re lat\u00e9rale<br \/>\nIndice d&rsquo;\u00e9tanch\u00e9it\u00e9: IPX4<br \/>\nTension de travail: 3.7v<br \/>\nMode de commutateur: fonction de commutateur de bouton moyen<\/p>","protected":false},"excerpt":{"rendered":"<p>Description de l&rsquo;article<br \/>\nCaract\u00e9ristiques:<br \/>\nAccessoire diffuseur qui adoucit uniform\u00e9ment la lampe de poche lorsqu&rsquo;il est port\u00e9, peut \u00eatre utilis\u00e9 comme lampe de camping<\/p>","protected":false},"featured_media":7636,"comment_status":"open","ping_status":"closed","template":"","meta":{"event_title":"","event_details":"","event_timezone":"","event_gmap":"","event_image":"","event_image_url":"","event_calendar_link":"","event_location":"","event_datetime_with_summary":"","event_datetime":"","event_date_type":"","event_rulesummary":"","event_ticket_rsvp":"","_gspb_post_css":""},"product_brand":[],"product_cat":[82],"product_tag":[],"class_list":{"0":"post-7637","1":"product","2":"type-product","3":"status-publish","4":"has-post-thumbnail","6":"product_cat-gadgets","8":"first","9":"instock","10":"sale","11":"shipping-taxable","12":"purchasable","13":"product-type-simple"},"jetpack_sharing_enabled":true,"_links":{"self":[{"href":"https:\/\/espacetechnologie.ma\/ar\/wp-json\/wp\/v2\/product\/7637","targetHints":{"allow":["GET"]}}],"collection":[{"href":"https:\/\/espacetechnologie.ma\/ar\/wp-json\/wp\/v2\/product"}],"about":[{"href":"https:\/\/espacetechnologie.ma\/ar\/wp-json\/wp\/v2\/types\/product"}],"replies":[{"embeddable":true,"href":"https:\/\/espacetechnologie.ma\/ar\/wp-json\/wp\/v2\/comments?post=7637"}],"wp:featuredmedia":[{"embeddable":true,"href":"https:\/\/espacetechnologie.ma\/ar\/wp-json\/wp\/v2\/media\/7636"}],"wp:attachment":[{"href":"https:\/\/espacetechnologie.ma\/ar\/wp-json\/wp\/v2\/media?parent=7637"}],"wp:term":[{"taxonomy":"product_brand","embeddable":true,"href":"https:\/\/espacetechnologie.ma\/ar\/wp-json\/wp\/v2\/product_brand?post=7637"},{"taxonomy":"product_cat","embeddable":true,"href":"https:\/\/espacetechnologie.ma\/ar\/wp-json\/wp\/v2\/product_cat?post=7637"},{"taxonomy":"product_tag","embeddable":true,"href":"https:\/\/espacetechnologie.ma\/ar\/wp-json\/wp\/v2\/product_tag?post=7637"}],"curies":[{"name":"wp","href":"https:\/\/api.w.org\/{rel}","templated":true}]}}