{"id":7623,"date":"2025-07-09T07:51:35","date_gmt":"2025-07-09T06:51:35","guid":{"rendered":"https:\/\/espacetechnologie.ma\/product\/%d8%a7%d9%84%d9%87%d8%a7%d8%aa%d9%81-%d8%a7%d9%84%d9%85%d8%ad%d9%85%d9%88%d9%84-%d8%a7%d9%84%d9%85%d8%b5%d8%ba%d8%b1-%d8%b3%d9%85%d8%a7%d8%b9%d8%a9-%d8%a8%d9%84%d9%88%d8%aa%d9%88%d8%ab-%d8%b3%d9%85\/"},"modified":"2025-08-02T12:52:58","modified_gmt":"2025-08-02T11:52:58","slug":"%d8%a7%d9%84%d9%87%d8%a7%d8%aa%d9%81-%d8%a7%d9%84%d9%85%d8%ad%d9%85%d9%88%d9%84-%d8%a7%d9%84%d9%85%d8%b5%d8%ba%d8%b1-%d8%b3%d9%85%d8%a7%d8%b9%d8%a9-%d8%a8%d9%84%d9%88%d8%aa%d9%88%d8%ab-%d8%b3%d9%85","status":"publish","type":"product","link":"https:\/\/espacetechnologie.ma\/ar\/product\/%d8%a7%d9%84%d9%87%d8%a7%d8%aa%d9%81-%d8%a7%d9%84%d9%85%d8%ad%d9%85%d9%88%d9%84-%d8%a7%d9%84%d9%85%d8%b5%d8%ba%d8%b1-%d8%b3%d9%85%d8%a7%d8%b9%d8%a9-%d8%a8%d9%84%d9%88%d8%aa%d9%88%d8%ab-%d8%b3%d9%85\/","title":{"rendered":"\u0627\u0644\u0647\u0627\u062a\u0641 \u0627\u0644\u0645\u062d\u0645\u0648\u0644 \u0627\u0644\u0645\u0635\u063a\u0631 \u0633\u0645\u0627\u0639\u0629 \u0628\u0644\u0648\u062a\u0648\u062b \u0633\u0645\u0627\u0639\u0629 \u0627\u0644\u0647\u0627\u062a\u0641 \u0627\u0644\u0645\u062d\u0645\u0648\u0644 \u0633\u0645\u0627\u0639\u0629 \u0627\u0644\u0623\u0630\u0646  \u062f\u0639\u0645 2 \u0628\u0637\u0627\u0642\u0629 SIM"},"content":{"rendered":"<p>\u0645\u0644\u0627\u062d\u0638\u0627\u062a:<br \/>\n1. \u064a\u0645\u0643\u0646 \u0625\u062f\u062e\u0627\u0644 \u0627\u0644\u0647\u0627\u062a\u0641 \u0627\u0644\u0635\u063a\u064a\u0631 \u0645\u0628\u0627\u0634\u0631\u0629 \u0641\u064a \u0627\u0644\u0628\u0637\u0627\u0642\u0629 \u0643\u0647\u0627\u062a\u0641 \u0646\u0642\u0627\u0644 \u0645\u0633\u062a\u0642\u0644 \u0648\u064a\u062f\u0639\u0645 \u0628\u0637\u0627\u0642\u0629 GN GNo \u0627\u0644\u0642\u064a\u0627\u0633\u064a\u0629. \u064a\u062c\u0628 \u0642\u0637\u0639 \u0628\u0637\u0627\u0642\u0629 \u0627\u0644\u0647\u0627\u062a\u0641 \u0627\u0644\u0645\u062d\u0645\u0648\u0644 \u0627\u0644\u0639\u0627\u062f\u064a\u0629 \u0641\u064a \u0627\u0644\u0623\u062d\u062c\u0627\u0645 \u0627\u0644\u0645\u0642\u0627\u0628\u0644\u0629 \u0644\u062a\u062a\u0645\u0643\u0646 \u0645\u0646 \u0625\u062f\u0631\u0627\u062c\u0647\u0627.<br \/>\n2. \u064a\u0631\u062c\u0649 \u0645\u0644\u0627\u062d\u0638\u0629 \u0623\u0646 \u0627\u0644\u0647\u0627\u062a\u0641 \u0627\u0644\u0645\u062d\u0645\u0648\u0644 \u0645\u0639\u0632\u0648\u0644 \u0641\u064a \u0627\u0644\u0645\u0635\u0646\u0639. \u0644\u0630\u0644\u0643 \u060c \u064a\u062c\u0628 \u0639\u0644\u064a\u0643 \u062a\u0634\u063a\u064a\u0644 \u0645\u0641\u062a\u0627\u062d \u0627\u0644\u0639\u0632\u0644 \u060c \u062b\u0645 \u0627\u0644\u0636\u063a\u0637 \u0639\u0644\u0649 \u0632\u0631 \u0627\u0644\u0637\u0627\u0642\u0629 \u0644\u062a\u0634\u063a\u064a\u0644\u0647.<br \/>\n3. \u0623\u0631\u062c\u0648 \u0623\u0646 \u062a\u0633\u0645\u062d\u0648\u0627 \u062e\u0637\u0623 \u0637\u0641\u064a\u0641 \u0628\u0633\u0628\u0628 \u0627\u0644\u0642\u064a\u0627\u0633 \u0627\u0644\u064a\u062f\u0648\u064a. \u0634\u0643\u0631\u0627 \u0644\u062a\u0641\u0647\u0645\u0643\u0645.<br \/>\n\u0627\u0644\u0645\u064a\u0632\u0627\u062a:<br \/>\n\u0645\u0646\u062a\u062c = 1 \u0633\u0645\u0627\u0639\u0629 \u0628\u0644\u0648\u062a\u0648\u062b + 1 \u0647\u0627\u062a\u0641 \u0635\u063a\u064a\u0631.<br \/>\n\u0647\u0627\u062a\u0641 \u0645\u062a\u0639\u062f\u062f \u0627\u0644\u0648\u0638\u0627\u0626\u0641 &#8211; \u064a\u0645\u0643\u0646 \u0627\u0633\u062a\u062e\u062f\u0627\u0645 \u062e\u0627\u0635\u064a\u0629 \u0627\u0644\u0631\u062f \u0639\u0644\u0649 \u0627\u0644\u0645\u0643\u0627\u0644\u0645\u0627\u062a \u0627\u0644\u0647\u0627\u062a\u0641\u064a\u0629 \u0639\u0628\u0631 \u0627\u0644\u0628\u0644\u0648\u062a\u0648\u062b \u0648\u0627\u0644\u0631\u062f \u0639\u0644\u0649 \u0627\u0644\u0645\u0643\u0627\u0644\u0645\u0627\u062a \u060c \u0648\u062a\u0630\u0643\u064a\u0631 \u0627\u0644\u0631\u0633\u0627\u0626\u0644 (\u0644\u064a\u0633 \u0644\u0623\u062c\u0647\u0632\u0629 iPhone) \u060c \u0648\u062a\u0634\u063a\u064a\u0644 \u0627\u0644\u0645\u0648\u0633\u064a\u0642\u0649 \u060c \u0648\u0627\u0633\u062a\u062e\u062f\u0627\u0645 \u0645\u0645\u0643\u0646 \u0643\u0645\u0633\u062c\u0644 \u0628\u0644\u0648\u062a\u0648\u062b \u0644\u0647\u0627\u062a\u0641\u0643 \u0627\u0644\u0630\u0643\u064a \u0628\u0634\u0643\u0644 \u0645\u0633\u062a\u0642\u0644 \u0639\u0646\u062f \u0625\u062f\u062e\u0627\u0644 \u0628\u0637\u0627\u0642\u0629 SIM \u0635\u063a\u064a\u0631\u0629 \u062c\u062f\u064b\u0627.<br \/>\n\u0628\u0637\u0627\u0631\u064a\u0629 \u0644\u064a\u062b\u064a\u0648\u0645 \u0628\u0648\u0644\u064a\u0645\u0631 \u0639\u0627\u0644\u064a\u0629 \u0627\u0644\u0633\u0639\u0629 \u060c \u064a\u0645\u0643\u0646 \u0623\u0646 \u064a\u0635\u0644 \u0632\u0645\u0646 \u0627\u0644\u0627\u0646\u062a\u0638\u0627\u0631 \u0625\u0644\u0649 7 \u0623\u064a\u0627\u0645 \u060c \u0648\u064a\u0645\u0643\u0646 \u0623\u0646 \u062a\u0635\u0644 \u0645\u062f\u0629 \u0627\u0644\u0627\u0633\u062a\u062e\u062f\u0627\u0645 \u0625\u0644\u0649 3 \u0623\u064a\u0627\u0645. \u0648\u064a\u0645\u0643\u0646\u0647 \u0623\u064a\u0636\u064b\u0627 \u062a\u0648\u0641\u064a\u0631 \u0648\u0642\u062a \u0627\u0644\u062a\u062d\u062f\u062b \u0645\u0646 240 \u062f\u0642\u064a\u0642\u0629 \u0648\u0633\u0627\u0639\u062a\u064a\u0646 \u0645\u0646 \u0627\u0644\u0645\u0648\u0633\u064a\u0642\u0649.<br \/>\n\u0625\u0634\u0639\u0627\u0639 \u0645\u0646\u062e\u0641\u0636 \u0644\u062d\u064a\u0627\u0629 \u0635\u062d\u064a\u0629 &#8211; \u0623\u0642\u0635\u0649 0.283 \u0648\u0627\u0637 \/ \u0643\u063a \u060c \u062d\u0648\u0627\u0644\u064a \u0633\u0627\u0628\u0639 \u0645\u062a\u0648\u0633\u0637 \u200b\u200b\u0627\u0644\u0647\u0648\u0627\u062a\u0641 \u0627\u0644\u0645\u062d\u0645\u0648\u0644\u0629 (2.1 \u0648\u0627\u0637 \/ \u0643\u063a).<br \/>\n\u0627\u0644\u0645\u062a\u0643\u0644\u0645 \u0627\u0644\u0645\u0633\u062a\u0642\u0644 \u0645\u0639 \u0635\u0648\u062a \u0648\u0627\u0636\u062d.<br \/>\n\u064a\u062f\u0639\u0645 \u0648\u0638\u064a\u0641\u0629 MP3 \u060c \u0648\u0647\u0648 \u062e\u064a\u0627\u0631 \u0642\u0648\u064a \u0644\u0639\u0634\u0627\u0642 \u0627\u0644\u0645\u0648\u0633\u064a\u0642\u0649.<br \/>\n\u0627\u0644\u0645\u062f\u0645\u062c\u0629 \u0648\u0627\u0644\u062e\u0641\u064a\u0641\u0629 \u0648\u0627\u0644\u0645\u062d\u0645\u0648\u0644\u0629.<br \/>\n\u0627\u0644\u0645\u0648\u0627\u0635\u0641\u0627\u062a:<br \/>\n\u0627\u0643\u062a\u0628: \u0645\u064a\u0646\u064a \u0628\u0644\u0648\u062a\u0648\u062b \u0627\u0644\u0647\u0627\u062a\u0641<br \/>\n\u0631\u0642\u0645 \u0627\u0644\u0645\u0648\u062f\u064a\u0644: S15 MINI<br \/>\n\u0631\u0642\u0645 \u0627\u0644\u0633\u0647\u0645: 250<br \/>\n\u0627\u0644\u0645\u0632\u062f\u0648\u062c: \u0633\u064a\u0645<br \/>\n\u0645\u0646\u0635\u0629 \u0645\u062a\u0648\u0627\u0641\u0642\u0629: \u0644\u0644\u062d\u0635\u0648\u0644 \u0639\u0644\u0649 IOS \/ \u0623\u0646\u062f\u0631\u0648\u064a\u062f<br \/>\n\u0648\u0636\u0639 \u0627\u0644\u062a\u0634\u063a\u064a\u0644: \u0632\u0631 \u0627\u0644\u0636\u063a\u0637<br \/>\n\u0648\u0638\u064a\u0641\u0629 \u0627\u0644\u0627\u062a\u0635\u0627\u0644: suppor<br \/>\n\u0648\u0627\u062c\u0647\u0629: USB 3.0<br \/>\n\u0627\u0644\u0646\u0638\u0627\u0645: GSM<br \/>\n\u0627\u0644\u0645\u0646\u0641\u0630: \u0628\u0637\u0627\u0642\u0629 \u0627\u0644\u0630\u0627\u0643\u0631\u0629<br \/>\n\u0627\u0644\u0628\u0637\u0627\u0631\u064a\u0629: \u0628\u0637\u0627\u0631\u064a\u0629 350 \u0645\u0644\u0644\u064a \u0623\u0645\u0628\u064a\u0631<br \/>\n\u0627\u0644\u0623\u0634\u062e\u0627\u0635 \u0627\u0644\u0630\u064a\u0646 \u062a\u0646\u0637\u0628\u0642 \u0639\u0644\u064a\u0647\u0645: \u0627\u0644\u0628\u0627\u0644\u063a\u064a\u0646 \u060c \u0627\u0644\u0623\u0632\u064a\u0627\u0621 \u060c \u0627\u0644\u0634\u0631\u0643\u0627\u062a \u060c \u0643\u0628\u0627\u0631 \u0627\u0644\u0633\u0646<br \/>\n\u0627\u0644\u0648\u0632\u0646: \u062a\u0642\u0631\u064a\u0628\u0627. 55G<\/p>","protected":false},"excerpt":{"rendered":"<p>T\u00e9l\u00e9phone multifonctions &#8211; r\u00e9ponse et num\u00e9rotation Bluetooth, rappel de message (PAS pour les iPhones), lecture de musique, utilisation possible comme num\u00e9roteur Bluetooth pour votre t\u00e9l\u00e9phone intelligent, peut \u00e9galement \u00eatre utilis\u00e9 ind\u00e9pendamment lorsqu&rsquo;il ins\u00e8re une carte Nano SIM.<br \/>\nBatterie lithium polym\u00e8re haute capacit\u00e9, le temps de latence peut aller jusqu&rsquo;\u00e0 7 jours et la dur\u00e9e d&rsquo;utilisation peut aller jusqu&rsquo;\u00e0 3 jours. Il peut \u00e9galement fournir une dur\u00e9e de conversation de 240 minutes et 2 heures de musique.<br \/>\nFaible rayonnement pour une vie saine &#8211; Maximum 0,283W \/ KG, environ un septi\u00e8me de la moyenne des t\u00e9l\u00e9phones portables (2,1W \/ KG).<br \/>\nPrend en charge la fonction MP3, un choix solide pour les m\u00e9lomanes.<\/p>","protected":false},"featured_media":7622,"comment_status":"open","ping_status":"closed","template":"","meta":{"event_title":"","event_details":"","event_timezone":"","event_gmap":"","event_image":"","event_image_url":"","event_calendar_link":"","event_location":"","event_datetime_with_summary":"","event_datetime":"","event_date_type":"","event_rulesummary":"","event_ticket_rsvp":"","_gspb_post_css":""},"product_brand":[],"product_cat":[82],"product_tag":[],"class_list":{"0":"post-7623","1":"product","2":"type-product","3":"status-publish","4":"has-post-thumbnail","6":"product_cat-gadgets","8":"first","9":"instock","10":"sale","11":"shipping-taxable","12":"purchasable","13":"product-type-simple"},"jetpack_sharing_enabled":true,"_links":{"self":[{"href":"https:\/\/espacetechnologie.ma\/ar\/wp-json\/wp\/v2\/product\/7623","targetHints":{"allow":["GET"]}}],"collection":[{"href":"https:\/\/espacetechnologie.ma\/ar\/wp-json\/wp\/v2\/product"}],"about":[{"href":"https:\/\/espacetechnologie.ma\/ar\/wp-json\/wp\/v2\/types\/product"}],"replies":[{"embeddable":true,"href":"https:\/\/espacetechnologie.ma\/ar\/wp-json\/wp\/v2\/comments?post=7623"}],"wp:featuredmedia":[{"embeddable":true,"href":"https:\/\/espacetechnologie.ma\/ar\/wp-json\/wp\/v2\/media\/7622"}],"wp:attachment":[{"href":"https:\/\/espacetechnologie.ma\/ar\/wp-json\/wp\/v2\/media?parent=7623"}],"wp:term":[{"taxonomy":"product_brand","embeddable":true,"href":"https:\/\/espacetechnologie.ma\/ar\/wp-json\/wp\/v2\/product_brand?post=7623"},{"taxonomy":"product_cat","embeddable":true,"href":"https:\/\/espacetechnologie.ma\/ar\/wp-json\/wp\/v2\/product_cat?post=7623"},{"taxonomy":"product_tag","embeddable":true,"href":"https:\/\/espacetechnologie.ma\/ar\/wp-json\/wp\/v2\/product_tag?post=7623"}],"curies":[{"name":"wp","href":"https:\/\/api.w.org\/{rel}","templated":true}]}}