{"id":7613,"date":"2025-07-09T07:51:33","date_gmt":"2025-07-09T06:51:33","guid":{"rendered":"https:\/\/espacetechnologie.ma\/product\/microphone-de-cravate-professionnel-3-5mm\/"},"modified":"2025-08-03T07:40:50","modified_gmt":"2025-08-03T06:40:50","slug":"microphone-de-cravate-professionnel-3-5mm","status":"publish","type":"product","link":"https:\/\/espacetechnologie.ma\/ar\/product\/microphone-de-cravate-professionnel-3-5mm\/","title":{"rendered":"Microphone de cravate professionnel 3.5mm"},"content":{"rendered":"<p>Paquet:Oui<br \/>\nStyle:Casque microphone<br \/>\nCommunication:C\u00e2bl\u00e9<br \/>\nTransducteur:Microphone \u00e0 condensateur<br \/>\nUtilisation:Microphone de Conf\u00e9rence<\/p>","protected":false},"excerpt":{"rendered":"<p>Paquet:Oui Style:Casque microphone Communication:C\u00e2bl\u00e9 Transducteur:Microphone \u00e0 condensateur Utilisation:Microphone de Conf\u00e9rence<\/p>","protected":false},"featured_media":7612,"comment_status":"open","ping_status":"closed","template":"","meta":{"event_title":"","event_details":"","event_timezone":"","event_gmap":"","event_image":"","event_image_url":"","event_calendar_link":"","event_location":"","event_datetime_with_summary":"","event_datetime":"","event_date_type":"","event_rulesummary":"","event_ticket_rsvp":"","_gspb_post_css":""},"product_brand":[],"product_cat":[107,111],"product_tag":[],"class_list":{"0":"post-7613","1":"product","2":"type-product","3":"status-publish","4":"has-post-thumbnail","6":"product_cat-audio","7":"product_cat-microphones","9":"first","10":"instock","11":"sale","12":"shipping-taxable","13":"purchasable","14":"product-type-simple"},"jetpack_sharing_enabled":true,"_links":{"self":[{"href":"https:\/\/espacetechnologie.ma\/ar\/wp-json\/wp\/v2\/product\/7613","targetHints":{"allow":["GET"]}}],"collection":[{"href":"https:\/\/espacetechnologie.ma\/ar\/wp-json\/wp\/v2\/product"}],"about":[{"href":"https:\/\/espacetechnologie.ma\/ar\/wp-json\/wp\/v2\/types\/product"}],"replies":[{"embeddable":true,"href":"https:\/\/espacetechnologie.ma\/ar\/wp-json\/wp\/v2\/comments?post=7613"}],"wp:featuredmedia":[{"embeddable":true,"href":"https:\/\/espacetechnologie.ma\/ar\/wp-json\/wp\/v2\/media\/7612"}],"wp:attachment":[{"href":"https:\/\/espacetechnologie.ma\/ar\/wp-json\/wp\/v2\/media?parent=7613"}],"wp:term":[{"taxonomy":"product_brand","embeddable":true,"href":"https:\/\/espacetechnologie.ma\/ar\/wp-json\/wp\/v2\/product_brand?post=7613"},{"taxonomy":"product_cat","embeddable":true,"href":"https:\/\/espacetechnologie.ma\/ar\/wp-json\/wp\/v2\/product_cat?post=7613"},{"taxonomy":"product_tag","embeddable":true,"href":"https:\/\/espacetechnologie.ma\/ar\/wp-json\/wp\/v2\/product_tag?post=7613"}],"curies":[{"name":"wp","href":"https:\/\/api.w.org\/{rel}","templated":true}]}}