{"id":7569,"date":"2025-07-09T07:51:25","date_gmt":"2025-07-09T06:51:25","guid":{"rendered":"https:\/\/espacetechnologie.ma\/product\/ipega-support-vertical-console-ps5-avec-ventilateur-de-refroidissement-et-chargeur-de-controleur\/"},"modified":"2025-10-23T00:09:55","modified_gmt":"2025-10-22T23:09:55","slug":"ipega-support-vertical-console-ps5-avec-ventilateur-de-refroidissement-et-chargeur-de-controleur","status":"publish","type":"product","link":"https:\/\/espacetechnologie.ma\/ar\/product\/ipega-support-vertical-console-ps5-avec-ventilateur-de-refroidissement-et-chargeur-de-controleur\/","title":{"rendered":"Ipega support vertical console PS5 avec ventilateur de refroidissement et chargeur de contr\u00f4leur"},"content":{"rendered":"<p>Ce produit convient \u00e0 la dissipation thermique de la console de jeu originale P5, au chargement de la poign\u00e9e, au placement et au stockage des accessoires<br \/>\nAvec l&rsquo;indicateur de charge, il est facile d&rsquo;identifier l&rsquo;\u00e9tat de charge pendant le processus de charge.<br \/>\nIl y a deux t\u00eates m\u00e2les TYPE-C d\u00e9di\u00e9es dans la fente de charge du berceau. Il est tr\u00e8s pratique de prendre et de mettre la poign\u00e9e lors de la charge<br \/>\n\u00c9quip\u00e9 d&rsquo;un support d&rsquo;\u00e9couteur, l&rsquo;\u00e9couteur peut \u00eatre plac\u00e9, pratique \u00e0 prendre et \u00e0 ranger.<br \/>\nDeux ventilateurs peuvent refroidir et dissiper la chaleur vers l&rsquo;h\u00f4te.<br \/>\n\u00c9quip\u00e9 d&rsquo;un support de disque de jeu, qui peut contenir 17 disques de jeu.<br \/>\n\u00c9quip\u00e9 d&rsquo;un port de sortie USB2.0 5V, qui peut charger des \u00e9couteurs, des t\u00e9l\u00e9phones portables et d&rsquo;autres appareils<br \/>\nTension d&rsquo;entr\u00e9e: 4.75V-5.25V<br \/>\nCourant d&rsquo;entr\u00e9e: \u2264 2A<br \/>\nCourant de charge de groupe unique: \u2264 600 mA<br \/>\nTemps de charge: 5 heures<\/p>","protected":false},"excerpt":{"rendered":"<p>Description de l&rsquo;article<br \/>\nSupport vertical 6 en 1 pour console PS5<br \/>\nVentilateur de refroidissement Dock de charge<br \/>\nSupport pour casque Jeu Storege pour accessoires de jeu PS5<\/p>","protected":false},"featured_media":7568,"comment_status":"open","ping_status":"closed","template":"","meta":{"event_title":"","event_details":"","event_timezone":"","event_gmap":"","event_image":"","event_image_url":"","event_calendar_link":"","event_location":"","event_datetime_with_summary":"","event_datetime":"","event_date_type":"","event_rulesummary":"","event_ticket_rsvp":"","_gspb_post_css":""},"product_brand":[],"product_cat":[129],"product_tag":[],"class_list":{"0":"post-7569","1":"product","2":"type-product","3":"status-publish","4":"has-post-thumbnail","6":"product_cat-gaming","8":"first","9":"instock","10":"sale","11":"featured","12":"shipping-taxable","13":"purchasable","14":"product-type-simple"},"jetpack_sharing_enabled":true,"_links":{"self":[{"href":"https:\/\/espacetechnologie.ma\/ar\/wp-json\/wp\/v2\/product\/7569","targetHints":{"allow":["GET"]}}],"collection":[{"href":"https:\/\/espacetechnologie.ma\/ar\/wp-json\/wp\/v2\/product"}],"about":[{"href":"https:\/\/espacetechnologie.ma\/ar\/wp-json\/wp\/v2\/types\/product"}],"replies":[{"embeddable":true,"href":"https:\/\/espacetechnologie.ma\/ar\/wp-json\/wp\/v2\/comments?post=7569"}],"wp:featuredmedia":[{"embeddable":true,"href":"https:\/\/espacetechnologie.ma\/ar\/wp-json\/wp\/v2\/media\/7568"}],"wp:attachment":[{"href":"https:\/\/espacetechnologie.ma\/ar\/wp-json\/wp\/v2\/media?parent=7569"}],"wp:term":[{"taxonomy":"product_brand","embeddable":true,"href":"https:\/\/espacetechnologie.ma\/ar\/wp-json\/wp\/v2\/product_brand?post=7569"},{"taxonomy":"product_cat","embeddable":true,"href":"https:\/\/espacetechnologie.ma\/ar\/wp-json\/wp\/v2\/product_cat?post=7569"},{"taxonomy":"product_tag","embeddable":true,"href":"https:\/\/espacetechnologie.ma\/ar\/wp-json\/wp\/v2\/product_tag?post=7569"}],"curies":[{"name":"wp","href":"https:\/\/api.w.org\/{rel}","templated":true}]}}