{"id":7561,"date":"2025-07-09T07:51:23","date_gmt":"2025-07-09T06:51:23","guid":{"rendered":"https:\/\/espacetechnologie.ma\/product\/telecommande-universelle-pour-samsung-smart-tv\/"},"modified":"2025-08-03T07:33:04","modified_gmt":"2025-08-03T06:33:04","slug":"telecommande-universelle-pour-samsung-smart-tv","status":"publish","type":"product","link":"https:\/\/espacetechnologie.ma\/ar\/product\/telecommande-universelle-pour-samsung-smart-tv\/","title":{"rendered":"T\u00e9l\u00e9commande universelle pour Samsung Smart TV,"},"content":{"rendered":"<p>Mat\u00e9riau: plastique<br \/>\nCouleur: noir<br \/>\nSeul le contenu de l&#8217;emballage ci-dessus, les autres produits ne sont pas inclus.<br \/>\nRemarque: La r\u00e9flexion de la lumi\u00e8re et diff\u00e9rents affichages peuvent rendre la couleur de l&rsquo;article dans l&rsquo;image un peu diff\u00e9rente de la vraie chose. L&rsquo;erreur de mesure autoris\u00e9e est de +\/- 1-3cm.<\/p>","protected":false},"excerpt":{"rendered":"<p>Mat\u00e9riau: plastique Couleur: noir Seul le contenu de l&#8217;emballage ci-dessus, les autres produits ne sont pas inclus. Remarque: La r\u00e9flexion de la lumi\u00e8re et diff\u00e9rents affichages peuvent rendre la couleur de l&rsquo;article dans l&rsquo;image un peu diff\u00e9rente de la vraie chose. L&rsquo;erreur de mesure autoris\u00e9e est de +\/- 1-3cm.<\/p>","protected":false},"featured_media":7560,"comment_status":"open","ping_status":"closed","template":"","meta":{"event_title":"","event_details":"","event_timezone":"","event_gmap":"","event_image":"","event_image_url":"","event_calendar_link":"","event_location":"","event_datetime_with_summary":"","event_datetime":"","event_date_type":"","event_rulesummary":"","event_ticket_rsvp":"","_gspb_post_css":""},"product_brand":[],"product_cat":[125,123],"product_tag":[],"class_list":{"0":"post-7561","1":"product","2":"type-product","3":"status-publish","4":"has-post-thumbnail","6":"product_cat-autres-accessoires-tv","7":"product_cat-tv","9":"first","10":"instock","11":"sale","12":"shipping-taxable","13":"purchasable","14":"product-type-simple"},"jetpack_sharing_enabled":true,"_links":{"self":[{"href":"https:\/\/espacetechnologie.ma\/ar\/wp-json\/wp\/v2\/product\/7561","targetHints":{"allow":["GET"]}}],"collection":[{"href":"https:\/\/espacetechnologie.ma\/ar\/wp-json\/wp\/v2\/product"}],"about":[{"href":"https:\/\/espacetechnologie.ma\/ar\/wp-json\/wp\/v2\/types\/product"}],"replies":[{"embeddable":true,"href":"https:\/\/espacetechnologie.ma\/ar\/wp-json\/wp\/v2\/comments?post=7561"}],"wp:featuredmedia":[{"embeddable":true,"href":"https:\/\/espacetechnologie.ma\/ar\/wp-json\/wp\/v2\/media\/7560"}],"wp:attachment":[{"href":"https:\/\/espacetechnologie.ma\/ar\/wp-json\/wp\/v2\/media?parent=7561"}],"wp:term":[{"taxonomy":"product_brand","embeddable":true,"href":"https:\/\/espacetechnologie.ma\/ar\/wp-json\/wp\/v2\/product_brand?post=7561"},{"taxonomy":"product_cat","embeddable":true,"href":"https:\/\/espacetechnologie.ma\/ar\/wp-json\/wp\/v2\/product_cat?post=7561"},{"taxonomy":"product_tag","embeddable":true,"href":"https:\/\/espacetechnologie.ma\/ar\/wp-json\/wp\/v2\/product_tag?post=7561"}],"curies":[{"name":"wp","href":"https:\/\/api.w.org\/{rel}","templated":true}]}}