{"id":7554,"date":"2025-07-09T07:51:21","date_gmt":"2025-07-09T06:51:21","guid":{"rendered":"https:\/\/espacetechnologie.ma\/product\/%d9%85%d9%8a%d9%83%d8%b1%d9%88%d9%81%d9%88%d9%86-%d9%85%d9%83%d8%ab%d9%81-usb-%d8%a7%d8%ad%d8%aa%d8%b1%d8%a7%d9%81%d9%8a-%d9%84%d9%84%d9%83%d9%85%d8%a8%d9%8a%d9%88%d8%aa%d8%b1-%d9%88%d8%a7%d9%84%d9%87\/"},"modified":"2025-08-02T14:34:43","modified_gmt":"2025-08-02T13:34:43","slug":"%d9%85%d9%8a%d9%83%d8%b1%d9%88%d9%81%d9%88%d9%86-%d9%85%d9%83%d8%ab%d9%81-usb-%d8%a7%d8%ad%d8%aa%d8%b1%d8%a7%d9%81%d9%8a-%d9%84%d9%84%d9%83%d9%85%d8%a8%d9%8a%d9%88%d8%aa%d8%b1-%d9%88%d8%a7%d9%84%d9%87","status":"publish","type":"product","link":"https:\/\/espacetechnologie.ma\/ar\/product\/%d9%85%d9%8a%d9%83%d8%b1%d9%88%d9%81%d9%88%d9%86-%d9%85%d9%83%d8%ab%d9%81-usb-%d8%a7%d8%ad%d8%aa%d8%b1%d8%a7%d9%81%d9%8a-%d9%84%d9%84%d9%83%d9%85%d8%a8%d9%8a%d9%88%d8%aa%d8%b1-%d9%88%d8%a7%d9%84%d9%87\/","title":{"rendered":"\u0645\u064a\u0643\u0631\u0648\u0641\u0648\u0646 \u0645\u0643\u062b\u0641 USB \u0627\u062d\u062a\u0631\u0627\u0641\u064a \u0644\u0644\u0643\u0645\u0628\u064a\u0648\u062a\u0631 \u0648\u0627\u0644\u0647\u0627\u062a\u0641 \u0627\u0644\u0645\u062d\u0645\u0648\u0644"},"content":{"rendered":"<p>Param\u00e8tres de produit<\/p>\n<p>Son Chef: capacitif<br \/>\nDirectivit\u00e9: Hypercardio\u00efde<br \/>\nNiveau de pression sonore Maximum: 115db 5,pl<br \/>\nSensibilit\u00e9: 25mv\/Pa (-36db \u00b1 2db)<br \/>\nFonction d&rsquo;amplificateur de la parole: + 1dB ~ + 25dB gain r\u00e9glable<br \/>\nR\u00e9ponse en fr\u00e9quence: 20HZ-20KHZ<br \/>\nMise \u00e0 niveau d&rsquo;entr\u00e9e maximale: 104dB<br \/>\nRapport Signal\/bruit: 78db<br \/>\nPlage dynamique: 117dB<br \/>\nMode d&rsquo;alimentation: alimentation USB (cc 5V)<br \/>\nC\u00e2ble de donn\u00e9es USB: prise 3.5mm<br \/>\nInterface de sortie: interface USB<br \/>\n\u00c9chantillonnage: 48000HZ\/16 bits<br \/>\nTaille du Microphone: 15*5.5cm<br \/>\nPoids du colis: 0.75kg<br \/>\nTaille de l&#8217;emballage: 27*17cm<\/p>\n<p>Liste de colisage<\/p>\n<p>1 * microphone<br \/>\n1 * Instruction<br \/>\n1 * bo\u00eete d&#8217;emballage<\/p>\n<p>\u3010Une \u00e9tape pour param\u00e9trer \u3011 plug &#038; play simple avec c\u00e2ble USB d\u00e9tachable, \u00e9conomise du temps pour configurer le microphone avec des performances parfaites. Vous pouvez profiter de toutes les bonnes choses qui sortent de la bo\u00eete en prenant une action facile: connectez le microphone \u00e0 un PC\/Mac\/PS4 avec lequel il est parfaitement compatible<\/p>\n<p>\u3010Bouton de mise en sourdine rapide et bouton de mise en sourdine de ramassage puissant pour r\u00e9duire le taux de mauvais fonctionnement en \u00e9vitant les rat\u00e9s de contact, r\u00e9ponse instantan\u00e9e par d\u00e9clenchement, est utile en cas d&rsquo;urgence comme une toux ou une reniflement. Motif de ramassage Cardiod pour se rapprocher d&rsquo;un pas de la source sonore \u00e0 laquelle il est face, et capturer la partie la plus douce de la vibration<\/p>\n<p>\u3010Le look fini premium vous aidera \u00e0 attirer plus d&rsquo;attention sur la livre\u3011 corps et support en m\u00e9tal recouverts d&rsquo;un rev\u00eatement lisse, construction ferme et stable pour \u00e9viter les bruits caus\u00e9s par toute autre vibration du bureau. Installez-le avec le support sp\u00e9cialement con\u00e7u qui vient dans la bo\u00eete, il sera assis sur votre bureau comme un travail de ma\u00eetre, le plaisir visuel est au-del\u00e0 des mots peuvent exprimer.<\/p>\n<p>\u3010Surveillance et contr\u00f4le sans latence \u3011 prise casque de surveillance de r\u00e9ponse en temps r\u00e9el int\u00e9gr\u00e9e, fournit un signal de retour stable et doux pour votre exp\u00e9rience premium. Tournez le volume de surveillance en fonction de votre satisfaction avec le nob de contr\u00f4le int\u00e9gr\u00e9.<\/p>\n<p>\u3010La capsule de 16mm rend votre voix plus large\u3011 donc \u00e0 la m\u00eame distance de conversation, elle a une meilleure pr\u00e9sence radio bas de gamme. Le son beaucoup plus arrondi et le son plus lisse que tous les autres microphones dans la m\u00eame zone de prix peuvent pr\u00e9senter le rend convenable dans presque toutes les situations.<\/p>","protected":false},"excerpt":{"rendered":"<p>Son Chef: capacitif<br \/>\nDirectivit\u00e9: Hypercardio\u00efde<br \/>\nNiveau de pression sonore Maximum: 115db 5,pl<br \/>\nSensibilit\u00e9: 25mv\/Pa (-36db \u00b1 2db)<br \/>\nFonction d&rsquo;amplificateur de la parole: + 1dB ~ + 25dB gain r\u00e9glable<br \/>\nR\u00e9ponse en fr\u00e9quence: 20HZ-20KHZ<br \/>\nMise \u00e0 niveau d&rsquo;entr\u00e9e maximale: 104dB<br \/>\nRapport Signal\/bruit: 78db<br \/>\nPlage dynamique: 117dB<br \/>\nMode d&rsquo;alimentation: alimentation USB (cc 5V)<br \/>\nC\u00e2ble de donn\u00e9es USB: prise 3.5mm<br \/>\nInterface de sortie: interface USB<br \/>\n\u00c9chantillonnage: 48000HZ\/16 bits<br \/>\nTaille du Microphone: 15*5.5cm<br \/>\nPoids du colis: 0.75kg<br \/>\nTaille de l&#8217;emballage: 27*17cm<\/p>","protected":false},"featured_media":7553,"comment_status":"open","ping_status":"closed","template":"","meta":{"event_title":"","event_details":"","event_timezone":"","event_gmap":"","event_image":"","event_image_url":"","event_calendar_link":"","event_location":"","event_datetime_with_summary":"","event_datetime":"","event_date_type":"","event_rulesummary":"","event_ticket_rsvp":"","_gspb_post_css":""},"product_brand":[],"product_cat":[107,111],"product_tag":[],"class_list":{"0":"post-7554","1":"product","2":"type-product","3":"status-publish","4":"has-post-thumbnail","6":"product_cat-audio","7":"product_cat-microphones","9":"first","10":"instock","11":"sale","12":"shipping-taxable","13":"purchasable","14":"product-type-simple"},"jetpack_sharing_enabled":true,"_links":{"self":[{"href":"https:\/\/espacetechnologie.ma\/ar\/wp-json\/wp\/v2\/product\/7554","targetHints":{"allow":["GET"]}}],"collection":[{"href":"https:\/\/espacetechnologie.ma\/ar\/wp-json\/wp\/v2\/product"}],"about":[{"href":"https:\/\/espacetechnologie.ma\/ar\/wp-json\/wp\/v2\/types\/product"}],"replies":[{"embeddable":true,"href":"https:\/\/espacetechnologie.ma\/ar\/wp-json\/wp\/v2\/comments?post=7554"}],"wp:featuredmedia":[{"embeddable":true,"href":"https:\/\/espacetechnologie.ma\/ar\/wp-json\/wp\/v2\/media\/7553"}],"wp:attachment":[{"href":"https:\/\/espacetechnologie.ma\/ar\/wp-json\/wp\/v2\/media?parent=7554"}],"wp:term":[{"taxonomy":"product_brand","embeddable":true,"href":"https:\/\/espacetechnologie.ma\/ar\/wp-json\/wp\/v2\/product_brand?post=7554"},{"taxonomy":"product_cat","embeddable":true,"href":"https:\/\/espacetechnologie.ma\/ar\/wp-json\/wp\/v2\/product_cat?post=7554"},{"taxonomy":"product_tag","embeddable":true,"href":"https:\/\/espacetechnologie.ma\/ar\/wp-json\/wp\/v2\/product_tag?post=7554"}],"curies":[{"name":"wp","href":"https:\/\/api.w.org\/{rel}","templated":true}]}}