{"id":7541,"date":"2025-07-09T07:51:19","date_gmt":"2025-07-09T06:51:19","guid":{"rendered":"https:\/\/espacetechnologie.ma\/product\/camera-de-surveillance-exterieure-ptz-ip-4g-solaire-8mp-2\/"},"modified":"2025-08-02T13:10:11","modified_gmt":"2025-08-02T12:10:11","slug":"camera-de-surveillance-exterieure-ptz-ip-4g-solaire-8mp-2","status":"publish","type":"product","link":"https:\/\/espacetechnologie.ma\/ar\/product\/camera-de-surveillance-exterieure-ptz-ip-4g-solaire-8mp-2\/","title":{"rendered":"Cam\u00e9ra de surveillance ext\u00e9rieure PTZ IP 4G solaire 8MP"},"content":{"rendered":"<p>\u0627\u0644\u062e\u0635\u0627\u0626\u0635 \u0627\u0644\u0631\u0626\u064a\u0633\u064a\u0629 :<br \/>\n\u0643\u0627\u0645\u064a\u0631\u0627 4G PTZ:<br \/>\n\u2022 \u0627\u0644\u062f\u0642\u0629: 8 \u0645\u064a\u062c\u0627\u0628\u0643\u0633\u0644.<br \/>\n\u2022 \u0627\u0644\u0631\u0624\u064a\u0629 \u0627\u0644\u0644\u064a\u0644\u064a\u0629: 50 \u0645\u061b<br \/>\n\u2022 \u0627\u0644\u0631\u0623\u0633: \u062f\u0648\u0631\u0627\u0646 \u0623\u0641\u0642\u064a 355 \u062f\u0631\u062c\u0629<br \/>\n\u060c \u062f\u0648\u0631\u0627\u0646 \u0639\u0645\u0648\u062f\u064a 90<br \/>\n\u2022 \u0636\u0648\u0621 \u0627\u0644\u0623\u0634\u0639\u0629 \u062a\u062d\u062a \u0627\u0644\u062d\u0645\u0631\u0627\u0621 PIR: \u0644\u0648\u062d\u0629 \u0643\u0634\u0641 \u0628\u0637\u0648\u0644 10 \u0623\u0645\u062a\u0627\u0631 (32 \u0642\u062f\u0645\u064b\u0627).<br \/>\n100 \u062f\u0631\u062c\u0629\u061b<br \/>\n\u2022 \u0627\u0644\u0628\u0637\u0627\u0631\u064a\u0629: 12,000 \u0645\u0644\u0644\u064a \u0623\u0645\u0628\u064a\u0631 (\u062f\u0627\u062e\u0644\u064a\u0629)\u060c 18650 \u0628\u0637\u0627\u0631\u064a\u0629 \u0642\u0627\u0628\u0644\u0629 \u0644\u0644\u0634\u062d\u0646.<br \/>\n\u2022 \u0633\u0639\u0629 \u0627\u0644\u0628\u0637\u0627\u0631\u064a\u0629: \u062d\u0648\u0627\u0644\u064a 365 \u064a\u0648\u0645\u064b\u0627\u061b<br \/>\n\u2022 \u0643\u0627\u0645\u064a\u0631\u0627 \u0628\u0628\u0637\u0627\u0631\u064a\u0629 \u062e\u0627\u0631\u062c\u064a\u0629 IP66\u061b<br \/>\n\u2022 \u0627\u0644\u062a\u062e\u0632\u064a\u0646 \u0627\u0644\u0633\u062d\u0627\u0628\u064a: \u0627\u0644\u0623\u0633\u0639\u0627\u0631 \u0648\u0627\u0644\u0631\u0633\u0648\u0645. \u062a\u062d\u062a\u0627\u062c \u0625\u0644\u0649 \u0627\u0644\u0627\u0646\u062a\u0633\u0627\u0628 \u0648\u062a\u0633\u062c\u064a\u0644 \u0627\u0644\u062f\u062e\u0648\u0644 \u062f\u0627\u062e\u0644 \u0627\u0644\u062a\u0637\u0628\u064a\u0642\u061b<br \/>\n\u2022 \u0627\u0644\u062a\u062e\u0632\u064a\u0646 \u0627\u0644\u0645\u062d\u0644\u064a: \u064a\u062f\u0639\u0645 \u0628\u0637\u0627\u0642\u0629 micro SD \u062d\u062a\u0649<br \/>\n128 \u062c\u064a\u062c\u0627\u0628\u0627\u064a\u062a (\u063a\u064a\u0631 \u0645\u062a\u0643\u0627\u0645\u0644\u0629)\u061b<br \/>\n\u2022 \u0639\u0631\u0636 \u0645\u062a\u0639\u062f\u062f: \u064a\u062f\u0639\u0645 \u0627\u0644\u0645\u0634\u0627\u0631\u0643\u0629 \u062d\u062a\u0649<br \/>\n4 \u0639\u0627\u0626\u0644\u0627\u062a\u061b<br \/>\n\u2022 \u0627\u0644\u0625\u062f\u062e\u0627\u0644\/\u0627\u0644\u0625\u062e\u0631\u0627\u062c: \u0645\u064a\u0643\u0631\u0648\u0641\u0648\u0646 \u0648\u0625\u062f\u062e\u0627\u0644 \u0639\u0627\u0644\u064a \u0627\u0644\u062c\u0648\u062f\u0629.<br \/>\n\u2022 \u0627\u0644\u062a\u0637\u0628\u064a\u0642\u0627\u062a: \u062a\u0637\u0628\u064a\u0642 Eseecloud. \u064a\u0645\u0643\u0646\u0643 \u0627\u0644\u0628\u062d\u062b \u0641\u064a \u0643\u0644 \u0634\u064a\u0621 \u0639\u0644\u0649 Google Play \u0623\u0648 iOS APP Store \u0644\u062a\u0646\u0632\u064a\u0644 \u0627\u0644\u062a\u0637\u0628\u064a\u0642\u061b<br \/>\n\u2022 \u062f\u0631\u062c\u0629 \u062d\u0631\u0627\u0631\u0629 \u0627\u0644\u062a\u0634\u063a\u064a\u0644: -20 \u062f\u0631\u062c\u0629 \u0645\u0626\u0648\u064a\u0629 \u0625\u0644\u0649 60 \u062f\u0631\u062c\u0629 \u0645\u0626\u0648\u064a\u0629 (4 \u062f\u0631\u062c\u0627\u062a \u0641\u0647\u0631\u0646\u0647\u0627\u064a\u062a \u0625\u0644\u0649<br \/>\n140 \u062f\u0631\u062c\u0629 \u0641\u0647\u0631\u0646\u0647\u0627\u064a\u062a)<\/p>","protected":false},"excerpt":{"rendered":"<p>Cam\u00e9ra : PTZ 4G solaire<br \/>\nR\u00e9solution : 8MP<br \/>\nVisibilit\u00e9 nocturne : 50m<br \/>\nT\u00eate : rotation horizontale de 355\u00b0 rotation verticale de 90<br \/>\nLumi\u00e8re infrarouge PIR : plaque de d\u00e9tection de 10 m (32 pieds)100 degr\u00e9s<br \/>\nBatterie : 12 000 mah (interne), batterie rechargeable 18650 ;<br \/>\nCapacit\u00e9 de la batterie : environ 365 jours<br \/>\nCam\u00e9ra avec batterie externe IP66 ;<br \/>\nCloud de stockage : prix et frais ; Besoin d&rsquo;une affiliation et d&rsquo;une connexion int\u00e9gr\u00e9e \u00e0 l&rsquo;application ;<br \/>\nStockage local : prend en charge la carte micro SD jusqu&rsquo;\u00e0 128 Go (non int\u00e9gr\u00e9)<br \/>\nMulti-vision : prend en charge le partage jusqu&rsquo;\u00e0 4 familles;<br \/>\nEntr\u00e9e\/sortie : microphone et entr\u00e9e de haute qualit\u00e9 ;<br \/>\nApplications : application Eseecloud ; Vous pouvez tout rechercher sur Google Play ou iOS APP Store pour t\u00e9l\u00e9charger l&rsquo;application ;<br \/>\nTemp\u00e9rature de fonctionnement : -20 \u00b0C \u00e0 60 \u00b0C (4 \u00b0F \u00e0140\u00b0F)<\/p>","protected":false},"featured_media":7540,"comment_status":"open","ping_status":"closed","template":"","meta":{"event_title":"","event_details":"","event_timezone":"","event_gmap":"","event_image":"","event_image_url":"","event_calendar_link":"","event_location":"","event_datetime_with_summary":"","event_datetime":"","event_date_type":"","event_rulesummary":"","event_ticket_rsvp":"","_gspb_post_css":""},"product_brand":[],"product_cat":[131,132],"product_tag":[],"class_list":{"0":"post-7541","1":"product","2":"type-product","3":"status-publish","4":"has-post-thumbnail","6":"product_cat-cameras","7":"product_cat-cameras-de-surveillance","9":"first","10":"instock","11":"sale","12":"shipping-taxable","13":"purchasable","14":"product-type-simple"},"jetpack_sharing_enabled":true,"_links":{"self":[{"href":"https:\/\/espacetechnologie.ma\/ar\/wp-json\/wp\/v2\/product\/7541","targetHints":{"allow":["GET"]}}],"collection":[{"href":"https:\/\/espacetechnologie.ma\/ar\/wp-json\/wp\/v2\/product"}],"about":[{"href":"https:\/\/espacetechnologie.ma\/ar\/wp-json\/wp\/v2\/types\/product"}],"replies":[{"embeddable":true,"href":"https:\/\/espacetechnologie.ma\/ar\/wp-json\/wp\/v2\/comments?post=7541"}],"wp:featuredmedia":[{"embeddable":true,"href":"https:\/\/espacetechnologie.ma\/ar\/wp-json\/wp\/v2\/media\/7540"}],"wp:attachment":[{"href":"https:\/\/espacetechnologie.ma\/ar\/wp-json\/wp\/v2\/media?parent=7541"}],"wp:term":[{"taxonomy":"product_brand","embeddable":true,"href":"https:\/\/espacetechnologie.ma\/ar\/wp-json\/wp\/v2\/product_brand?post=7541"},{"taxonomy":"product_cat","embeddable":true,"href":"https:\/\/espacetechnologie.ma\/ar\/wp-json\/wp\/v2\/product_cat?post=7541"},{"taxonomy":"product_tag","embeddable":true,"href":"https:\/\/espacetechnologie.ma\/ar\/wp-json\/wp\/v2\/product_tag?post=7541"}],"curies":[{"name":"wp","href":"https:\/\/api.w.org\/{rel}","templated":true}]}}