{"id":7537,"date":"2025-07-09T07:51:18","date_gmt":"2025-07-09T06:51:18","guid":{"rendered":"https:\/\/espacetechnologie.ma\/product\/%d9%84%d9%88%d8%ad%d8%a9-%d8%a7%d9%84%d9%82%d9%8a%d8%a7%d8%af%d8%a9-%d9%84%d8%b3%d9%83%d9%88%d8%aa%d8%b1-xiaomi-m365-m365-pro-bluetooth\/"},"modified":"2025-08-03T06:55:38","modified_gmt":"2025-08-03T05:55:38","slug":"%d9%84%d9%88%d8%ad%d8%a9-%d8%a7%d9%84%d9%82%d9%8a%d8%a7%d8%af%d8%a9-%d9%84%d8%b3%d9%83%d9%88%d8%aa%d8%b1-xiaomi-m365-m365-pro-bluetooth","status":"publish","type":"product","link":"https:\/\/espacetechnologie.ma\/ar\/product\/%d9%84%d9%88%d8%ad%d8%a9-%d8%a7%d9%84%d9%82%d9%8a%d8%a7%d8%af%d8%a9-%d9%84%d8%b3%d9%83%d9%88%d8%aa%d8%b1-xiaomi-m365-m365-pro-bluetooth\/","title":{"rendered":"\u0644\u0648\u062d\u0629 \u0627\u0644\u0642\u064a\u0627\u062f\u0629 \u0644\u0633\u0643\u0648\u062a\u0631 Xiaomi M365 \/ M365 Pro Bluetooth"},"content":{"rendered":"<p>\u272c Facile \u00e0 installer, utilisez simplement l&rsquo;application mihome pour ajouter un scooter et mettre \u00e0 niveau le firmware pour passer \u00e0 un scooter professionnel.<br \/>\n\u272c Convient aux scooters m365 et m365 pro, veuillez mettre \u00e0 niveau le scooter m365 vers m365 pro ou l&rsquo;utiliser pour r\u00e9parer m365 pro.<br \/>\n\u272c Affichage en temps r\u00e9el du panneau de donn\u00e9es, clair en un coup d&rsquo;\u0153il.<br \/>\n\u272c Notre tableau de bord et notre housse de protection sont la derni\u00e8re version am\u00e9lior\u00e9e, qui peut \u00eatre utilis\u00e9e pour les scooters \u00e9lectriques M365 et M365 Pro, ce qui facilite l&rsquo;installation du tableau de bord. 3 modes, echo, normal et mouvement.<br \/>\n\u272c Afin de faire fonctionner tous les programmes sur le m365 normal, veuillez installer le firmware minimum v1.5.5. Il peut limiter la vitesse \u00e0 30 km\/h, recherchez l&rsquo;application m365_downg. Si vous ne savez pas comment l&rsquo;installer, veuillez vous r\u00e9f\u00e9rer \u00e0 la vid\u00e9o.<\/p>","protected":false},"excerpt":{"rendered":"<p>\u272c Facile \u00e0 installer, utilisez simplement l&rsquo;application mihome pour ajouter un scooter et mettre \u00e0 niveau le firmware pour passer \u00e0 un scooter professionnel. \u272c Convient aux scooters m365 et m365 pro, veuillez mettre \u00e0 niveau le scooter m365 vers m365 pro ou l&rsquo;utiliser pour r\u00e9parer m365 pro. \u272c Affichage en temps r\u00e9el du panneau [&hellip;]<\/p>\n","protected":false},"featured_media":7536,"comment_status":"open","ping_status":"closed","template":"","meta":{"event_title":"","event_details":"","event_timezone":"","event_gmap":"","event_image":"","event_image_url":"","event_calendar_link":"","event_location":"","event_datetime_with_summary":"","event_datetime":"","event_date_type":"","event_rulesummary":"","event_ticket_rsvp":"","_gspb_post_css":""},"product_brand":[],"product_cat":[122,120],"product_tag":[],"class_list":{"0":"post-7537","1":"product","2":"type-product","3":"status-publish","4":"has-post-thumbnail","6":"product_cat-accessoires-trottinette","7":"product_cat-trottinette","9":"first","10":"instock","11":"sale","12":"shipping-taxable","13":"purchasable","14":"product-type-simple"},"jetpack_sharing_enabled":true,"_links":{"self":[{"href":"https:\/\/espacetechnologie.ma\/ar\/wp-json\/wp\/v2\/product\/7537","targetHints":{"allow":["GET"]}}],"collection":[{"href":"https:\/\/espacetechnologie.ma\/ar\/wp-json\/wp\/v2\/product"}],"about":[{"href":"https:\/\/espacetechnologie.ma\/ar\/wp-json\/wp\/v2\/types\/product"}],"replies":[{"embeddable":true,"href":"https:\/\/espacetechnologie.ma\/ar\/wp-json\/wp\/v2\/comments?post=7537"}],"wp:featuredmedia":[{"embeddable":true,"href":"https:\/\/espacetechnologie.ma\/ar\/wp-json\/wp\/v2\/media\/7536"}],"wp:attachment":[{"href":"https:\/\/espacetechnologie.ma\/ar\/wp-json\/wp\/v2\/media?parent=7537"}],"wp:term":[{"taxonomy":"product_brand","embeddable":true,"href":"https:\/\/espacetechnologie.ma\/ar\/wp-json\/wp\/v2\/product_brand?post=7537"},{"taxonomy":"product_cat","embeddable":true,"href":"https:\/\/espacetechnologie.ma\/ar\/wp-json\/wp\/v2\/product_cat?post=7537"},{"taxonomy":"product_tag","embeddable":true,"href":"https:\/\/espacetechnologie.ma\/ar\/wp-json\/wp\/v2\/product_tag?post=7537"}],"curies":[{"name":"wp","href":"https:\/\/api.w.org\/{rel}","templated":true}]}}