{"id":7530,"date":"2025-07-09T07:51:17","date_gmt":"2025-07-09T06:51:17","guid":{"rendered":"https:\/\/espacetechnologie.ma\/product\/%d8%ad%d8%a7%d9%85%d9%84-%d9%87%d8%a7%d8%aa%d9%81-%d9%85%d8%ad%d9%85%d9%88%d9%84-%d9%84%d9%84%d8%b3%d9%8a%d8%a7%d8%b1%d8%a9-%d9%85%d8%aa%d8%b9%d8%af%d8%af-%d8%a7%d9%84%d9%88%d8%b8%d8%a7%d8%a6%d9%81\/"},"modified":"2025-08-03T07:51:37","modified_gmt":"2025-08-03T06:51:37","slug":"%d8%ad%d8%a7%d9%85%d9%84-%d9%87%d8%a7%d8%aa%d9%81-%d9%85%d8%ad%d9%85%d9%88%d9%84-%d9%84%d9%84%d8%b3%d9%8a%d8%a7%d8%b1%d8%a9-%d9%85%d8%aa%d8%b9%d8%af%d8%af-%d8%a7%d9%84%d9%88%d8%b8%d8%a7%d8%a6%d9%81","status":"publish","type":"product","link":"https:\/\/espacetechnologie.ma\/ar\/product\/%d8%ad%d8%a7%d9%85%d9%84-%d9%87%d8%a7%d8%aa%d9%81-%d9%85%d8%ad%d9%85%d9%88%d9%84-%d9%84%d9%84%d8%b3%d9%8a%d8%a7%d8%b1%d8%a9-%d9%85%d8%aa%d8%b9%d8%af%d8%af-%d8%a7%d9%84%d9%88%d8%b8%d8%a7%d8%a6%d9%81\/","title":{"rendered":"\u062d\u0627\u0645\u0644 \u0647\u0627\u062a\u0641 \u0645\u062d\u0645\u0648\u0644 \u0644\u0644\u0633\u064a\u0627\u0631\u0629 \u0645\u062a\u0639\u062f\u062f \u0627\u0644\u0648\u0638\u0627\u0626\u0641 \u060c \u062f\u0648\u0631\u0627\u0646 360 \u062f\u0631\u062c\u0629"},"content":{"rendered":"<p>Mat\u00e9riel: ABS<br \/>\nCouleur: Noir<br \/>\nApplication: tableau de bord, miroir int\u00e9rieur, pare-soleil<br \/>\nSupport: voiture rotatif \u00e0 360 degr\u00e9s<\/p>","protected":false},"excerpt":{"rendered":"<p>Mat\u00e9riel: ABS Couleur: Noir Application: tableau de bord, miroir int\u00e9rieur, pare-soleil Support: voiture rotatif \u00e0 360 degr\u00e9s<\/p>","protected":false},"featured_media":7529,"comment_status":"open","ping_status":"closed","template":"","meta":{"event_title":"","event_details":"","event_timezone":"","event_gmap":"","event_image":"","event_image_url":"","event_calendar_link":"","event_location":"","event_datetime_with_summary":"","event_datetime":"","event_date_type":"","event_rulesummary":"","event_ticket_rsvp":"","_gspb_post_css":""},"product_brand":[],"product_cat":[114,90,84,113],"product_tag":[],"class_list":{"0":"post-7530","1":"product","2":"type-product","3":"status-publish","4":"has-post-thumbnail","6":"product_cat-accessoires-voiture","7":"product_cat-autres-accessoires-smartphone","8":"product_cat-smartphone","9":"product_cat-voiture-moto","11":"first","12":"instock","13":"sale","14":"shipping-taxable","15":"purchasable","16":"product-type-simple"},"jetpack_sharing_enabled":true,"_links":{"self":[{"href":"https:\/\/espacetechnologie.ma\/ar\/wp-json\/wp\/v2\/product\/7530","targetHints":{"allow":["GET"]}}],"collection":[{"href":"https:\/\/espacetechnologie.ma\/ar\/wp-json\/wp\/v2\/product"}],"about":[{"href":"https:\/\/espacetechnologie.ma\/ar\/wp-json\/wp\/v2\/types\/product"}],"replies":[{"embeddable":true,"href":"https:\/\/espacetechnologie.ma\/ar\/wp-json\/wp\/v2\/comments?post=7530"}],"wp:featuredmedia":[{"embeddable":true,"href":"https:\/\/espacetechnologie.ma\/ar\/wp-json\/wp\/v2\/media\/7529"}],"wp:attachment":[{"href":"https:\/\/espacetechnologie.ma\/ar\/wp-json\/wp\/v2\/media?parent=7530"}],"wp:term":[{"taxonomy":"product_brand","embeddable":true,"href":"https:\/\/espacetechnologie.ma\/ar\/wp-json\/wp\/v2\/product_brand?post=7530"},{"taxonomy":"product_cat","embeddable":true,"href":"https:\/\/espacetechnologie.ma\/ar\/wp-json\/wp\/v2\/product_cat?post=7530"},{"taxonomy":"product_tag","embeddable":true,"href":"https:\/\/espacetechnologie.ma\/ar\/wp-json\/wp\/v2\/product_tag?post=7530"}],"curies":[{"name":"wp","href":"https:\/\/api.w.org\/{rel}","templated":true}]}}