{"id":7522,"date":"2025-07-09T07:51:15","date_gmt":"2025-07-09T06:51:15","guid":{"rendered":"https:\/\/espacetechnologie.ma\/product\/pack-usb-microphone-de-studio\/"},"modified":"2025-08-02T14:58:15","modified_gmt":"2025-08-02T13:58:15","slug":"pack-usb-microphone-de-studio","status":"publish","type":"product","link":"https:\/\/espacetechnologie.ma\/ar\/product\/pack-usb-microphone-de-studio\/","title":{"rendered":"Pack USB Microphone de Studio"},"content":{"rendered":"<p>Jeu de puces de son professionnel &#8212; ce Microphone \u00e0 condensateur a \u00e9t\u00e9 con\u00e7u avec un jeu de puces de son professionnel.<br \/>\nUSB PLAY &#038; PLUG &#8212; en une minute apr\u00e8s le branchement sur USB, votre microphone sera reconnu par le syst\u00e8me informatique.<br \/>\nBloquer les bruits d\u00e9rangeants-le bruit de fond est consid\u00e9rablement \u00e9limin\u00e9 en raison du sch\u00e9ma de ramassage cardio\u00efde qui ne focalise que les sources sonores directement devant le microphone.<br \/>\nLarge plage r\u00e9glable \u00e0 360 \u00b0: le jeu de bras est en acier durable. Il est facile de r\u00e9gler chaque angle et hauteur pour correspondre \u00e0 votre position de travail.<br \/>\nCOMPATIBLE avec tous les syst\u00e8mes d&rsquo;exploitation: pour tous les ordinateurs portables, PC et t\u00e9l\u00e9phones mobiles.<br \/>\n1 * Cantilever support<br \/>\n1 * filet de pr\u00e9vention des \u00e9ruptions<br \/>\n1 * c\u00e2ble audio du Microphone<br \/>\n1 * Base<br \/>\n1 * boule d&rsquo;\u00e9ponge<br \/>\n1 * Microphone<\/p>","protected":false},"excerpt":{"rendered":"<p>Mat\u00e9riel: M\u00e9tal<br \/>\n*<br \/>\nCapsule: Capacitif<br \/>\n*<br \/>\nR\u00e9ponse en fr\u00e9quence: 30Hz-20KHz<br \/>\n*<br \/>\nDirectivit\u00e9: pointage en forme de coeur<br \/>\n*<br \/>\nSensibilit\u00e9: 25mV\/Pa (-42dB \u00b1 2dB)<br \/>\n* Mode d&rsquo;alimentation: alimentation USB DC5V<\/p>","protected":false},"featured_media":7521,"comment_status":"open","ping_status":"closed","template":"","meta":{"event_title":"","event_details":"","event_timezone":"","event_gmap":"","event_image":"","event_image_url":"","event_calendar_link":"","event_location":"","event_datetime_with_summary":"","event_datetime":"","event_date_type":"","event_rulesummary":"","event_ticket_rsvp":"","_gspb_post_css":""},"product_brand":[],"product_cat":[107,111],"product_tag":[],"class_list":{"0":"post-7522","1":"product","2":"type-product","3":"status-publish","4":"has-post-thumbnail","6":"product_cat-audio","7":"product_cat-microphones","9":"first","10":"instock","11":"sale","12":"shipping-taxable","13":"purchasable","14":"product-type-simple"},"jetpack_sharing_enabled":true,"_links":{"self":[{"href":"https:\/\/espacetechnologie.ma\/ar\/wp-json\/wp\/v2\/product\/7522","targetHints":{"allow":["GET"]}}],"collection":[{"href":"https:\/\/espacetechnologie.ma\/ar\/wp-json\/wp\/v2\/product"}],"about":[{"href":"https:\/\/espacetechnologie.ma\/ar\/wp-json\/wp\/v2\/types\/product"}],"replies":[{"embeddable":true,"href":"https:\/\/espacetechnologie.ma\/ar\/wp-json\/wp\/v2\/comments?post=7522"}],"wp:featuredmedia":[{"embeddable":true,"href":"https:\/\/espacetechnologie.ma\/ar\/wp-json\/wp\/v2\/media\/7521"}],"wp:attachment":[{"href":"https:\/\/espacetechnologie.ma\/ar\/wp-json\/wp\/v2\/media?parent=7522"}],"wp:term":[{"taxonomy":"product_brand","embeddable":true,"href":"https:\/\/espacetechnologie.ma\/ar\/wp-json\/wp\/v2\/product_brand?post=7522"},{"taxonomy":"product_cat","embeddable":true,"href":"https:\/\/espacetechnologie.ma\/ar\/wp-json\/wp\/v2\/product_cat?post=7522"},{"taxonomy":"product_tag","embeddable":true,"href":"https:\/\/espacetechnologie.ma\/ar\/wp-json\/wp\/v2\/product_tag?post=7522"}],"curies":[{"name":"wp","href":"https:\/\/api.w.org\/{rel}","templated":true}]}}