{"id":7506,"date":"2025-07-09T07:51:13","date_gmt":"2025-07-09T06:51:13","guid":{"rendered":"https:\/\/espacetechnologie.ma\/product\/%d9%85%d9%8a%d9%83%d8%b1%d9%88%d9%81%d9%88%d9%86-%d9%85%d9%83%d8%ab%d9%81-bm800-%d9%85%d8%b9-%d8%a8%d8%b7%d8%a7%d9%82%d8%a9-bluetooth-x50\/"},"modified":"2025-08-06T19:29:53","modified_gmt":"2025-08-06T18:29:53","slug":"%d9%85%d9%8a%d9%83%d8%b1%d9%88%d9%81%d9%88%d9%86-%d9%85%d9%83%d8%ab%d9%81-bm800-%d9%85%d8%b9-%d8%a8%d8%b7%d8%a7%d9%82%d8%a9-bluetooth-x50","status":"publish","type":"product","link":"https:\/\/espacetechnologie.ma\/ar\/product\/%d9%85%d9%8a%d9%83%d8%b1%d9%88%d9%81%d9%88%d9%86-%d9%85%d9%83%d8%ab%d9%81-bm800-%d9%85%d8%b9-%d8%a8%d8%b7%d8%a7%d9%82%d8%a9-bluetooth-x50\/","title":{"rendered":"\u0645\u064a\u0643\u0631\u0648\u0641\u0648\u0646 \u0645\u0643\u062b\u0641 BM800 \u0645\u0639 \u0628\u0637\u0627\u0642\u0629 Bluetooth X50"},"content":{"rendered":"<p>Mat\u00e9riau du microphone: acier + alliage de zinc<br \/>\nMat\u00e9riel de support de micro: M\u00e9tal<br \/>\nMat\u00e9riau de la carte son: m\u00e9tal<br \/>\nMotif polaire: Uni-directionnel<br \/>\nR\u00e9ponse en fr\u00e9quence: 20Hz-20kHz<br \/>\nSensibilit\u00e9:\u00a034dB\u00a0 2dB (0dB = 1 V\/Pa \u00e0 1KHz)<br \/>\nImp\u00e9dance de sortie: 150\u00a0 30% (\u00e0 1kHz)<br \/>\nImp\u00e9dance de charge:\u00a0 1000<br \/>\nNiveau de bruit \u00e9quivalent: 16dBA<br \/>\nMax.SPL: 130dB (\u00e0 1KHz = 1% T.H.D)<br \/>\nRapport S\/N: 78dB<br \/>\nCourant \u00e9lectrique: 3mA<br \/>\nAlimentation de la carte son: Cellule au lithium int\u00e9gr\u00e9e (incluse)<br \/>\nTaille du paquet: 430*270*90mm \/ 16.93*10.63*3.54in<br \/>\nPoids du colis: 1800g\/3,97 lb<\/p>","protected":false},"excerpt":{"rendered":"<p>Mat\u00e9riau du microphone: acier + alliage de zinc Mat\u00e9riel de support de micro: M\u00e9tal Mat\u00e9riau de la carte son: m\u00e9tal Motif polaire: Uni-directionnel R\u00e9ponse en fr\u00e9quence: 20Hz-20kHz Sensibilit\u00e9:\u00a034dB\u00a0 2dB (0dB = 1 V\/Pa \u00e0 1KHz) Imp\u00e9dance de sortie: 150\u00a0 30% (\u00e0 1kHz) Imp\u00e9dance de charge:\u00a0 1000 Niveau de bruit \u00e9quivalent: 16dBA Max.SPL: 130dB (\u00e0 1KHz [&hellip;]<\/p>\n","protected":false},"featured_media":7505,"comment_status":"open","ping_status":"closed","template":"","meta":{"event_title":"","event_details":"","event_timezone":"","event_gmap":"","event_image":"","event_image_url":"","event_calendar_link":"","event_location":"","event_datetime_with_summary":"","event_datetime":"","event_date_type":"","event_rulesummary":"","event_ticket_rsvp":"","_gspb_post_css":""},"product_brand":[],"product_cat":[107,111],"product_tag":[],"class_list":{"0":"post-7506","1":"product","2":"type-product","3":"status-publish","4":"has-post-thumbnail","6":"product_cat-audio","7":"product_cat-microphones","9":"first","10":"instock","11":"sale","12":"featured","13":"shipping-taxable","14":"purchasable","15":"product-type-simple"},"jetpack_sharing_enabled":true,"_links":{"self":[{"href":"https:\/\/espacetechnologie.ma\/ar\/wp-json\/wp\/v2\/product\/7506","targetHints":{"allow":["GET"]}}],"collection":[{"href":"https:\/\/espacetechnologie.ma\/ar\/wp-json\/wp\/v2\/product"}],"about":[{"href":"https:\/\/espacetechnologie.ma\/ar\/wp-json\/wp\/v2\/types\/product"}],"replies":[{"embeddable":true,"href":"https:\/\/espacetechnologie.ma\/ar\/wp-json\/wp\/v2\/comments?post=7506"}],"wp:featuredmedia":[{"embeddable":true,"href":"https:\/\/espacetechnologie.ma\/ar\/wp-json\/wp\/v2\/media\/7505"}],"wp:attachment":[{"href":"https:\/\/espacetechnologie.ma\/ar\/wp-json\/wp\/v2\/media?parent=7506"}],"wp:term":[{"taxonomy":"product_brand","embeddable":true,"href":"https:\/\/espacetechnologie.ma\/ar\/wp-json\/wp\/v2\/product_brand?post=7506"},{"taxonomy":"product_cat","embeddable":true,"href":"https:\/\/espacetechnologie.ma\/ar\/wp-json\/wp\/v2\/product_cat?post=7506"},{"taxonomy":"product_tag","embeddable":true,"href":"https:\/\/espacetechnologie.ma\/ar\/wp-json\/wp\/v2\/product_tag?post=7506"}],"curies":[{"name":"wp","href":"https:\/\/api.w.org\/{rel}","templated":true}]}}