{"id":7495,"date":"2025-07-09T07:51:11","date_gmt":"2025-07-09T06:51:11","guid":{"rendered":"https:\/\/espacetechnologie.ma\/product\/antenne-tv-numerique-tnt-interieure-a-gain-eleve\/"},"modified":"2025-10-23T00:10:30","modified_gmt":"2025-10-22T23:10:30","slug":"antenne-tv-numerique-tnt-interieure-a-gain-eleve","status":"publish","type":"product","link":"https:\/\/espacetechnologie.ma\/ar\/product\/antenne-tv-numerique-tnt-interieure-a-gain-eleve\/","title":{"rendered":"Antenne TV num\u00e9rique TNT int\u00e9rieure \u00e0 gain \u00e9lev\u00e9"},"content":{"rendered":"<p>Sp\u00e9cification<br \/>\nAntenne num\u00e9rique haute d\u00e9finition d&rsquo;int\u00e9rieur<br \/>\nMat\u00e9riau: ABS<br \/>\nPlage de fr\u00e9quence: 170-862 (MHz)<br \/>\nPoids: 75g<br \/>\nTaille: 210*120*10mm<br \/>\nCaract\u00e9ristiques<br \/>\n1. L\u00e9ger comme ressort, vous pouvez le placer n&rsquo;importe o\u00f9 et aucune alimentation n&rsquo;est n\u00e9cessaire<br \/>\n2. Correspond \u00e0 votre d\u00e9coration int\u00e9rieure, peut facilement \u00eatre derri\u00e8re une image, une \u00e9tag\u00e8re ou une t\u00e9l\u00e9vision<br \/>\n3. Rapide et facile \u00e0 configurer-D\u00e9ballez, branchez-le et scannez les canaux<br \/>\n4. Vous pouvez le mettre sur le mur, sur la table ou la fen\u00eatre (fortement recommand\u00e9) et il vous montrera que vous appr\u00e9ciez le Digital &#038; HD limpide avec beaucoup<br \/>\nAvis<br \/>\n1. Placer l&rsquo;antenne plus haut ou pr\u00e8s d&rsquo;une fen\u00eatre peut am\u00e9liorer la r\u00e9ception. Vous devez r\u00e9analyser lorsque vous utilisez l&rsquo;antenne.<br \/>\n2. Si vous avez un t\u00e9l\u00e9viseur HD plat, consultez le manuel de votre t\u00e9l\u00e9viseur pour vous assurer que votre t\u00e9l\u00e9viseur est livr\u00e9 avec un tuner int\u00e9gr\u00e9.<br \/>\n3. Assurez-vous d&rsquo;avoir une r\u00e9ception HD; sinon, aucune cha\u00eene HD ne peut \u00eatre r\u00e9cup\u00e9r\u00e9e. Lire manuel r\u00e9cepteur.<br \/>\n4. Vous devez saisir \u00e0 nouveau l&rsquo;heure de vos t\u00e9l\u00e9viseurs et de votre r\u00e9cepteur num\u00e9rique pour vous assurer de recevoir tous les services disponibles. Retuning ne prend que quelques minites et peut \u00eatre fait avec votre t\u00e9l\u00e9commande.<br \/>\n5. La capacit\u00e9 de r\u00e9ception TV d\u00e9pend de la distance entre votre maison, la tour d&rsquo;envoi et les environnements environnants.<\/p>","protected":false},"excerpt":{"rendered":"<p>Antenne num\u00e9rique haute d\u00e9finition d&rsquo;int\u00e9rieur<br \/>\nMat\u00e9riau: ABS<br \/>\nPlage de fr\u00e9quence: 170-862 (MHz)<br \/>\nPoids: 75g<br \/>\nTaille: 210*120*10mm<\/p>","protected":false},"featured_media":7494,"comment_status":"open","ping_status":"closed","template":"","meta":{"event_title":"","event_details":"","event_timezone":"","event_gmap":"","event_image":"","event_image_url":"","event_calendar_link":"","event_location":"","event_datetime_with_summary":"","event_datetime":"","event_date_type":"","event_rulesummary":"","event_ticket_rsvp":"","_gspb_post_css":""},"product_brand":[],"product_cat":[125,123],"product_tag":[],"class_list":{"0":"post-7495","1":"product","2":"type-product","3":"status-publish","4":"has-post-thumbnail","6":"product_cat-autres-accessoires-tv","7":"product_cat-tv","9":"first","10":"instock","11":"sale","12":"featured","13":"shipping-taxable","14":"purchasable","15":"product-type-simple"},"jetpack_sharing_enabled":true,"_links":{"self":[{"href":"https:\/\/espacetechnologie.ma\/ar\/wp-json\/wp\/v2\/product\/7495","targetHints":{"allow":["GET"]}}],"collection":[{"href":"https:\/\/espacetechnologie.ma\/ar\/wp-json\/wp\/v2\/product"}],"about":[{"href":"https:\/\/espacetechnologie.ma\/ar\/wp-json\/wp\/v2\/types\/product"}],"replies":[{"embeddable":true,"href":"https:\/\/espacetechnologie.ma\/ar\/wp-json\/wp\/v2\/comments?post=7495"}],"wp:featuredmedia":[{"embeddable":true,"href":"https:\/\/espacetechnologie.ma\/ar\/wp-json\/wp\/v2\/media\/7494"}],"wp:attachment":[{"href":"https:\/\/espacetechnologie.ma\/ar\/wp-json\/wp\/v2\/media?parent=7495"}],"wp:term":[{"taxonomy":"product_brand","embeddable":true,"href":"https:\/\/espacetechnologie.ma\/ar\/wp-json\/wp\/v2\/product_brand?post=7495"},{"taxonomy":"product_cat","embeddable":true,"href":"https:\/\/espacetechnologie.ma\/ar\/wp-json\/wp\/v2\/product_cat?post=7495"},{"taxonomy":"product_tag","embeddable":true,"href":"https:\/\/espacetechnologie.ma\/ar\/wp-json\/wp\/v2\/product_tag?post=7495"}],"curies":[{"name":"wp","href":"https:\/\/api.w.org\/{rel}","templated":true}]}}