{"id":7486,"date":"2025-07-09T07:51:08","date_gmt":"2025-07-09T06:51:08","guid":{"rendered":"https:\/\/espacetechnologie.ma\/product\/%d8%ad%d8%b2%d9%85%d8%a9-%d9%85%d9%8a%d9%83%d8%b1%d9%88%d9%81%d9%88%d9%86-usb-%d9%83%d8%a7%d9%85%d9%84%d8%a9-%d9%84%d9%84%d8%aa%d8%b3%d8%ac%d9%8a%d9%84-%d9%81%d9%8a-%d8%a7%d8%b3%d8%aa%d9%88%d8%af\/"},"modified":"2025-08-06T19:35:08","modified_gmt":"2025-08-06T18:35:08","slug":"%d8%ad%d8%b2%d9%85%d8%a9-%d9%85%d9%8a%d9%83%d8%b1%d9%88%d9%81%d9%88%d9%86-usb-%d9%83%d8%a7%d9%85%d9%84%d8%a9-%d9%84%d9%84%d8%aa%d8%b3%d8%ac%d9%8a%d9%84-%d9%81%d9%8a-%d8%a7%d8%b3%d8%aa%d9%88%d8%af","status":"publish","type":"product","link":"https:\/\/espacetechnologie.ma\/ar\/product\/%d8%ad%d8%b2%d9%85%d8%a9-%d9%85%d9%8a%d9%83%d8%b1%d9%88%d9%81%d9%88%d9%86-usb-%d9%83%d8%a7%d9%85%d9%84%d8%a9-%d9%84%d9%84%d8%aa%d8%b3%d8%ac%d9%8a%d9%84-%d9%81%d9%8a-%d8%a7%d8%b3%d8%aa%d9%88%d8%af\/","title":{"rendered":"\u062d\u0632\u0645\u0629 \u0645\u064a\u0643\u0631\u0648\u0641\u0648\u0646 USB \u0643\u0627\u0645\u0644\u0629 \u0644\u0644\u062a\u0633\u062c\u064a\u0644 \u0641\u064a \u0627\u0633\u062a\u0648\u062f\u064a\u0648 \u0627\u0644\u062f\u0631\u062f\u0634\u0629 \u0639\u0644\u0649 \u0627\u0644\u0643\u0645\u0628\u064a\u0648\u062a\u0631"},"content":{"rendered":"<p>\u00c9tat: 100% neuf<br \/>\nMati\u00e8re: M\u00e9tal<br \/>\nCouleur: comme l&rsquo;image montr\u00e9e<br \/>\nMi crophones taille: diam\u00e8tre 6.0&#215;2.2mm haute sensibilit\u00e9 anti-parasitage mi core<br \/>\nDirectivit\u00e9: Omnidirectionnel<br \/>\nTension de fonctionnement: 2.0 V<br \/>\nRapport Signal-bruit:> 60dB<br \/>\nUSB: 2.0 interface<\/p>","protected":false},"excerpt":{"rendered":"<p>Micro Micro \u00c0 Condensateur Haute Fr\u00e9quence D&rsquo;\u00e9chantillonnage Micro Ordinateur Ensemble<\/p>","protected":false},"featured_media":7485,"comment_status":"open","ping_status":"closed","template":"","meta":{"event_title":"","event_details":"","event_timezone":"","event_gmap":"","event_image":"","event_image_url":"","event_calendar_link":"","event_location":"","event_datetime_with_summary":"","event_datetime":"","event_date_type":"","event_rulesummary":"","event_ticket_rsvp":"","_gspb_post_css":""},"product_brand":[],"product_cat":[107,111],"product_tag":[],"class_list":{"0":"post-7486","1":"product","2":"type-product","3":"status-publish","4":"has-post-thumbnail","6":"product_cat-audio","7":"product_cat-microphones","9":"first","10":"instock","11":"sale","12":"shipping-taxable","13":"purchasable","14":"product-type-simple"},"jetpack_sharing_enabled":true,"_links":{"self":[{"href":"https:\/\/espacetechnologie.ma\/ar\/wp-json\/wp\/v2\/product\/7486","targetHints":{"allow":["GET"]}}],"collection":[{"href":"https:\/\/espacetechnologie.ma\/ar\/wp-json\/wp\/v2\/product"}],"about":[{"href":"https:\/\/espacetechnologie.ma\/ar\/wp-json\/wp\/v2\/types\/product"}],"replies":[{"embeddable":true,"href":"https:\/\/espacetechnologie.ma\/ar\/wp-json\/wp\/v2\/comments?post=7486"}],"wp:featuredmedia":[{"embeddable":true,"href":"https:\/\/espacetechnologie.ma\/ar\/wp-json\/wp\/v2\/media\/7485"}],"wp:attachment":[{"href":"https:\/\/espacetechnologie.ma\/ar\/wp-json\/wp\/v2\/media?parent=7486"}],"wp:term":[{"taxonomy":"product_brand","embeddable":true,"href":"https:\/\/espacetechnologie.ma\/ar\/wp-json\/wp\/v2\/product_brand?post=7486"},{"taxonomy":"product_cat","embeddable":true,"href":"https:\/\/espacetechnologie.ma\/ar\/wp-json\/wp\/v2\/product_cat?post=7486"},{"taxonomy":"product_tag","embeddable":true,"href":"https:\/\/espacetechnologie.ma\/ar\/wp-json\/wp\/v2\/product_tag?post=7486"}],"curies":[{"name":"wp","href":"https:\/\/api.w.org\/{rel}","templated":true}]}}