{"id":7479,"date":"2025-07-09T07:51:07","date_gmt":"2025-07-09T06:51:07","guid":{"rendered":"https:\/\/espacetechnologie.ma\/product\/perche-a-selfie-bluetooth-pliable-pour-telephone-portable-gopro\/"},"modified":"2025-08-03T06:58:56","modified_gmt":"2025-08-03T05:58:56","slug":"perche-a-selfie-bluetooth-pliable-pour-telephone-portable-gopro","status":"publish","type":"product","link":"https:\/\/espacetechnologie.ma\/ar\/product\/perche-a-selfie-bluetooth-pliable-pour-telephone-portable-gopro\/","title":{"rendered":"Perche \u00e0 Selfie Bluetooth, pliable, pour t\u00e9l\u00e9phone, portable\/Gopro"},"content":{"rendered":"<p>Sp\u00e9cification<br \/>\nProduct size\uff1a48 x 33 x 194~1030 mm<br \/>\nNet weight: 155g<br \/>\nBluetooth version\uff1aBluetooth 4.0<br \/>\nTransmission Frequency\uff1a2.4GHz-2.4835GHz<br \/>\nLight: 3 modes, 9 color temperatures<br \/>\nWorking Voltage: 3V<br \/>\nBluetooth distance\uff1a10M<br \/>\nBattery\uff1aCR1632(CAN CHANGE)<br \/>\nAndroid system\uff1aAndroid 4.4 or above<br \/>\niOS system\uff1aiOS 5.1 or above<br \/>\nMaterials\uff1aABS+stainless steel<br \/>\nPhone size\uff1a65-95mm<br \/>\nTripod open to maximum height: 970mm<br \/>\nDescription<br \/>\n1, The bottom of this selfie stick phone tripod can become a tripod stand, in tripod mode, you can record video, live stream, and free your hand to take pictures.<br \/>\n2, Bluetooth remote control can be removed from the handle, you can put the selfie stick down and use the Bluetooth remote control to take pictures at a further distance.<br \/>\n3, Multiple light modes of LED fill light adds extra light to help the results of outdoor shooting at night, the light is bright enough to meet all your needs.<br \/>\n4, The width of the selfie stick tripod is between 65-95mm, it is compatible with almost all phones, such as iPhone 13 Pro Max\/13Pro\/13\/12Pro Max\/12Pro\/11Pro Max\/11\/XS\/XS Max\/XR\/X\/8\/8 Plus\/7\/6s\/6, Galaxy S10\/S9\/S8\/S7 \/S6\/Note, GoPro.<br \/>\n5, The fill light is equipped with a USB cable, USB port can be used with a variety of devices, such as connecting USB chargers, mobile power, computer hosts and laptops.<br \/>\n6, this selfie stick can be folded for easy portability. If you are traveling, this will be an easy to carry selfie stick that can be placed in a backpack.<\/p>","protected":false},"excerpt":{"rendered":"<p>Product size\uff1a48 x 33 x 194~1030 mm<br \/>\nNet weight: 155g<br \/>\nTransmission Frequency\uff1a2.4GHz-2.4835GHz<br \/>\nWorking Voltage: 3V<br \/>\nBluetooth distance\uff1a10M<br \/>\nBattery\uff1aCR1632(CAN CHANGE)<br \/>\nAndroid system\uff1aAndroid 4.4 or above<br \/>\niOS system\uff1aiOS 5.1 or above<br \/>\nMaterials\uff1aABS+stainless steel<br \/>\nPhone size\uff1a65-95mm<br \/>\nTripod open to maximum height: 970mm<\/p>","protected":false},"featured_media":7478,"comment_status":"open","ping_status":"closed","template":"","meta":{"event_title":"","event_details":"","event_timezone":"","event_gmap":"","event_image":"","event_image_url":"","event_calendar_link":"","event_location":"","event_datetime_with_summary":"","event_datetime":"","event_date_type":"","event_rulesummary":"","event_ticket_rsvp":"","_gspb_post_css":""},"product_brand":[],"product_cat":[119,90,82,84,116],"product_tag":[],"class_list":{"0":"post-7479","1":"product","2":"type-product","3":"status-publish","4":"has-post-thumbnail","6":"product_cat-accessoires-studio","7":"product_cat-autres-accessoires-smartphone","8":"product_cat-gadgets","9":"product_cat-smartphone","10":"product_cat-studio","12":"first","13":"instock","14":"sale","15":"shipping-taxable","16":"purchasable","17":"product-type-simple"},"jetpack_sharing_enabled":true,"_links":{"self":[{"href":"https:\/\/espacetechnologie.ma\/ar\/wp-json\/wp\/v2\/product\/7479","targetHints":{"allow":["GET"]}}],"collection":[{"href":"https:\/\/espacetechnologie.ma\/ar\/wp-json\/wp\/v2\/product"}],"about":[{"href":"https:\/\/espacetechnologie.ma\/ar\/wp-json\/wp\/v2\/types\/product"}],"replies":[{"embeddable":true,"href":"https:\/\/espacetechnologie.ma\/ar\/wp-json\/wp\/v2\/comments?post=7479"}],"wp:featuredmedia":[{"embeddable":true,"href":"https:\/\/espacetechnologie.ma\/ar\/wp-json\/wp\/v2\/media\/7478"}],"wp:attachment":[{"href":"https:\/\/espacetechnologie.ma\/ar\/wp-json\/wp\/v2\/media?parent=7479"}],"wp:term":[{"taxonomy":"product_brand","embeddable":true,"href":"https:\/\/espacetechnologie.ma\/ar\/wp-json\/wp\/v2\/product_brand?post=7479"},{"taxonomy":"product_cat","embeddable":true,"href":"https:\/\/espacetechnologie.ma\/ar\/wp-json\/wp\/v2\/product_cat?post=7479"},{"taxonomy":"product_tag","embeddable":true,"href":"https:\/\/espacetechnologie.ma\/ar\/wp-json\/wp\/v2\/product_tag?post=7479"}],"curies":[{"name":"wp","href":"https:\/\/api.w.org\/{rel}","templated":true}]}}