{"id":7473,"date":"2025-07-09T07:51:05","date_gmt":"2025-07-09T06:51:05","guid":{"rendered":"https:\/\/espacetechnologie.ma\/product\/ventilateur-de-refroidissement-magnetique-pour-telephone-portable\/"},"modified":"2025-08-06T19:37:59","modified_gmt":"2025-08-06T18:37:59","slug":"ventilateur-de-refroidissement-magnetique-pour-telephone-portable","status":"publish","type":"product","link":"https:\/\/espacetechnologie.ma\/ar\/product\/ventilateur-de-refroidissement-magnetique-pour-telephone-portable\/","title":{"rendered":"Ventilateur de refroidissement magn\u00e9tique pour t\u00e9l\u00e9phone portable"},"content":{"rendered":"<p>Nom du produit: Dissipateur de chaleur magn\u00e9tique semi-conducteur N5<br \/>\nPoids du produit: 140g<br \/>\nTaille du produit: 61x35x74mm<br \/>\nMat\u00e9riau du produit: ABS<br \/>\nLongueur de c\u00e2blage: 1.5 m\u00e8tres<\/p>","protected":false},"excerpt":{"rendered":"<p>Nom du produit: Dissipateur de chaleur magn\u00e9tique semi-conducteur N5 Poids du produit: 140g Taille du produit: 61x35x74mm Mat\u00e9riau du produit: ABS Longueur de c\u00e2blage: 1.5 m\u00e8tres<\/p>","protected":false},"featured_media":7472,"comment_status":"open","ping_status":"closed","template":"","meta":{"event_title":"","event_details":"","event_timezone":"","event_gmap":"","event_image":"","event_image_url":"","event_calendar_link":"","event_location":"","event_datetime_with_summary":"","event_datetime":"","event_date_type":"","event_rulesummary":"","event_ticket_rsvp":"","_gspb_post_css":""},"product_brand":[],"product_cat":[90,82,84],"product_tag":[],"class_list":{"0":"post-7473","1":"product","2":"type-product","3":"status-publish","4":"has-post-thumbnail","6":"product_cat-autres-accessoires-smartphone","7":"product_cat-gadgets","8":"product_cat-smartphone","10":"first","11":"instock","12":"sale","13":"featured","14":"shipping-taxable","15":"purchasable","16":"product-type-simple"},"jetpack_sharing_enabled":true,"_links":{"self":[{"href":"https:\/\/espacetechnologie.ma\/ar\/wp-json\/wp\/v2\/product\/7473","targetHints":{"allow":["GET"]}}],"collection":[{"href":"https:\/\/espacetechnologie.ma\/ar\/wp-json\/wp\/v2\/product"}],"about":[{"href":"https:\/\/espacetechnologie.ma\/ar\/wp-json\/wp\/v2\/types\/product"}],"replies":[{"embeddable":true,"href":"https:\/\/espacetechnologie.ma\/ar\/wp-json\/wp\/v2\/comments?post=7473"}],"wp:featuredmedia":[{"embeddable":true,"href":"https:\/\/espacetechnologie.ma\/ar\/wp-json\/wp\/v2\/media\/7472"}],"wp:attachment":[{"href":"https:\/\/espacetechnologie.ma\/ar\/wp-json\/wp\/v2\/media?parent=7473"}],"wp:term":[{"taxonomy":"product_brand","embeddable":true,"href":"https:\/\/espacetechnologie.ma\/ar\/wp-json\/wp\/v2\/product_brand?post=7473"},{"taxonomy":"product_cat","embeddable":true,"href":"https:\/\/espacetechnologie.ma\/ar\/wp-json\/wp\/v2\/product_cat?post=7473"},{"taxonomy":"product_tag","embeddable":true,"href":"https:\/\/espacetechnologie.ma\/ar\/wp-json\/wp\/v2\/product_tag?post=7473"}],"curies":[{"name":"wp","href":"https:\/\/api.w.org\/{rel}","templated":true}]}}