{"id":7458,"date":"2025-07-09T07:51:02","date_gmt":"2025-07-09T06:51:02","guid":{"rendered":"https:\/\/espacetechnologie.ma\/product\/microphone-usb-pour-streaming-podcasting-enregistrement\/"},"modified":"2025-08-03T08:17:24","modified_gmt":"2025-08-03T07:17:24","slug":"microphone-usb-pour-streaming-podcasting-enregistrement","status":"publish","type":"product","link":"https:\/\/espacetechnologie.ma\/ar\/product\/microphone-usb-pour-streaming-podcasting-enregistrement\/","title":{"rendered":"Microphone usb Pour Streaming \/ Podcasting \/ Enregistrement"},"content":{"rendered":"<p>Microphone USB pour ordinateur, Microphone PC d&rsquo;enregistrement \u00e0 condensateur pour Mac &#038; Windows, Microphone de bureau de Studio professionnel pour jeux, Podcast, chat, vid\u00e9os YouTube, voix off et Streaming<br \/>\n\u3010Microphone \u00e0 condensateur polyvalent \u3011<br \/>\nLe microphone d&rsquo;enregistrement usb Plug and play est livr\u00e9 avec un c\u00e2ble USB de 1.4 m\u00e8tre, il suffit de brancher l&rsquo;interface USB, aucun logiciel de pilote suppl\u00e9mentaire, carte son ou alimentation fant\u00f4me n&rsquo;est requis. Un incontournable pour les jeux, le streaming, le chat, les conf\u00e9rences web, le podcasting, l&rsquo;enregistrement, le Zoom, Skype, la vid\u00e9o YouTube, etc.<br \/>\n\u3010Excellente qualit\u00e9 sonore \u3011<br \/>\nMicrophone d&rsquo;enregistrement HANTOPER, puce de sensibilit\u00e9 int\u00e9gr\u00e9e, vous offre une voix claire et lisse, il n&rsquo;y a pas de bip bizarre, de son d&rsquo;\u00e9cho ou d&rsquo;autres bruits de fond pour vous d\u00e9ranger. Vous pouvez vous immerger dans votre jeu ou enregistrer des moments.<br \/>\n\u3010Aspect mat chic \u3011<br \/>\nLe microphone d&rsquo;ordinateur avec structure m\u00e9tallique durable et texture mate de haute qualit\u00e9 le rend tr\u00e8s confortable au toucher, pas facile de laisser des empreintes digitales. Peut \u00e9galement tourner ind\u00e9pendamment de la base, et le tr\u00e9pied r\u00e9glable permet au microphone de se d\u00e9placer librement sur le bureau, pratique \u00e0 ranger dans votre sac \u00e0 dos et vos sacs d&rsquo;ordinateur.<br \/>\n\u3010Bouton de volume suppl\u00e9mentaire \u3011<br \/>\nMicrophone d&rsquo;enregistrement avec bouton de volume suppl\u00e9mentaire lui-m\u00eame, vous pouvez couper ou ajuster le gain facilement et rapidement selon vos besoins. Sch\u00e9ma de captation cardio\u00efde qui r\u00e9duit la captation des sons ind\u00e9sirables des c\u00f4t\u00e9s et de l&rsquo;arri\u00e8re, am\u00e9liorant l&rsquo;isolation de la source sonore souhait\u00e9e.<br \/>\n\u3010Emballage et service \u3011<br \/>\n1 * Microphone \u00e0 condensateur USB<br \/>\n1 * support de tr\u00e9pied<br \/>\n1 * anneau de support rotatif<br \/>\n1 * c\u00e2ble de chargement USB<br \/>\n1 * manuel en anglais<br \/>\nSi vous avez des questions, vous pouvez contacter notre service client et nous vous r\u00e9pondrons d\u00e8s que possible, dans les 24 heures.<\/p>","protected":false},"excerpt":{"rendered":"<p>Microphone USB pour ordinateur, Microphone PC d&rsquo;enregistrement \u00e0 condensateur pour Mac &#038; Windows, Microphone de bureau de Studio professionnel pour jeux, Podcast, chat, vid\u00e9os YouTube, voix off et Streaming \u3010Microphone \u00e0 condensateur polyvalent \u3011 Le microphone d&rsquo;enregistrement usb Plug and play est livr\u00e9 avec un c\u00e2ble USB de 1.4 m\u00e8tre, il suffit de brancher l&rsquo;interface [&hellip;]<\/p>\n","protected":false},"featured_media":7457,"comment_status":"open","ping_status":"closed","template":"","meta":{"event_title":"","event_details":"","event_timezone":"","event_gmap":"","event_image":"","event_image_url":"","event_calendar_link":"","event_location":"","event_datetime_with_summary":"","event_datetime":"","event_date_type":"","event_rulesummary":"","event_ticket_rsvp":"","_gspb_post_css":""},"product_brand":[],"product_cat":[107,111],"product_tag":[],"class_list":{"0":"post-7458","1":"product","2":"type-product","3":"status-publish","4":"has-post-thumbnail","6":"product_cat-audio","7":"product_cat-microphones","9":"first","10":"instock","11":"sale","12":"shipping-taxable","13":"purchasable","14":"product-type-simple"},"jetpack_sharing_enabled":true,"_links":{"self":[{"href":"https:\/\/espacetechnologie.ma\/ar\/wp-json\/wp\/v2\/product\/7458","targetHints":{"allow":["GET"]}}],"collection":[{"href":"https:\/\/espacetechnologie.ma\/ar\/wp-json\/wp\/v2\/product"}],"about":[{"href":"https:\/\/espacetechnologie.ma\/ar\/wp-json\/wp\/v2\/types\/product"}],"replies":[{"embeddable":true,"href":"https:\/\/espacetechnologie.ma\/ar\/wp-json\/wp\/v2\/comments?post=7458"}],"wp:featuredmedia":[{"embeddable":true,"href":"https:\/\/espacetechnologie.ma\/ar\/wp-json\/wp\/v2\/media\/7457"}],"wp:attachment":[{"href":"https:\/\/espacetechnologie.ma\/ar\/wp-json\/wp\/v2\/media?parent=7458"}],"wp:term":[{"taxonomy":"product_brand","embeddable":true,"href":"https:\/\/espacetechnologie.ma\/ar\/wp-json\/wp\/v2\/product_brand?post=7458"},{"taxonomy":"product_cat","embeddable":true,"href":"https:\/\/espacetechnologie.ma\/ar\/wp-json\/wp\/v2\/product_cat?post=7458"},{"taxonomy":"product_tag","embeddable":true,"href":"https:\/\/espacetechnologie.ma\/ar\/wp-json\/wp\/v2\/product_tag?post=7458"}],"curies":[{"name":"wp","href":"https:\/\/api.w.org\/{rel}","templated":true}]}}