{"id":7432,"date":"2025-07-09T07:50:57","date_gmt":"2025-07-09T06:50:57","guid":{"rendered":"https:\/\/espacetechnologie.ma\/product\/batterie-lithium-ion-36v-70-ah-pour-scooter-electrique-hoverboard-monocycle\/"},"modified":"2025-08-02T13:20:34","modified_gmt":"2025-08-02T12:20:34","slug":"batterie-lithium-ion-36v-70-ah-pour-scooter-electrique-hoverboard-monocycle","status":"publish","type":"product","link":"https:\/\/espacetechnologie.ma\/ar\/product\/batterie-lithium-ion-36v-70-ah-pour-scooter-electrique-hoverboard-monocycle\/","title":{"rendered":"Batterie lithium-ion 36V, 7,0 AH pour scooter \u00e9lectrique, hoverboard, monocycle"},"content":{"rendered":"<p>Tension: 36V<br \/>\nCapacit\u00e9 PVC: 7000mAh<br \/>\nTension: 36V<br \/>\nCapacit\u00e9 PVC: \u00a07000mAh<br \/>\nTemps de cycle: environ 1000<br \/>\nBatteries au lithium-ion neuves, utilis\u00e9es pour scooter d&rsquo;\u00e9quilibre, scooter d&rsquo;\u00e9quilibrage intelligent \u00e0 deux roues.<br \/>\nDimension:135*75*58mm<br \/>\nEmballage: batteries UNIQUEMENT, scooter non inclus.<\/p>","protected":false},"excerpt":{"rendered":"<p>Description de l&rsquo;article<br \/>\nSc\u00e8ne applicable:<br \/>\nBatterie li-ion rechargeable 36V 33A pour scooter \u00e9lectrique \u00e0 \u00e9quilibrage automatique hoverboard monocycle<br \/>\nDescription:<br \/>\n3m. Temps de cycle: environ 1000<br \/>\n4. Batteries au lithium-ion neuves, utilis\u00e9es pour scooter d&rsquo;\u00e9quilibre, scooter d&rsquo;\u00e9quilibrage intelligent \u00e0 deux roues.<br \/>\n5.Dimension:135*75*58mm<br \/>\nEmballage: batteries UNIQUEMENT, scooter non inclus.<br \/>\nAttention:<br \/>\nLa surcharge et la d\u00e9charge excessive de la batterie ne sont pas autoris\u00e9es.<\/p>","protected":false},"featured_media":7431,"comment_status":"open","ping_status":"closed","template":"","meta":{"event_title":"","event_details":"","event_timezone":"","event_gmap":"","event_image":"","event_image_url":"","event_calendar_link":"","event_location":"","event_datetime_with_summary":"","event_datetime":"","event_date_type":"","event_rulesummary":"","event_ticket_rsvp":"","_gspb_post_css":""},"product_brand":[],"product_cat":[122,120],"product_tag":[],"class_list":{"0":"post-7432","1":"product","2":"type-product","3":"status-publish","4":"has-post-thumbnail","6":"product_cat-accessoires-trottinette","7":"product_cat-trottinette","9":"first","10":"instock","11":"sale","12":"shipping-taxable","13":"purchasable","14":"product-type-simple"},"jetpack_sharing_enabled":true,"_links":{"self":[{"href":"https:\/\/espacetechnologie.ma\/ar\/wp-json\/wp\/v2\/product\/7432","targetHints":{"allow":["GET"]}}],"collection":[{"href":"https:\/\/espacetechnologie.ma\/ar\/wp-json\/wp\/v2\/product"}],"about":[{"href":"https:\/\/espacetechnologie.ma\/ar\/wp-json\/wp\/v2\/types\/product"}],"replies":[{"embeddable":true,"href":"https:\/\/espacetechnologie.ma\/ar\/wp-json\/wp\/v2\/comments?post=7432"}],"wp:featuredmedia":[{"embeddable":true,"href":"https:\/\/espacetechnologie.ma\/ar\/wp-json\/wp\/v2\/media\/7431"}],"wp:attachment":[{"href":"https:\/\/espacetechnologie.ma\/ar\/wp-json\/wp\/v2\/media?parent=7432"}],"wp:term":[{"taxonomy":"product_brand","embeddable":true,"href":"https:\/\/espacetechnologie.ma\/ar\/wp-json\/wp\/v2\/product_brand?post=7432"},{"taxonomy":"product_cat","embeddable":true,"href":"https:\/\/espacetechnologie.ma\/ar\/wp-json\/wp\/v2\/product_cat?post=7432"},{"taxonomy":"product_tag","embeddable":true,"href":"https:\/\/espacetechnologie.ma\/ar\/wp-json\/wp\/v2\/product_tag?post=7432"}],"curies":[{"name":"wp","href":"https:\/\/api.w.org\/{rel}","templated":true}]}}