{"id":7423,"date":"2025-07-09T07:50:55","date_gmt":"2025-07-09T06:50:55","guid":{"rendered":"https:\/\/espacetechnologie.ma\/product\/bm-800-micro-a-condensateur-professionnel\/"},"modified":"2025-08-02T15:03:38","modified_gmt":"2025-08-02T14:03:38","slug":"bm-800-micro-a-condensateur-professionnel","status":"publish","type":"product","link":"https:\/\/espacetechnologie.ma\/ar\/product\/bm-800-micro-a-condensateur-professionnel\/","title":{"rendered":"BM-800 micro \u00e0 condensateur professionnel"},"content":{"rendered":"<p>Convient aux studios, studios d&rsquo;enregistrement, stations de radio, \u00e9missions publicitaires et ordinateurs.<br \/>\n\u00c9quip\u00e9 d&rsquo;un support anti-vibration en m\u00e9tal pour r\u00e9duire le bruit de fonctionnement, le couvercle en mousse anti-vent filtre davantage le bruit.<br \/>\nVibrez et envoyez un signal \u00e0 la sortie lorsqu&rsquo;elle est engag\u00e9e et frapp\u00e9e par des ondes sonores; Elle fournit une repr\u00e9sentation tr\u00e8s pr\u00e9cise et tr\u00e8s d\u00e9taill\u00e9e de ce qui joue.<br \/>\nLa large r\u00e9ponse en fr\u00e9quence en fait un microphone id\u00e9al pour capturer des voix, des guitares acoustiques et des pianos acoustiques.<br \/>\nSupport anti-choc en m\u00e9tal pour une plus grande durabilit\u00e9.<br \/>\nMat\u00e9riel: Alliage D&rsquo;aluminium<br \/>\nTension d&rsquo;entr\u00e9e: 5 ~ 9V<br \/>\nDirection:<br \/>\nFr\u00e9quence de r\u00e9ponse: 20 ~ 20KHz<br \/>\nSensibilit\u00e9:-34 dB \u00b1 2 dB(1 dB 0 dB = 1 V\/Pa)<br \/>\nR\u00e9sistance de sortie: 150Ohm +-30%(1KHz)<br \/>\nImp\u00e9dance de charge:>= 1000Ohm<br \/>\nNiveau sonore \u00e9quivalent: 16 db-a<br \/>\nTaille maximale: 132 dB(1kHz \u2264 1% T.H.D)<br \/>\nRapport Signal-bruit: 78 dB<br \/>\nPoids: 1380g\/48.68oz<\/p>","protected":false},"excerpt":{"rendered":"<p>Professionnel Bm 800 Studio enregistrement condensateur Microphone ensemble 3.5mm micro de bureau pour PC ordinateur enregistrement Studio diffusion<br \/>\nCaract\u00e9ristiques:<\/p>","protected":false},"featured_media":7422,"comment_status":"open","ping_status":"closed","template":"","meta":{"event_title":"","event_details":"","event_timezone":"","event_gmap":"","event_image":"","event_image_url":"","event_calendar_link":"","event_location":"","event_datetime_with_summary":"","event_datetime":"","event_date_type":"","event_rulesummary":"","event_ticket_rsvp":"","_gspb_post_css":""},"product_brand":[],"product_cat":[107,111],"product_tag":[],"class_list":{"0":"post-7423","1":"product","2":"type-product","3":"status-publish","4":"has-post-thumbnail","6":"product_cat-audio","7":"product_cat-microphones","9":"first","10":"instock","11":"sale","12":"shipping-taxable","13":"purchasable","14":"product-type-simple"},"jetpack_sharing_enabled":true,"_links":{"self":[{"href":"https:\/\/espacetechnologie.ma\/ar\/wp-json\/wp\/v2\/product\/7423","targetHints":{"allow":["GET"]}}],"collection":[{"href":"https:\/\/espacetechnologie.ma\/ar\/wp-json\/wp\/v2\/product"}],"about":[{"href":"https:\/\/espacetechnologie.ma\/ar\/wp-json\/wp\/v2\/types\/product"}],"replies":[{"embeddable":true,"href":"https:\/\/espacetechnologie.ma\/ar\/wp-json\/wp\/v2\/comments?post=7423"}],"wp:featuredmedia":[{"embeddable":true,"href":"https:\/\/espacetechnologie.ma\/ar\/wp-json\/wp\/v2\/media\/7422"}],"wp:attachment":[{"href":"https:\/\/espacetechnologie.ma\/ar\/wp-json\/wp\/v2\/media?parent=7423"}],"wp:term":[{"taxonomy":"product_brand","embeddable":true,"href":"https:\/\/espacetechnologie.ma\/ar\/wp-json\/wp\/v2\/product_brand?post=7423"},{"taxonomy":"product_cat","embeddable":true,"href":"https:\/\/espacetechnologie.ma\/ar\/wp-json\/wp\/v2\/product_cat?post=7423"},{"taxonomy":"product_tag","embeddable":true,"href":"https:\/\/espacetechnologie.ma\/ar\/wp-json\/wp\/v2\/product_tag?post=7423"}],"curies":[{"name":"wp","href":"https:\/\/api.w.org\/{rel}","templated":true}]}}