{"id":7418,"date":"2025-07-09T07:50:54","date_gmt":"2025-07-09T06:50:54","guid":{"rendered":"https:\/\/espacetechnologie.ma\/product\/microfone-filaire-3-5mm-pour-amplificateur-vocal\/"},"modified":"2025-08-03T07:28:03","modified_gmt":"2025-08-03T06:28:03","slug":"microfone-filaire-3-5mm-pour-amplificateur-vocal","status":"publish","type":"product","link":"https:\/\/espacetechnologie.ma\/ar\/product\/microfone-filaire-3-5mm-pour-amplificateur-vocal\/","title":{"rendered":"Microfone Filaire 3.5mm pour Amplificateur Vocal"},"content":{"rendered":"<p>Taille du micro: 6X5mm<br \/>\nSensibilit\u00e9: -52dB 3dB<br \/>\nDirectivit\u00e9: Tous<br \/>\nImp\u00e9dance: \u2264 2.2kohm<br \/>\nGamme de fr\u00e9quence: 100Hz-16KHz<br \/>\nSNR: >60dB<\/p>","protected":false},"excerpt":{"rendered":"<p>Taille du micro: 6X5mm Sensibilit\u00e9: -52dB 3dB Directivit\u00e9: Tous Imp\u00e9dance: \u2264 2.2kohm Gamme de fr\u00e9quence: 100Hz-16KHz SNR: >60dB<\/p>","protected":false},"featured_media":7417,"comment_status":"open","ping_status":"closed","template":"","meta":{"event_title":"","event_details":"","event_timezone":"","event_gmap":"","event_image":"","event_image_url":"","event_calendar_link":"","event_location":"","event_datetime_with_summary":"","event_datetime":"","event_date_type":"","event_rulesummary":"","event_ticket_rsvp":"","_gspb_post_css":""},"product_brand":[],"product_cat":[107,111],"product_tag":[],"class_list":{"0":"post-7418","1":"product","2":"type-product","3":"status-publish","4":"has-post-thumbnail","6":"product_cat-audio","7":"product_cat-microphones","9":"first","10":"instock","11":"sale","12":"shipping-taxable","13":"purchasable","14":"product-type-simple"},"jetpack_sharing_enabled":true,"_links":{"self":[{"href":"https:\/\/espacetechnologie.ma\/ar\/wp-json\/wp\/v2\/product\/7418","targetHints":{"allow":["GET"]}}],"collection":[{"href":"https:\/\/espacetechnologie.ma\/ar\/wp-json\/wp\/v2\/product"}],"about":[{"href":"https:\/\/espacetechnologie.ma\/ar\/wp-json\/wp\/v2\/types\/product"}],"replies":[{"embeddable":true,"href":"https:\/\/espacetechnologie.ma\/ar\/wp-json\/wp\/v2\/comments?post=7418"}],"wp:featuredmedia":[{"embeddable":true,"href":"https:\/\/espacetechnologie.ma\/ar\/wp-json\/wp\/v2\/media\/7417"}],"wp:attachment":[{"href":"https:\/\/espacetechnologie.ma\/ar\/wp-json\/wp\/v2\/media?parent=7418"}],"wp:term":[{"taxonomy":"product_brand","embeddable":true,"href":"https:\/\/espacetechnologie.ma\/ar\/wp-json\/wp\/v2\/product_brand?post=7418"},{"taxonomy":"product_cat","embeddable":true,"href":"https:\/\/espacetechnologie.ma\/ar\/wp-json\/wp\/v2\/product_cat?post=7418"},{"taxonomy":"product_tag","embeddable":true,"href":"https:\/\/espacetechnologie.ma\/ar\/wp-json\/wp\/v2\/product_tag?post=7418"}],"curies":[{"name":"wp","href":"https:\/\/api.w.org\/{rel}","templated":true}]}}