{"id":7413,"date":"2025-07-09T07:50:53","date_gmt":"2025-07-09T06:50:53","guid":{"rendered":"https:\/\/espacetechnologie.ma\/product\/detecteur-de-metaux-portable-haute-sensibilite-scanners-de-securite\/"},"modified":"2025-10-23T00:11:11","modified_gmt":"2025-10-22T23:11:11","slug":"detecteur-de-metaux-portable-haute-sensibilite-scanners-de-securite","status":"publish","type":"product","link":"https:\/\/espacetechnologie.ma\/ar\/product\/detecteur-de-metaux-portable-haute-sensibilite-scanners-de-securite\/","title":{"rendered":"D\u00e9tecteur de m\u00e9taux portable haute sensibilit\u00e9, scanners de s\u00e9curit\u00e9"},"content":{"rendered":"<p>Proteja-se e proteja os outros com um detector de metal port\u00e1til. Com essa ferramenta essential, voc\u00ea pode detectar a presen\u00e7a de objetos met\u00e1licos indesejados em ambientes diversos, como eventos, \u00e1reas p\u00fablicas e estabelecimentos. Mantenha-se um passo \u00e0 frente, evitando poss\u00edveis amea\u00e7as e garantindo a seguran\u00e7a de todos ao seu redor. N\u00e3o deixe a seguran\u00e7a ao acaso. Adquira um d\u00e9tecteur de m\u00e9tal port\u00e1til e tenha tranquilidade em qualquer situa\u00e7\u00e3o.<br \/>\nTipo: d\u00e9tecteur port\u00e1til<br \/>\nTamanho: 420mm * 95mm * 50mm<br \/>\nTens\u00e3o de opera\u00e7\u00e3o: 9V<br \/>\nMat\u00e9riel: ABS<br \/>\nCor preta<br \/>\nBatterie: 9V6F22<br \/>\nDimens\u00e3o total 410mm \u00d7 85mm \u00d7 45mm<br \/>\nAlimentation de marque Embalagem 6F22ND 9V (bateria alcalina)<br \/>\nMode de fonctionnement Alarme s\u00edncrono \u00f3ptico ac\u00fastico (s\u00edsmico)<br \/>\nO peso 420g<br \/>\nHeures d&rsquo;ouverture Estabilidade de trabalho cont\u00ednuo 40h<br \/>\nCapacit\u00e9 de d\u00e9tection 60mm<\/p>\n<p>Itens comprend:<br \/>\n1x D\u00e9tecteur de Metais\u00a0<br \/>\n1x manuel<\/p>","protected":false},"excerpt":{"rendered":"<p>Tipo: d\u00e9tecteur port\u00e1til<br \/>\nTamanho: 420mm * 95mm * 50mm<br \/>\nTens\u00e3o de opera\u00e7\u00e3o: 9V<br \/>\nMat\u00e9riel: ABS<br \/>\nCor preta<br \/>\nBatterie: 9V6F22<\/p>","protected":false},"featured_media":7412,"comment_status":"open","ping_status":"closed","template":"","meta":{"event_title":"","event_details":"","event_timezone":"","event_gmap":"","event_image":"","event_image_url":"","event_calendar_link":"","event_location":"","event_datetime_with_summary":"","event_datetime":"","event_date_type":"","event_rulesummary":"","event_ticket_rsvp":"","_gspb_post_css":""},"product_brand":[],"product_cat":[82],"product_tag":[],"class_list":{"0":"post-7413","1":"product","2":"type-product","3":"status-publish","4":"has-post-thumbnail","6":"product_cat-gadgets","8":"first","9":"instock","10":"sale","11":"featured","12":"shipping-taxable","13":"purchasable","14":"product-type-simple"},"jetpack_sharing_enabled":true,"_links":{"self":[{"href":"https:\/\/espacetechnologie.ma\/ar\/wp-json\/wp\/v2\/product\/7413","targetHints":{"allow":["GET"]}}],"collection":[{"href":"https:\/\/espacetechnologie.ma\/ar\/wp-json\/wp\/v2\/product"}],"about":[{"href":"https:\/\/espacetechnologie.ma\/ar\/wp-json\/wp\/v2\/types\/product"}],"replies":[{"embeddable":true,"href":"https:\/\/espacetechnologie.ma\/ar\/wp-json\/wp\/v2\/comments?post=7413"}],"wp:featuredmedia":[{"embeddable":true,"href":"https:\/\/espacetechnologie.ma\/ar\/wp-json\/wp\/v2\/media\/7412"}],"wp:attachment":[{"href":"https:\/\/espacetechnologie.ma\/ar\/wp-json\/wp\/v2\/media?parent=7413"}],"wp:term":[{"taxonomy":"product_brand","embeddable":true,"href":"https:\/\/espacetechnologie.ma\/ar\/wp-json\/wp\/v2\/product_brand?post=7413"},{"taxonomy":"product_cat","embeddable":true,"href":"https:\/\/espacetechnologie.ma\/ar\/wp-json\/wp\/v2\/product_cat?post=7413"},{"taxonomy":"product_tag","embeddable":true,"href":"https:\/\/espacetechnologie.ma\/ar\/wp-json\/wp\/v2\/product_tag?post=7413"}],"curies":[{"name":"wp","href":"https:\/\/api.w.org\/{rel}","templated":true}]}}