{"id":7402,"date":"2025-07-09T07:50:51","date_gmt":"2025-07-09T06:50:51","guid":{"rendered":"https:\/\/espacetechnologie.ma\/product\/%d9%85%d9%86%d8%a8%d9%87-%d8%af%d8%b1%d8%a7%d8%ac%d8%a9-%d9%83%d9%87%d8%b1%d8%a8%d8%a7%d8%a6%d9%8a%d8%a9-%d9%82%d8%a7%d8%a8%d9%84%d8%a9-%d9%84%d8%a5%d8%b9%d8%a7%d8%af%d8%a9-%d8%a7%d9%84%d8%b4\/"},"modified":"2025-10-23T00:11:33","modified_gmt":"2025-10-22T23:11:33","slug":"%d9%85%d9%86%d8%a8%d9%87-%d8%af%d8%b1%d8%a7%d8%ac%d8%a9-%d9%83%d9%87%d8%b1%d8%a8%d8%a7%d8%a6%d9%8a%d8%a9-%d9%82%d8%a7%d8%a8%d9%84%d8%a9-%d9%84%d8%a5%d8%b9%d8%a7%d8%af%d8%a9-%d8%a7%d9%84%d8%b4","status":"publish","type":"product","link":"https:\/\/espacetechnologie.ma\/ar\/product\/%d9%85%d9%86%d8%a8%d9%87-%d8%af%d8%b1%d8%a7%d8%ac%d8%a9-%d9%83%d9%87%d8%b1%d8%a8%d8%a7%d8%a6%d9%8a%d8%a9-%d9%82%d8%a7%d8%a8%d9%84%d8%a9-%d9%84%d8%a5%d8%b9%d8%a7%d8%af%d8%a9-%d8%a7%d9%84%d8%b4\/","title":{"rendered":"\u200e\u0645\u0646\u0628\u0647 \u062f\u0631\u0627\u062c\u0629 \u0643\u0647\u0631\u0628\u0627\u0626\u064a\u0629 \u0642\u0627\u0628\u0644\u0629 \u0644\u0625\u0639\u0627\u062f\u0629 \u0627\u0644\u0634\u062d\u0646 \u0628\u0635\u0648\u062a \u0639\u0627\u0644\u064d \u0644\u0644\u063a\u0627\u064a\u0629\/\u062f\u0631\u0627\u062c\u0629 \u0646\u0627\u0631\u064a\u0629\/\u0628\u0648\u0642 \u0633\u0643\u0648\u062a\u0631 4 \u0623\u0648\u0636\u0627\u0639"},"content":{"rendered":"<p>Nom: klaxon fort \u00e9lectronique<br \/>\nMati\u00e8re: plastique ABS<br \/>\nSon: quatre sonneries<br \/>\nVolume: 120 d\u00e9cibels<br \/>\nBatterie: 200mAh<br \/>\nTaille: 3.4*6CM<\/p>","protected":false},"excerpt":{"rendered":"<p>Nom: klaxon fort \u00e9lectronique Mati\u00e8re: plastique ABS Son: quatre sonneries Volume: 120 d\u00e9cibels Batterie: 200mAh Taille: 3.4*6CM<\/p>","protected":false},"featured_media":7401,"comment_status":"open","ping_status":"closed","template":"","meta":{"event_title":"","event_details":"","event_timezone":"","event_gmap":"","event_image":"","event_image_url":"","event_calendar_link":"","event_location":"","event_datetime_with_summary":"","event_datetime":"","event_date_type":"","event_rulesummary":"","event_ticket_rsvp":"","_gspb_post_css":""},"product_brand":[],"product_cat":[122,120],"product_tag":[],"class_list":{"0":"post-7402","1":"product","2":"type-product","3":"status-publish","4":"has-post-thumbnail","6":"product_cat-accessoires-trottinette","7":"product_cat-trottinette","9":"first","10":"instock","11":"sale","12":"featured","13":"shipping-taxable","14":"purchasable","15":"product-type-simple"},"jetpack_sharing_enabled":true,"_links":{"self":[{"href":"https:\/\/espacetechnologie.ma\/ar\/wp-json\/wp\/v2\/product\/7402","targetHints":{"allow":["GET"]}}],"collection":[{"href":"https:\/\/espacetechnologie.ma\/ar\/wp-json\/wp\/v2\/product"}],"about":[{"href":"https:\/\/espacetechnologie.ma\/ar\/wp-json\/wp\/v2\/types\/product"}],"replies":[{"embeddable":true,"href":"https:\/\/espacetechnologie.ma\/ar\/wp-json\/wp\/v2\/comments?post=7402"}],"wp:featuredmedia":[{"embeddable":true,"href":"https:\/\/espacetechnologie.ma\/ar\/wp-json\/wp\/v2\/media\/7401"}],"wp:attachment":[{"href":"https:\/\/espacetechnologie.ma\/ar\/wp-json\/wp\/v2\/media?parent=7402"}],"wp:term":[{"taxonomy":"product_brand","embeddable":true,"href":"https:\/\/espacetechnologie.ma\/ar\/wp-json\/wp\/v2\/product_brand?post=7402"},{"taxonomy":"product_cat","embeddable":true,"href":"https:\/\/espacetechnologie.ma\/ar\/wp-json\/wp\/v2\/product_cat?post=7402"},{"taxonomy":"product_tag","embeddable":true,"href":"https:\/\/espacetechnologie.ma\/ar\/wp-json\/wp\/v2\/product_tag?post=7402"}],"curies":[{"name":"wp","href":"https:\/\/api.w.org\/{rel}","templated":true}]}}