{"id":7388,"date":"2025-07-09T07:50:49","date_gmt":"2025-07-09T06:50:49","guid":{"rendered":"https:\/\/espacetechnologie.ma\/product\/pack-usb-microphone-de-studio-et-son-support-flexible-2\/"},"modified":"2025-08-02T14:53:01","modified_gmt":"2025-08-02T13:53:01","slug":"pack-usb-microphone-de-studio-et-son-support-flexible-2","status":"publish","type":"product","link":"https:\/\/espacetechnologie.ma\/ar\/product\/pack-usb-microphone-de-studio-et-son-support-flexible-2\/","title":{"rendered":"Pack USB Microphone de Studio et son Support Flexible"},"content":{"rendered":"<p>USB Microphone taux d&rsquo;\u00e9chantillonnage 192KHZ haute fr\u00e9quence enregistrement K chanson voix en direct Chat Microphone<br \/>\nCaract\u00e9ristique:<br \/>\n* 100% tout neuf, de haute qualit\u00e9, costume<br \/>\n* Ce microphone \u00e0 condensateur est con\u00e7u avec un jeu de puces audio professionnel, ce qui permet aux microphones USB de maintenir une r\u00e9solution d&rsquo;\u00e9chantillonnage \u00e9lev\u00e9e.<br \/>\n* Pr\u00eat \u00e0 l&#8217;emploi: le microphone dispose d&rsquo;un port de donn\u00e9es USB 2.0, qui peut \u00eatre facilement connect\u00e9 \u00e0 votre ordinateur et au syst\u00e8me d&rsquo;exploitation Linux, sans logiciel pilote suppl\u00e9mentaire, et sans carte son externe. Le c\u00e2ble USB \u00e0 Double blindage peut r\u00e9duire les interf\u00e9rences. De cette fa\u00e7on, vous pouvez facilement faire bon son dans les podcast, les \u00e9missions en direct, les appels vid\u00e9o, ou la plupart des autres types d&rsquo;enregistrements.<br \/>\n* Ce microphone \u00e0 condensateur professionnel peut capter un son clair. L&rsquo;aimant annulaire sur le c\u00e2ble du microphone USB poss\u00e8de une puissante fonction anti-interf\u00e9rence pour vous faire sentir mieux.<br \/>\n* Avec un filtre, le microphone \u00e0 condensateur peut enregistrer votre voix, le son est clair comme du cristal et l&rsquo;amortisseur peut stabiliser le microphone gr\u00e2ce \u00e0 la fonction d&rsquo;amortissement. Particuli\u00e8rement adapt\u00e9 \u00e0 la voix off vid\u00e9o; Podcast; Vid\u00e9os YouTube; Conf\u00e9rences skype, etc.<br \/>\n* Le microphone USB adopte un contr\u00f4le de circuit \u00e9lectronique de pr\u00e9cision, avec un bon ramassage directionnel cardio\u00efde et une sortie haute sensibilit\u00e9, une plage dynamique \u00e0 faible bruit et large, etc.<br \/>\nSp\u00e9cification:<br \/>\n* Mat\u00e9riel: M\u00e9tal<br \/>\n* Capsule: Capacitif<br \/>\n* R\u00e9ponse en fr\u00e9quence: 30Hz-20KHz<br \/>\n* Directivit\u00e9: pointage en forme de coeur<br \/>\n* Sensibilit\u00e9: 25mV\/Pa (-42dB \u00b1 2dB)<br \/>\n* Mode d&rsquo;alimentation: alimentation USB DC5V<br \/>\n* Compatible avec tous les syst\u00e8mes d&rsquo;exploitation: convient \u00e0 tous les ordinateurs portables, pc et t\u00e9l\u00e9phones mobiles. Cependant, si vous souhaitez connecter un t\u00e9l\u00e9phone portable, vous avez besoin d&rsquo;un adaptateur OTG (non inclus). Forte sortie, pas de distorsion, faible consommation d&rsquo;\u00e9nergie.<br \/>\nNote:<br \/>\n1. En raison du l\u00e9ger changement de couleur de la mesure manuelle et des diff\u00e9rents param\u00e8tres d&rsquo;affichage, veuillez permettre une diff\u00e9rence de 1-3cm.<br \/>\n2. En raison de la diff\u00e9rence de lumi\u00e8re et d&rsquo;\u00e9cran, la couleur r\u00e9elle du produit peut \u00eatre l\u00e9g\u00e8rement diff\u00e9rente de l&rsquo;image. S&rsquo;il vous pla\u00eet comprendre que.<br \/>\nDescription de l&#8217;emballage:<br \/>\n1 * Cantilever support<br \/>\n1 * filet de pr\u00e9vention des \u00e9ruptions<br \/>\n1 * c\u00e2ble audio du Microphone<br \/>\n1 * Base<br \/>\n1 * boule d&rsquo;\u00e9ponge<br \/>\n1 * Microphone<br \/>\n1 * Cantilever support<br \/>\n1 * filet de pr\u00e9vention des \u00e9ruptions<br \/>\n1 * c\u00e2ble audio du Microphone<br \/>\n1 * Base<br \/>\n1 * boule d&rsquo;\u00e9ponge<br \/>\n1 * Microphone<\/p>","protected":false},"excerpt":{"rendered":"<p>* Mat\u00e9riel: M\u00e9tal<br \/>\n* Capsule: Capacitif<br \/>\n* R\u00e9ponse en fr\u00e9quence: 30Hz-20KHz<br \/>\n* Directivit\u00e9: pointage en forme de coeur<br \/>\n* Sensibilit\u00e9: 25mV\/Pa (-42dB \u00b1 2dB)<br \/>\n* Mode d&rsquo;alimentation: alimentation USB DC5V<br \/>\n* Compatible avec tous les syst\u00e8mes d&rsquo;exploitation: convient \u00e0 tous les ordinateurs portables, pc et t\u00e9l\u00e9phones mobiles. Cependant, si vous souhaitez connecter un t\u00e9l\u00e9phone portable, vous avez besoin d&rsquo;un adaptateur OTG (non inclus). Forte sortie, pas de distorsion, faible consommation d&rsquo;\u00e9nergie.<\/p>","protected":false},"featured_media":7387,"comment_status":"open","ping_status":"closed","template":"","meta":{"event_title":"","event_details":"","event_timezone":"","event_gmap":"","event_image":"","event_image_url":"","event_calendar_link":"","event_location":"","event_datetime_with_summary":"","event_datetime":"","event_date_type":"","event_rulesummary":"","event_ticket_rsvp":"","_gspb_post_css":""},"product_brand":[],"product_cat":[107,111],"product_tag":[],"class_list":{"0":"post-7388","1":"product","2":"type-product","3":"status-publish","4":"has-post-thumbnail","6":"product_cat-audio","7":"product_cat-microphones","9":"first","10":"instock","11":"sale","12":"shipping-taxable","13":"purchasable","14":"product-type-simple"},"jetpack_sharing_enabled":true,"_links":{"self":[{"href":"https:\/\/espacetechnologie.ma\/ar\/wp-json\/wp\/v2\/product\/7388","targetHints":{"allow":["GET"]}}],"collection":[{"href":"https:\/\/espacetechnologie.ma\/ar\/wp-json\/wp\/v2\/product"}],"about":[{"href":"https:\/\/espacetechnologie.ma\/ar\/wp-json\/wp\/v2\/types\/product"}],"replies":[{"embeddable":true,"href":"https:\/\/espacetechnologie.ma\/ar\/wp-json\/wp\/v2\/comments?post=7388"}],"wp:featuredmedia":[{"embeddable":true,"href":"https:\/\/espacetechnologie.ma\/ar\/wp-json\/wp\/v2\/media\/7387"}],"wp:attachment":[{"href":"https:\/\/espacetechnologie.ma\/ar\/wp-json\/wp\/v2\/media?parent=7388"}],"wp:term":[{"taxonomy":"product_brand","embeddable":true,"href":"https:\/\/espacetechnologie.ma\/ar\/wp-json\/wp\/v2\/product_brand?post=7388"},{"taxonomy":"product_cat","embeddable":true,"href":"https:\/\/espacetechnologie.ma\/ar\/wp-json\/wp\/v2\/product_cat?post=7388"},{"taxonomy":"product_tag","embeddable":true,"href":"https:\/\/espacetechnologie.ma\/ar\/wp-json\/wp\/v2\/product_tag?post=7388"}],"curies":[{"name":"wp","href":"https:\/\/api.w.org\/{rel}","templated":true}]}}