{"id":7355,"date":"2025-07-09T07:50:42","date_gmt":"2025-07-09T06:50:42","guid":{"rendered":"https:\/\/espacetechnologie.ma\/product\/stylet-tactile-pour-telephone-portable-adaptable-sur-tablette-ios-android\/"},"modified":"2025-08-02T12:52:44","modified_gmt":"2025-08-02T11:52:44","slug":"stylet-tactile-pour-telephone-portable-adaptable-sur-tablette-ios-android","status":"publish","type":"product","link":"https:\/\/espacetechnologie.ma\/ar\/product\/stylet-tactile-pour-telephone-portable-adaptable-sur-tablette-ios-android\/","title":{"rendered":"Stylet tactile pour t\u00e9l\u00e9phone portable, adaptable sur tablette, iOS, Android"},"content":{"rendered":"<p>-Stylo tactile Caneta \u00e0 \u00e9cran capacitif pour tablette de           t\u00e9l\u00e9phone portable stylo intelligent<br \/>\n-Stylo capacitif actif de haute pr\u00e9cision<br \/>\n-Stylo de dessin \u00e0 Charge Micro USB<br \/>\n-Actif, sans interruption.<br \/>\n-Stylet pour dessiner sur Smartphone, \u00e9crire<br \/>\n-Stylet pour dessin de tablette, \u00e9criture<\/p>","protected":false},"excerpt":{"rendered":"<p>-Stylo tactile Caneta \u00e0 \u00e9cran capacitif pour tablette de t\u00e9l\u00e9phone portable stylo intelligent -Stylo capacitif actif de haute pr\u00e9cision -Stylo de dessin \u00e0 Charge Micro USB -Actif, sans interruption. -Stylet pour dessiner sur Smartphone, \u00e9crire -Stylet pour dessin de tablette, \u00e9criture<\/p>","protected":false},"featured_media":7354,"comment_status":"open","ping_status":"closed","template":"","meta":{"event_title":"","event_details":"","event_timezone":"","event_gmap":"","event_image":"","event_image_url":"","event_calendar_link":"","event_location":"","event_datetime_with_summary":"","event_datetime":"","event_date_type":"","event_rulesummary":"","event_ticket_rsvp":"","_gspb_post_css":""},"product_brand":[],"product_cat":[82],"product_tag":[],"class_list":{"0":"post-7355","1":"product","2":"type-product","3":"status-publish","4":"has-post-thumbnail","6":"product_cat-gadgets","8":"first","9":"instock","10":"sale","11":"shipping-taxable","12":"purchasable","13":"product-type-simple"},"jetpack_sharing_enabled":true,"_links":{"self":[{"href":"https:\/\/espacetechnologie.ma\/ar\/wp-json\/wp\/v2\/product\/7355","targetHints":{"allow":["GET"]}}],"collection":[{"href":"https:\/\/espacetechnologie.ma\/ar\/wp-json\/wp\/v2\/product"}],"about":[{"href":"https:\/\/espacetechnologie.ma\/ar\/wp-json\/wp\/v2\/types\/product"}],"replies":[{"embeddable":true,"href":"https:\/\/espacetechnologie.ma\/ar\/wp-json\/wp\/v2\/comments?post=7355"}],"wp:featuredmedia":[{"embeddable":true,"href":"https:\/\/espacetechnologie.ma\/ar\/wp-json\/wp\/v2\/media\/7354"}],"wp:attachment":[{"href":"https:\/\/espacetechnologie.ma\/ar\/wp-json\/wp\/v2\/media?parent=7355"}],"wp:term":[{"taxonomy":"product_brand","embeddable":true,"href":"https:\/\/espacetechnologie.ma\/ar\/wp-json\/wp\/v2\/product_brand?post=7355"},{"taxonomy":"product_cat","embeddable":true,"href":"https:\/\/espacetechnologie.ma\/ar\/wp-json\/wp\/v2\/product_cat?post=7355"},{"taxonomy":"product_tag","embeddable":true,"href":"https:\/\/espacetechnologie.ma\/ar\/wp-json\/wp\/v2\/product_tag?post=7355"}],"curies":[{"name":"wp","href":"https:\/\/api.w.org\/{rel}","templated":true}]}}