{"id":7345,"date":"2025-07-09T07:50:41","date_gmt":"2025-07-09T06:50:41","guid":{"rendered":"https:\/\/espacetechnologie.ma\/product\/yesido-compresseur-dair-electrique-rechargeable-pour-voiture\/"},"modified":"2025-10-23T00:11:55","modified_gmt":"2025-10-22T23:11:55","slug":"yesido-compresseur-dair-electrique-rechargeable-pour-voiture","status":"publish","type":"product","link":"https:\/\/espacetechnologie.ma\/ar\/product\/yesido-compresseur-dair-electrique-rechargeable-pour-voiture\/","title":{"rendered":"Yesido Compresseur d&rsquo;air \u00e9lectrique Rechargeable pour voiture"},"content":{"rendered":"<p>Description de l&rsquo;article<br \/>\nLe paquet comprend: 1 pi\u00e8ce de gonfleur de pneu<br \/>\nLe produit sera constamment mis \u00e0 niveau, l&rsquo;apparence et la couleur peuvent \u00eatre modifi\u00e9es, ne vous inqui\u00e9tez pas. Et prenez une consid\u00e9ration avant de passer la commande si vous avez une demande de couleur ou d&rsquo;apparence.<br \/>\nNom du produit: Pompe \u00e0 air de voiture sans fil<br \/>\nMod\u00e8le de produit: VCO4<br \/>\nMat\u00e9riau du produit: ABS + PC<br \/>\nTension: DC7.4V<br \/>\nCapacit\u00e9 de la batterie: 4000MAH<br \/>\nType-C Entrez 5V = 2A<br \/>\nPuissance: 50W<br \/>\nTemps de travail: Dure 20 minutes<br \/>\nPression maximale de travail: 150PSI<br \/>\nPlage de pression: 3-150PSI<\/p>","protected":false},"excerpt":{"rendered":"<p>Nom du produit: Pompe \u00e0 air de voiture sans fil<br \/>\nMod\u00e8le de produit: VCO4<br \/>\nMat\u00e9riau du produit: ABS + PC<br \/>\nTension: DC7.4V<br \/>\nCapacit\u00e9 de la batterie: 4000MAH<br \/>\nType-C Entrez 5V = 2A<br \/>\nPuissance: 50W<br \/>\nTemps de travail: Dure 20 minutes<br \/>\nPression maximale de travail: 150PSI<br \/>\nPlage de pression: 3-150PSI<\/p>","protected":false},"featured_media":7344,"comment_status":"open","ping_status":"closed","template":"","meta":{"event_title":"","event_details":"","event_timezone":"","event_gmap":"","event_image":"","event_image_url":"","event_calendar_link":"","event_location":"","event_datetime_with_summary":"","event_datetime":"","event_date_type":"","event_rulesummary":"","event_ticket_rsvp":"","_gspb_post_css":""},"product_brand":[],"product_cat":[114,113],"product_tag":[],"class_list":{"0":"post-7345","1":"product","2":"type-product","3":"status-publish","4":"has-post-thumbnail","6":"product_cat-accessoires-voiture","7":"product_cat-voiture-moto","9":"first","10":"instock","11":"sale","12":"featured","13":"shipping-taxable","14":"purchasable","15":"product-type-simple"},"jetpack_sharing_enabled":true,"_links":{"self":[{"href":"https:\/\/espacetechnologie.ma\/ar\/wp-json\/wp\/v2\/product\/7345","targetHints":{"allow":["GET"]}}],"collection":[{"href":"https:\/\/espacetechnologie.ma\/ar\/wp-json\/wp\/v2\/product"}],"about":[{"href":"https:\/\/espacetechnologie.ma\/ar\/wp-json\/wp\/v2\/types\/product"}],"replies":[{"embeddable":true,"href":"https:\/\/espacetechnologie.ma\/ar\/wp-json\/wp\/v2\/comments?post=7345"}],"wp:featuredmedia":[{"embeddable":true,"href":"https:\/\/espacetechnologie.ma\/ar\/wp-json\/wp\/v2\/media\/7344"}],"wp:attachment":[{"href":"https:\/\/espacetechnologie.ma\/ar\/wp-json\/wp\/v2\/media?parent=7345"}],"wp:term":[{"taxonomy":"product_brand","embeddable":true,"href":"https:\/\/espacetechnologie.ma\/ar\/wp-json\/wp\/v2\/product_brand?post=7345"},{"taxonomy":"product_cat","embeddable":true,"href":"https:\/\/espacetechnologie.ma\/ar\/wp-json\/wp\/v2\/product_cat?post=7345"},{"taxonomy":"product_tag","embeddable":true,"href":"https:\/\/espacetechnologie.ma\/ar\/wp-json\/wp\/v2\/product_tag?post=7345"}],"curies":[{"name":"wp","href":"https:\/\/api.w.org\/{rel}","templated":true}]}}