{"id":7329,"date":"2025-07-09T07:50:38","date_gmt":"2025-07-09T06:50:38","guid":{"rendered":"https:\/\/espacetechnologie.ma\/product\/controller-pubg-l1-r1-trigger-button-pour-les-smartphone\/"},"modified":"2025-08-03T07:33:18","modified_gmt":"2025-08-03T06:33:18","slug":"controller-pubg-l1-r1-trigger-button-pour-les-smartphone","status":"publish","type":"product","link":"https:\/\/espacetechnologie.ma\/ar\/product\/controller-pubg-l1-r1-trigger-button-pour-les-smartphone\/","title":{"rendered":"Controller PUBG L1\/R1 Trigger Button pour les smartphone"},"content":{"rendered":"<p>L\u00e9ger et portable<br \/>\nExtensible et r\u00e9glable<br \/>\nPoign\u00e9e de jeu non inclus<br \/>\nLongtemps en utilisant le temps<br \/>\nPoids du produit: 20g<br \/>\nTaille: 50mm * 35mm * 30mm\/1.96*1.37*1.18\u00a0\u00bb<br \/>\nCompatible mod\u00e8le:<br \/>\nPour iPhone X\/XS\/XS MAX\/XR\/8\/8 Plus ect.<br \/>\nPour Samsung Galaxy S10 5G\/S10\/S10 Plus\/S10e ect.<br \/>\nPour Huawei \/P30\/P30 Pro<br \/>\nPour Google Pixel<br \/>\nPour OnePlus 7\/7 Pro<br \/>\nEct.<\/p>","protected":false},"excerpt":{"rendered":"<p>L\u00e9ger et portable Extensible et r\u00e9glable Poign\u00e9e de jeu non inclus Longtemps en utilisant le temps Poids du produit: 20g Taille: 50mm * 35mm * 30mm\/1.96*1.37*1.18\u00a0\u00bb Compatible mod\u00e8le: Pour iPhone X\/XS\/XS MAX\/XR\/8\/8 Plus ect. Pour Samsung Galaxy S10 5G\/S10\/S10 Plus\/S10e ect. Pour Huawei \/P30\/P30 Pro Pour Google Pixel Pour OnePlus 7\/7 Pro Ect.<\/p>","protected":false},"featured_media":7328,"comment_status":"open","ping_status":"closed","template":"","meta":{"event_title":"","event_details":"","event_timezone":"","event_gmap":"","event_image":"","event_image_url":"","event_calendar_link":"","event_location":"","event_datetime_with_summary":"","event_datetime":"","event_date_type":"","event_rulesummary":"","event_ticket_rsvp":"","_gspb_post_css":""},"product_brand":[],"product_cat":[90,129,84],"product_tag":[],"class_list":{"0":"post-7329","1":"product","2":"type-product","3":"status-publish","4":"has-post-thumbnail","6":"product_cat-autres-accessoires-smartphone","7":"product_cat-gaming","8":"product_cat-smartphone","10":"first","11":"instock","12":"sale","13":"shipping-taxable","14":"purchasable","15":"product-type-simple"},"jetpack_sharing_enabled":true,"_links":{"self":[{"href":"https:\/\/espacetechnologie.ma\/ar\/wp-json\/wp\/v2\/product\/7329","targetHints":{"allow":["GET"]}}],"collection":[{"href":"https:\/\/espacetechnologie.ma\/ar\/wp-json\/wp\/v2\/product"}],"about":[{"href":"https:\/\/espacetechnologie.ma\/ar\/wp-json\/wp\/v2\/types\/product"}],"replies":[{"embeddable":true,"href":"https:\/\/espacetechnologie.ma\/ar\/wp-json\/wp\/v2\/comments?post=7329"}],"wp:featuredmedia":[{"embeddable":true,"href":"https:\/\/espacetechnologie.ma\/ar\/wp-json\/wp\/v2\/media\/7328"}],"wp:attachment":[{"href":"https:\/\/espacetechnologie.ma\/ar\/wp-json\/wp\/v2\/media?parent=7329"}],"wp:term":[{"taxonomy":"product_brand","embeddable":true,"href":"https:\/\/espacetechnologie.ma\/ar\/wp-json\/wp\/v2\/product_brand?post=7329"},{"taxonomy":"product_cat","embeddable":true,"href":"https:\/\/espacetechnologie.ma\/ar\/wp-json\/wp\/v2\/product_cat?post=7329"},{"taxonomy":"product_tag","embeddable":true,"href":"https:\/\/espacetechnologie.ma\/ar\/wp-json\/wp\/v2\/product_tag?post=7329"}],"curies":[{"name":"wp","href":"https:\/\/api.w.org\/{rel}","templated":true}]}}