{"id":7317,"date":"2025-07-09T06:47:44","date_gmt":"2025-07-09T05:47:44","guid":{"rendered":"https:\/\/espacetechnologie.ma\/product\/feux-de-conduite-avant-universel-pour-moto\/"},"modified":"2025-10-23T00:12:10","modified_gmt":"2025-10-22T23:12:10","slug":"feux-de-conduite-avant-universel-pour-moto","status":"publish","type":"product","link":"https:\/\/espacetechnologie.ma\/ar\/product\/feux-de-conduite-avant-universel-pour-moto\/","title":{"rendered":"Feux de conduite avant universel pour moto"},"content":{"rendered":"<p>Type: Lumi\u00e8re auxiliaire LED<br \/>\nPuissance: 40W<br \/>\nTension: 9-30V<br \/>\nTemp\u00e9rature de couleur: 6000-6500K<br \/>\nCouleur du bo\u00eetier: Noir<br \/>\n\u00c9tanche: ip67<\/p>","protected":false},"excerpt":{"rendered":"<p>Type: Lumi\u00e8re auxiliaire LED Puissance: 40W Tension: 9-30V Temp\u00e9rature de couleur: 6000-6500K Couleur du bo\u00eetier: Noir \u00c9tanche: ip67<\/p>","protected":false},"featured_media":7316,"comment_status":"open","ping_status":"closed","template":"","meta":{"event_title":"","event_details":"","event_timezone":"","event_gmap":"","event_image":"","event_image_url":"","event_calendar_link":"","event_location":"","event_datetime_with_summary":"","event_datetime":"","event_date_type":"","event_rulesummary":"","event_ticket_rsvp":"","_gspb_post_css":""},"product_brand":[],"product_cat":[115,113],"product_tag":[],"class_list":{"0":"post-7317","1":"product","2":"type-product","3":"status-publish","4":"has-post-thumbnail","6":"product_cat-accessoires-moto","7":"product_cat-voiture-moto","9":"first","10":"instock","11":"sale","12":"featured","13":"shipping-taxable","14":"purchasable","15":"product-type-simple"},"jetpack_sharing_enabled":true,"_links":{"self":[{"href":"https:\/\/espacetechnologie.ma\/ar\/wp-json\/wp\/v2\/product\/7317","targetHints":{"allow":["GET"]}}],"collection":[{"href":"https:\/\/espacetechnologie.ma\/ar\/wp-json\/wp\/v2\/product"}],"about":[{"href":"https:\/\/espacetechnologie.ma\/ar\/wp-json\/wp\/v2\/types\/product"}],"replies":[{"embeddable":true,"href":"https:\/\/espacetechnologie.ma\/ar\/wp-json\/wp\/v2\/comments?post=7317"}],"wp:featuredmedia":[{"embeddable":true,"href":"https:\/\/espacetechnologie.ma\/ar\/wp-json\/wp\/v2\/media\/7316"}],"wp:attachment":[{"href":"https:\/\/espacetechnologie.ma\/ar\/wp-json\/wp\/v2\/media?parent=7317"}],"wp:term":[{"taxonomy":"product_brand","embeddable":true,"href":"https:\/\/espacetechnologie.ma\/ar\/wp-json\/wp\/v2\/product_brand?post=7317"},{"taxonomy":"product_cat","embeddable":true,"href":"https:\/\/espacetechnologie.ma\/ar\/wp-json\/wp\/v2\/product_cat?post=7317"},{"taxonomy":"product_tag","embeddable":true,"href":"https:\/\/espacetechnologie.ma\/ar\/wp-json\/wp\/v2\/product_tag?post=7317"}],"curies":[{"name":"wp","href":"https:\/\/api.w.org\/{rel}","templated":true}]}}