{"id":7313,"date":"2025-07-09T06:47:44","date_gmt":"2025-07-09T05:47:44","guid":{"rendered":"https:\/\/espacetechnologie.ma\/product\/ecouteurs-magnetiques-sans-fil-doux-et-confortables\/"},"modified":"2025-08-03T07:08:10","modified_gmt":"2025-08-03T06:08:10","slug":"ecouteurs-magnetiques-sans-fil-doux-et-confortables","status":"publish","type":"product","link":"https:\/\/espacetechnologie.ma\/ar\/product\/ecouteurs-magnetiques-sans-fil-doux-et-confortables\/","title":{"rendered":"\u00c9couteurs magn\u00e9tiques sans fil, doux et confortables,"},"content":{"rendered":"<p>T\u00e9l\u00e9phone\/musique commutation rapide<br \/>\nCou suspendu \u00e0 double contr\u00f4leur, contr\u00f4le de ligne avec microphone, appel clair et sans bruit<br \/>\nLes \u00e9couteurs sont confortables \u00e0 porter<br \/>\nMettez les \u00e9couteurs fermement sans glisser, ne vous fait pas mal aux oreilles si vous les portez longtemps.<br \/>\nSport Bluetooth \u00c9couteurs<br \/>\nMouvement sans retenue, fonctionnement plus libre.<br \/>\n\u00c9coutez de la musique pendant 16 heures<br \/>\nLe casque ne se noue pas<br \/>\nFonction magn\u00e9tique intelligente et puissante des deux c\u00f4t\u00e9s du casque.<\/p>","protected":false},"excerpt":{"rendered":"<p>1. Mat\u00e9riau: ABS + silicone<br \/>\n2. Bluetooth 5.0<br \/>\n3. Capacit\u00e9 de la batterie:140mAh,charge pendant environ 1.5 heures<br \/>\n4. Temps de conversation\/musique: 6 heures<br \/>\n5, style de cou suspendu, conception en silicone douce pour la peau<br \/>\n6. Commutateur vocal rapide: lorsqu&rsquo;il n&rsquo;est pas connect\u00e9, double-cliquez sur le bouton multifonction et il y aura un bip<\/p>","protected":false},"featured_media":7312,"comment_status":"open","ping_status":"closed","template":"","meta":{"event_title":"","event_details":"","event_timezone":"","event_gmap":"","event_image":"","event_image_url":"","event_calendar_link":"","event_location":"","event_datetime_with_summary":"","event_datetime":"","event_date_type":"","event_rulesummary":"","event_ticket_rsvp":"","_gspb_post_css":""},"product_brand":[],"product_cat":[107,109],"product_tag":[],"class_list":{"0":"post-7313","1":"product","2":"type-product","3":"status-publish","4":"has-post-thumbnail","6":"product_cat-audio","7":"product_cat-ecouteurs-sans-fil","9":"first","10":"instock","11":"sale","12":"shipping-taxable","13":"purchasable","14":"product-type-simple"},"jetpack_sharing_enabled":true,"_links":{"self":[{"href":"https:\/\/espacetechnologie.ma\/ar\/wp-json\/wp\/v2\/product\/7313","targetHints":{"allow":["GET"]}}],"collection":[{"href":"https:\/\/espacetechnologie.ma\/ar\/wp-json\/wp\/v2\/product"}],"about":[{"href":"https:\/\/espacetechnologie.ma\/ar\/wp-json\/wp\/v2\/types\/product"}],"replies":[{"embeddable":true,"href":"https:\/\/espacetechnologie.ma\/ar\/wp-json\/wp\/v2\/comments?post=7313"}],"wp:featuredmedia":[{"embeddable":true,"href":"https:\/\/espacetechnologie.ma\/ar\/wp-json\/wp\/v2\/media\/7312"}],"wp:attachment":[{"href":"https:\/\/espacetechnologie.ma\/ar\/wp-json\/wp\/v2\/media?parent=7313"}],"wp:term":[{"taxonomy":"product_brand","embeddable":true,"href":"https:\/\/espacetechnologie.ma\/ar\/wp-json\/wp\/v2\/product_brand?post=7313"},{"taxonomy":"product_cat","embeddable":true,"href":"https:\/\/espacetechnologie.ma\/ar\/wp-json\/wp\/v2\/product_cat?post=7313"},{"taxonomy":"product_tag","embeddable":true,"href":"https:\/\/espacetechnologie.ma\/ar\/wp-json\/wp\/v2\/product_tag?post=7313"}],"curies":[{"name":"wp","href":"https:\/\/api.w.org\/{rel}","templated":true}]}}