{"id":7296,"date":"2025-07-09T06:47:41","date_gmt":"2025-07-09T05:47:41","guid":{"rendered":"https:\/\/espacetechnologie.ma\/product\/%d8%b4%d8%a7%d8%ad%d9%86-%d8%a8%d8%b7%d8%a7%d8%b1%d9%8a%d8%a9-%d8%b4%d8%a7%d8%b1%d9%88%d8%b1-%d8%ad%d8%ac%d8%b1%d8%a9%d8%8c-%d9%84%d9%8a%d8%ab%d9%8a%d9%88%d9%85%d8%8c-4-%d8%a3%d9%85%d8%a7%d9%83%d9%86\/"},"modified":"2025-08-02T12:52:41","modified_gmt":"2025-08-02T11:52:41","slug":"%d8%b4%d8%a7%d8%ad%d9%86-%d8%a8%d8%b7%d8%a7%d8%b1%d9%8a%d8%a9-%d8%b4%d8%a7%d8%b1%d9%88%d8%b1-%d8%ad%d8%ac%d8%b1%d8%a9%d8%8c-%d9%84%d9%8a%d8%ab%d9%8a%d9%88%d9%85%d8%8c-4-%d8%a3%d9%85%d8%a7%d9%83%d9%86","status":"publish","type":"product","link":"https:\/\/espacetechnologie.ma\/ar\/product\/%d8%b4%d8%a7%d8%ad%d9%86-%d8%a8%d8%b7%d8%a7%d8%b1%d9%8a%d8%a9-%d8%b4%d8%a7%d8%b1%d9%88%d8%b1-%d8%ad%d8%ac%d8%b1%d8%a9%d8%8c-%d9%84%d9%8a%d8%ab%d9%8a%d9%88%d9%85%d8%8c-4-%d8%a3%d9%85%d8%a7%d9%83%d9%86\/","title":{"rendered":"\u0634\u0627\u062d\u0646 \u0628\u0637\u0627\u0631\u064a\u0629 \u0634\u0627\u0631\u0648\u0631 \u062d\u062c\u0631\u0629\u060c \u0644\u064a\u062b\u064a\u0648\u0645\u060c 4 \u0623\u0645\u0627\u0643\u0646 USB"},"content":{"rendered":"<p>Tension d&rsquo;entr\u00e9e: DC5V<br \/>\nTension de sortie 4.2V<br \/>\nCourant d&rsquo;entr\u00e9e: 1-3A<br \/>\nCourant de sortie: 1000mA<br \/>\nType d&rsquo;interface: USB<br \/>\nCaract\u00e9ristiques: universel, s\u00fbr, charge rapide<br \/>\nD\u00e9tails de taille:11.7cm x 8.9cm x 3cm\/4.61 <\/p>","protected":false},"excerpt":{"rendered":"<p>Tension d&rsquo;entr\u00e9e: DC5V Tension de sortie 4.2V Courant d&rsquo;entr\u00e9e: 1-3A Courant de sortie: 1000mA Type d&rsquo;interface: USB Caract\u00e9ristiques: universel, s\u00fbr, charge rapide D\u00e9tails de taille:11.7cm x 8.9cm x 3cm\/4.61<\/p>","protected":false},"featured_media":7295,"comment_status":"open","ping_status":"closed","template":"","meta":{"event_title":"","event_details":"","event_timezone":"","event_gmap":"","event_image":"","event_image_url":"","event_calendar_link":"","event_location":"","event_datetime_with_summary":"","event_datetime":"","event_date_type":"","event_rulesummary":"","event_ticket_rsvp":"","_gspb_post_css":""},"product_brand":[],"product_cat":[82],"product_tag":[],"class_list":{"0":"post-7296","1":"product","2":"type-product","3":"status-publish","4":"has-post-thumbnail","6":"product_cat-gadgets","8":"first","9":"instock","10":"sale","11":"shipping-taxable","12":"purchasable","13":"product-type-simple"},"jetpack_sharing_enabled":true,"_links":{"self":[{"href":"https:\/\/espacetechnologie.ma\/ar\/wp-json\/wp\/v2\/product\/7296","targetHints":{"allow":["GET"]}}],"collection":[{"href":"https:\/\/espacetechnologie.ma\/ar\/wp-json\/wp\/v2\/product"}],"about":[{"href":"https:\/\/espacetechnologie.ma\/ar\/wp-json\/wp\/v2\/types\/product"}],"replies":[{"embeddable":true,"href":"https:\/\/espacetechnologie.ma\/ar\/wp-json\/wp\/v2\/comments?post=7296"}],"wp:featuredmedia":[{"embeddable":true,"href":"https:\/\/espacetechnologie.ma\/ar\/wp-json\/wp\/v2\/media\/7295"}],"wp:attachment":[{"href":"https:\/\/espacetechnologie.ma\/ar\/wp-json\/wp\/v2\/media?parent=7296"}],"wp:term":[{"taxonomy":"product_brand","embeddable":true,"href":"https:\/\/espacetechnologie.ma\/ar\/wp-json\/wp\/v2\/product_brand?post=7296"},{"taxonomy":"product_cat","embeddable":true,"href":"https:\/\/espacetechnologie.ma\/ar\/wp-json\/wp\/v2\/product_cat?post=7296"},{"taxonomy":"product_tag","embeddable":true,"href":"https:\/\/espacetechnologie.ma\/ar\/wp-json\/wp\/v2\/product_tag?post=7296"}],"curies":[{"name":"wp","href":"https:\/\/api.w.org\/{rel}","templated":true}]}}