{"id":7280,"date":"2025-07-09T06:47:38","date_gmt":"2025-07-09T05:47:38","guid":{"rendered":"https:\/\/espacetechnologie.ma\/product\/%d8%b4%d8%a7%d8%ad%d9%86-%d8%b3%d8%b1%d9%8a%d8%b9-iphone-13-pro-max-20w-mains-usb-c\/"},"modified":"2025-08-03T07:33:32","modified_gmt":"2025-08-03T06:33:32","slug":"%d8%b4%d8%a7%d8%ad%d9%86-%d8%b3%d8%b1%d9%8a%d8%b9-iphone-13-pro-max-20w-mains-usb-c","status":"publish","type":"product","link":"https:\/\/espacetechnologie.ma\/ar\/product\/%d8%b4%d8%a7%d8%ad%d9%86-%d8%b3%d8%b1%d9%8a%d8%b9-iphone-13-pro-max-20w-mains-usb-c\/","title":{"rendered":"\u0634\u0627\u062d\u0646 \u0633\u0631\u064a\u0639 iPhone 13 pro max 20W Mains USB-C"},"content":{"rendered":"<p>Adaptateur de secteur USB-C de 20 w<br \/>\nC\u00e2ble USB-C vers Appel Lightning de 1 m de long<br \/>\nCouleur: Blanc<br \/>\nAdapt\u00e9\u00a0\u00e0 la charge Rapide<br \/>\nPack : Prise + CableCouleur : BlancCompatible avec les iPhone iPhone 7 Plus \/iPhone 8 \/ iPhone 8 Plus \/ iPhone XR \/ iPhone XS Max \/ iPhone 11 \/ iPhone 11 PRO \/ iPhone 11 PRO MAX \/ iPhone 12 \/ iPhone 12 PRO.<br \/>\nPuce intelligente, courant de correspondance Intelligent:Adaptation de la sortie requise appropri\u00e9e selon diff\u00e9rents appareils, charge efficace et s\u00fbre.<\/p>","protected":false},"excerpt":{"rendered":"<p>Adaptateur de secteur USB-C de 20 w C\u00e2ble USB-C vers Appel Lightning de 1 m de long Couleur: Blanc Adapt\u00e9\u00a0\u00e0 la charge Rapide Pack : Prise + CableCouleur : BlancCompatible avec les iPhone iPhone 7 Plus \/iPhone 8 \/ iPhone 8 Plus \/ iPhone XR \/ iPhone XS Max \/ iPhone 11 \/ iPhone 11 [&hellip;]<\/p>\n","protected":false},"featured_media":7279,"comment_status":"open","ping_status":"closed","template":"","meta":{"event_title":"","event_details":"","event_timezone":"","event_gmap":"","event_image":"","event_image_url":"","event_calendar_link":"","event_location":"","event_datetime_with_summary":"","event_datetime":"","event_date_type":"","event_rulesummary":"","event_ticket_rsvp":"","_gspb_post_css":""},"product_brand":[],"product_cat":[85,84],"product_tag":[],"class_list":{"0":"post-7280","1":"product","2":"type-product","3":"status-publish","4":"has-post-thumbnail","6":"product_cat-chargeurs-telephone","7":"product_cat-smartphone","9":"first","10":"instock","11":"sale","12":"shipping-taxable","13":"purchasable","14":"product-type-simple"},"jetpack_sharing_enabled":true,"_links":{"self":[{"href":"https:\/\/espacetechnologie.ma\/ar\/wp-json\/wp\/v2\/product\/7280","targetHints":{"allow":["GET"]}}],"collection":[{"href":"https:\/\/espacetechnologie.ma\/ar\/wp-json\/wp\/v2\/product"}],"about":[{"href":"https:\/\/espacetechnologie.ma\/ar\/wp-json\/wp\/v2\/types\/product"}],"replies":[{"embeddable":true,"href":"https:\/\/espacetechnologie.ma\/ar\/wp-json\/wp\/v2\/comments?post=7280"}],"wp:featuredmedia":[{"embeddable":true,"href":"https:\/\/espacetechnologie.ma\/ar\/wp-json\/wp\/v2\/media\/7279"}],"wp:attachment":[{"href":"https:\/\/espacetechnologie.ma\/ar\/wp-json\/wp\/v2\/media?parent=7280"}],"wp:term":[{"taxonomy":"product_brand","embeddable":true,"href":"https:\/\/espacetechnologie.ma\/ar\/wp-json\/wp\/v2\/product_brand?post=7280"},{"taxonomy":"product_cat","embeddable":true,"href":"https:\/\/espacetechnologie.ma\/ar\/wp-json\/wp\/v2\/product_cat?post=7280"},{"taxonomy":"product_tag","embeddable":true,"href":"https:\/\/espacetechnologie.ma\/ar\/wp-json\/wp\/v2\/product_tag?post=7280"}],"curies":[{"name":"wp","href":"https:\/\/api.w.org\/{rel}","templated":true}]}}