{"id":7272,"date":"2025-07-09T06:47:36","date_gmt":"2025-07-09T05:47:36","guid":{"rendered":"https:\/\/espacetechnologie.ma\/product\/support-%d8%ad%d8%a7%d9%85%d9%84-%d9%87%d8%a7%d8%aa%d9%81-%d8%a7%d9%84%d8%b3%d9%8a%d8%a7%d8%b1%d8%a9-%d9%85%d8%aa%d8%b9%d8%af%d8%af-%d8%a7%d9%84%d9%88%d8%b8%d8%a7%d8%a6%d9%81-%d9%84%d9%85%d8%b1%d8%a2\/"},"modified":"2025-08-03T07:35:03","modified_gmt":"2025-08-03T06:35:03","slug":"support-%d8%ad%d8%a7%d9%85%d9%84-%d9%87%d8%a7%d8%aa%d9%81-%d8%a7%d9%84%d8%b3%d9%8a%d8%a7%d8%b1%d8%a9-%d9%85%d8%aa%d8%b9%d8%af%d8%af-%d8%a7%d9%84%d9%88%d8%b8%d8%a7%d8%a6%d9%81-%d9%84%d9%85%d8%b1%d8%a2","status":"publish","type":"product","link":"https:\/\/espacetechnologie.ma\/ar\/product\/support-%d8%ad%d8%a7%d9%85%d9%84-%d9%87%d8%a7%d8%aa%d9%81-%d8%a7%d9%84%d8%b3%d9%8a%d8%a7%d8%b1%d8%a9-%d9%85%d8%aa%d8%b9%d8%af%d8%af-%d8%a7%d9%84%d9%88%d8%b8%d8%a7%d8%a6%d9%81-%d9%84%d9%85%d8%b1%d8%a2\/","title":{"rendered":"Support \u062d\u0627\u0645\u0644 \u0647\u0627\u062a\u0641 \u0627\u0644\u0633\u064a\u0627\u0631\u0629 \u0645\u062a\u0639\u062f\u062f \u0627\u0644\u0648\u0638\u0627\u0626\u0641 \u0644\u0645\u0631\u0622\u0629 \u0627\u0644\u0631\u0624\u064a\u0629 \u0627\u0644\u062e\u0644\u0641\u064a\u0629 \u060c \u0642\u0627\u0628\u0644 \u0644\u0644\u062f\u0648\u0631\u0627\u0646 360 \u062f\u0631\u062c\u0629"},"content":{"rendered":"<p>Application: r\u00e9troviseur de voiture, si\u00e8ge, cuisine, chambre, table, armoire<br \/>\n1: support de t\u00e9l\u00e9phone de voiture<br \/>\n2: support de clip de suspension<br \/>\n3: support de t\u00e9l\u00e9phone de voiture<br \/>\n4: support de t\u00e9l\u00e9phone portable pour voiture<\/p>","protected":false},"excerpt":{"rendered":"<p>Application: r\u00e9troviseur de voiture, si\u00e8ge, cuisine, chambre, table, armoire 1: support de t\u00e9l\u00e9phone de voiture 2: support de clip de suspension 3: support de t\u00e9l\u00e9phone de voiture 4: support de t\u00e9l\u00e9phone portable pour voiture<\/p>","protected":false},"featured_media":7271,"comment_status":"open","ping_status":"closed","template":"","meta":{"event_title":"","event_details":"","event_timezone":"","event_gmap":"","event_image":"","event_image_url":"","event_calendar_link":"","event_location":"","event_datetime_with_summary":"","event_datetime":"","event_date_type":"","event_rulesummary":"","event_ticket_rsvp":"","_gspb_post_css":""},"product_brand":[],"product_cat":[114,90,84,113],"product_tag":[],"class_list":{"0":"post-7272","1":"product","2":"type-product","3":"status-publish","4":"has-post-thumbnail","6":"product_cat-accessoires-voiture","7":"product_cat-autres-accessoires-smartphone","8":"product_cat-smartphone","9":"product_cat-voiture-moto","11":"first","12":"instock","13":"sale","14":"shipping-taxable","15":"purchasable","16":"product-type-simple"},"jetpack_sharing_enabled":true,"_links":{"self":[{"href":"https:\/\/espacetechnologie.ma\/ar\/wp-json\/wp\/v2\/product\/7272","targetHints":{"allow":["GET"]}}],"collection":[{"href":"https:\/\/espacetechnologie.ma\/ar\/wp-json\/wp\/v2\/product"}],"about":[{"href":"https:\/\/espacetechnologie.ma\/ar\/wp-json\/wp\/v2\/types\/product"}],"replies":[{"embeddable":true,"href":"https:\/\/espacetechnologie.ma\/ar\/wp-json\/wp\/v2\/comments?post=7272"}],"wp:featuredmedia":[{"embeddable":true,"href":"https:\/\/espacetechnologie.ma\/ar\/wp-json\/wp\/v2\/media\/7271"}],"wp:attachment":[{"href":"https:\/\/espacetechnologie.ma\/ar\/wp-json\/wp\/v2\/media?parent=7272"}],"wp:term":[{"taxonomy":"product_brand","embeddable":true,"href":"https:\/\/espacetechnologie.ma\/ar\/wp-json\/wp\/v2\/product_brand?post=7272"},{"taxonomy":"product_cat","embeddable":true,"href":"https:\/\/espacetechnologie.ma\/ar\/wp-json\/wp\/v2\/product_cat?post=7272"},{"taxonomy":"product_tag","embeddable":true,"href":"https:\/\/espacetechnologie.ma\/ar\/wp-json\/wp\/v2\/product_tag?post=7272"}],"curies":[{"name":"wp","href":"https:\/\/api.w.org\/{rel}","templated":true}]}}