{"id":7264,"date":"2025-07-09T06:47:34","date_gmt":"2025-07-09T05:47:34","guid":{"rendered":"https:\/\/espacetechnologie.ma\/product\/%d9%83%d8%a7%d8%a8%d9%84-hdmi-2-1-8k-%d8%8c-%d8%b0%d9%83%d8%b1-8k-60hz-%d8%8c-%d9%8a%d8%af%d8%b9%d9%85-earc-%d8%8c-hdr10-%d8%8c-vrr-%d8%8c-dolby-%d8%8c-hdcp-2-2-2-3\/"},"modified":"2025-08-02T15:26:42","modified_gmt":"2025-08-02T14:26:42","slug":"%d9%83%d8%a7%d8%a8%d9%84-hdmi-2-1-8k-%d8%8c-%d8%b0%d9%83%d8%b1-8k-60hz-%d8%8c-%d9%8a%d8%af%d8%b9%d9%85-earc-%d8%8c-hdr10-%d8%8c-vrr-%d8%8c-dolby-%d8%8c-hdcp-2-2-2-3","status":"publish","type":"product","link":"https:\/\/espacetechnologie.ma\/ar\/product\/%d9%83%d8%a7%d8%a8%d9%84-hdmi-2-1-8k-%d8%8c-%d8%b0%d9%83%d8%b1-8k-60hz-%d8%8c-%d9%8a%d8%af%d8%b9%d9%85-earc-%d8%8c-hdr10-%d8%8c-vrr-%d8%8c-dolby-%d8%8c-hdcp-2-2-2-3\/","title":{"rendered":"\u0643\u0627\u0628\u0644 HDMI 2.1 8K \u060c \u0630\u0643\u0631 8K @ 60Hz \u060c \u064a\u062f\u0639\u0645 eARC \u060c HDR10 + \u060c VRR \u060c Dolby \u060c HDCP 2.2 \/ 2.3"},"content":{"rendered":"<p>Nom de produit: C\u00e2ble 8K HDMI 2.1<br \/>\nLongueur du c\u00e2ble HDMI :\u00a0 3m \/ 5m, vous pouvez choissir une des longueurs que vous avez besoin.<br \/>\nVitesse de transmission: 48 Gbps<br \/>\n8K@60 Hz: prend en charge des r\u00e9solutions jusqu&rsquo;\u00e0 7680*4320P, 4 fois rapide et claire que 1080p, supporte encore 4K@120Hz.<br \/>\nMati\u00e8re de haute qualit\u00e9: Connecteur plaqu\u00e9 or 24K + Coque en alliage de zinc + Fil en nylon tress\u00e9 durable<br \/>\nMode d&rsquo;utilisation: Brancher et utiliser, aucun adaptateur requis<br \/>\nTrois modes: mode de miroir, mode \u00e9tendu, mode de jeu<br \/>\nTransmission d&rsquo;audio et d&rsquo;image synchrone:<br \/>\nLa haute r\u00e9solutions prend en charge le taux de rafra\u00eechissement variable (VRR) pour que l&rsquo;affichage et le GPU changent la fr\u00e9quence d&rsquo;images de mani\u00e8re synchrone, il vous offre une exp\u00e9rience excellent de profiter de la vision HD.<\/p>","protected":false},"excerpt":{"rendered":"<p>Nom de produit: C\u00e2ble 8K HDMI 2.1 Longueur du c\u00e2ble HDMI :\u00a0 3m \/ 5m, vous pouvez choissir une des longueurs que vous avez besoin. Vitesse de transmission: 48 Gbps 8K@60 Hz: prend en charge des r\u00e9solutions jusqu&rsquo;\u00e0 7680*4320P, 4 fois rapide et claire que 1080p, supporte encore 4K@120Hz. Mati\u00e8re de haute qualit\u00e9: Connecteur plaqu\u00e9 [&hellip;]<\/p>\n","protected":false},"featured_media":7263,"comment_status":"open","ping_status":"closed","template":"","meta":{"event_title":"","event_details":"","event_timezone":"","event_gmap":"","event_image":"","event_image_url":"","event_calendar_link":"","event_location":"","event_datetime_with_summary":"","event_datetime":"","event_date_type":"","event_rulesummary":"","event_ticket_rsvp":"","_gspb_post_css":""},"product_brand":[],"product_cat":[124,123],"product_tag":[],"class_list":{"0":"post-7264","1":"product","2":"type-product","3":"status-publish","4":"has-post-thumbnail","6":"product_cat-cables-tv","7":"product_cat-tv","9":"first","10":"instock","11":"sale","12":"shipping-taxable","13":"purchasable","14":"product-type-simple"},"jetpack_sharing_enabled":true,"_links":{"self":[{"href":"https:\/\/espacetechnologie.ma\/ar\/wp-json\/wp\/v2\/product\/7264","targetHints":{"allow":["GET"]}}],"collection":[{"href":"https:\/\/espacetechnologie.ma\/ar\/wp-json\/wp\/v2\/product"}],"about":[{"href":"https:\/\/espacetechnologie.ma\/ar\/wp-json\/wp\/v2\/types\/product"}],"replies":[{"embeddable":true,"href":"https:\/\/espacetechnologie.ma\/ar\/wp-json\/wp\/v2\/comments?post=7264"}],"wp:featuredmedia":[{"embeddable":true,"href":"https:\/\/espacetechnologie.ma\/ar\/wp-json\/wp\/v2\/media\/7263"}],"wp:attachment":[{"href":"https:\/\/espacetechnologie.ma\/ar\/wp-json\/wp\/v2\/media?parent=7264"}],"wp:term":[{"taxonomy":"product_brand","embeddable":true,"href":"https:\/\/espacetechnologie.ma\/ar\/wp-json\/wp\/v2\/product_brand?post=7264"},{"taxonomy":"product_cat","embeddable":true,"href":"https:\/\/espacetechnologie.ma\/ar\/wp-json\/wp\/v2\/product_cat?post=7264"},{"taxonomy":"product_tag","embeddable":true,"href":"https:\/\/espacetechnologie.ma\/ar\/wp-json\/wp\/v2\/product_tag?post=7264"}],"curies":[{"name":"wp","href":"https:\/\/api.w.org\/{rel}","templated":true}]}}