{"id":7244,"date":"2025-07-09T06:47:31","date_gmt":"2025-07-09T05:47:31","guid":{"rendered":"https:\/\/espacetechnologie.ma\/product\/%d9%85%d9%83%d9%8a%d9%81-%d9%87%d9%88%d8%a7%d8%a1-%d8%a7%d9%84%d8%ba%d8%b1%d9%81%d8%a9-%d8%8c-%d9%85%d8%a8%d8%b1%d8%af-%d9%87%d9%88%d8%a7%d8%a1-%d8%8c-%d9%85%d8%b1%d9%88%d8%ad%d8%a9-%d8%a7%d9%84%d9%85\/"},"modified":"2025-08-03T06:46:13","modified_gmt":"2025-08-03T05:46:13","slug":"%d9%85%d9%83%d9%8a%d9%81-%d9%87%d9%88%d8%a7%d8%a1-%d8%a7%d9%84%d8%ba%d8%b1%d9%81%d8%a9-%d8%8c-%d9%85%d8%a8%d8%b1%d8%af-%d9%87%d9%88%d8%a7%d8%a1-%d8%8c-%d9%85%d8%b1%d9%88%d8%ad%d8%a9-%d8%a7%d9%84%d9%85","status":"publish","type":"product","link":"https:\/\/espacetechnologie.ma\/ar\/product\/%d9%85%d9%83%d9%8a%d9%81-%d9%87%d9%88%d8%a7%d8%a1-%d8%a7%d9%84%d8%ba%d8%b1%d9%81%d8%a9-%d8%8c-%d9%85%d8%a8%d8%b1%d8%af-%d9%87%d9%88%d8%a7%d8%a1-%d8%8c-%d9%85%d8%b1%d9%88%d8%ad%d8%a9-%d8%a7%d9%84%d9%85\/","title":{"rendered":"\u0645\u0643\u064a\u0641 \u0647\u0648\u0627\u0621 \u0627\u0644\u063a\u0631\u0641\u0629 \u060c \u0645\u0628\u0631\u062f \u0647\u0648\u0627\u0621 \u060c \u0645\u0631\u0648\u062d\u0629 \u0627\u0644\u0645\u0643\u062a\u0628 \u0644\u062a\u0644\u0637\u064a\u0641 \u0627\u0644\u062c\u0648"},"content":{"rendered":"<p>Description de l&rsquo;article:<br \/>\nClimatiseur portable de bureau, nouvelle mise \u00e0<br \/>\nniveau, refroidisseur d&rsquo;humidification,<br \/>\nventilateur de refroidissement, Mini climatiseur<br \/>\n\u00e9olien de voyage en plein air<br \/>\nMini ventilateur de refroidissement par \u00e9vaporation Portable<br \/>\npour l&rsquo;ext\u00e9rieur, climatiseur de vent<br \/>\nSp\u00e9cifications:<br \/>\nLe refroidisseur d&rsquo;air sur la tasse d&rsquo;accompagnement adopte<br \/>\nun nouveau syst\u00e8me de ventilateur turbo, et il y a quatre<br \/>\nradiateurs activ\u00e9s \u00e0 l&rsquo;int\u00e9rieur, qui permettent \u00e0 l&rsquo;air froid ou<br \/>\n\u00e0 l&rsquo;air chaud de circuler efficacement, et cr\u00e9er facilement une<br \/>\nbasse temp\u00e9rature ou une haute temp\u00e9rature<br \/>\nRemplissez la tasse de glace ou chauffez le radiateur selon<br \/>\nvos besoins.<br \/>\nAllumez et \u00e9teignez simplement le flux d&rsquo;air lorsque vous<br \/>\ndevez refroidir ou r\u00e9chauffer.<br \/>\nAvec une poign\u00e9e, il est facile \u00e0 emporter.<\/p>","protected":false},"excerpt":{"rendered":"<p>Nom de l&rsquo;article: r\u00e9chauffeur d&rsquo;air et refroidisseur<br \/>\nMat\u00e9riau: ABS + PC Polycarbon Plus Silica Sel + composants<br \/>\n\u00e9lectroniques + acier inoxydable 304<br \/>\nAlimentation: 3 piles AA (non incluses)<br \/>\nCapacit\u00e9: 500ml &#8211; 1000ml<br \/>\nCaract\u00e9ristiques: Portable, pratique, facile \u00e0 utiliser,<br \/>\nclimatiseur<br \/>\nTaille: hauteur: 27cm\/10.63 &lsquo;(environ)<br \/>\nDiam\u00e8tre: 8cm\/3.15 <\/p>","protected":false},"featured_media":7243,"comment_status":"open","ping_status":"closed","template":"","meta":{"event_title":"","event_details":"","event_timezone":"","event_gmap":"","event_image":"","event_image_url":"","event_calendar_link":"","event_location":"","event_datetime_with_summary":"","event_datetime":"","event_date_type":"","event_rulesummary":"","event_ticket_rsvp":"","_gspb_post_css":""},"product_brand":[],"product_cat":[82,130],"product_tag":[],"class_list":{"0":"post-7244","1":"product","2":"type-product","3":"status-publish","4":"has-post-thumbnail","6":"product_cat-gadgets","7":"product_cat-maison","9":"first","10":"instock","11":"shipping-taxable","12":"purchasable","13":"product-type-simple"},"jetpack_sharing_enabled":true,"_links":{"self":[{"href":"https:\/\/espacetechnologie.ma\/ar\/wp-json\/wp\/v2\/product\/7244","targetHints":{"allow":["GET"]}}],"collection":[{"href":"https:\/\/espacetechnologie.ma\/ar\/wp-json\/wp\/v2\/product"}],"about":[{"href":"https:\/\/espacetechnologie.ma\/ar\/wp-json\/wp\/v2\/types\/product"}],"replies":[{"embeddable":true,"href":"https:\/\/espacetechnologie.ma\/ar\/wp-json\/wp\/v2\/comments?post=7244"}],"wp:featuredmedia":[{"embeddable":true,"href":"https:\/\/espacetechnologie.ma\/ar\/wp-json\/wp\/v2\/media\/7243"}],"wp:attachment":[{"href":"https:\/\/espacetechnologie.ma\/ar\/wp-json\/wp\/v2\/media?parent=7244"}],"wp:term":[{"taxonomy":"product_brand","embeddable":true,"href":"https:\/\/espacetechnologie.ma\/ar\/wp-json\/wp\/v2\/product_brand?post=7244"},{"taxonomy":"product_cat","embeddable":true,"href":"https:\/\/espacetechnologie.ma\/ar\/wp-json\/wp\/v2\/product_cat?post=7244"},{"taxonomy":"product_tag","embeddable":true,"href":"https:\/\/espacetechnologie.ma\/ar\/wp-json\/wp\/v2\/product_tag?post=7244"}],"curies":[{"name":"wp","href":"https:\/\/api.w.org\/{rel}","templated":true}]}}